{"id":46926,"date":"2022-12-26T17:54:06","date_gmt":"2022-12-26T16:54:06","guid":{"rendered":"https:\/\/www.ateti.pt\/loja\/?post_type=product&#038;p=46926"},"modified":"2024-02-19T11:15:49","modified_gmt":"2024-02-19T11:15:49","slug":"polpa-de-manga-amanhecer-450g","status":"publish","type":"product","link":"https:\/\/www.ateti.pt\/loja\/produto\/polpa-de-manga-amanhecer-450g\/","title":{"rendered":"Polpa de Manga 450g Amanhecer"},"content":{"rendered":"<p><strong>Polpa de Manga Amanhecer<\/strong><\/p>\n<p><strong>Quantidade:<\/strong> 450g<\/p>\n<p><em>Origem: \u00cdndia<\/em><\/p>\n<p><strong>Ingredientes:\u00a0<\/strong>Manga (alphonso) 90%, a\u00e7\u00facar, \u00e1gua e regulador de acidez (\u00e1cido c\u00edtrico).<\/p>\n<p><strong>Declara\u00e7\u00e3o Nutricional (por 100g):\u00a0<\/strong>Energia: 401kj\/95kcal; L\u00edpidos: 0,4g; dos quais Saturados: 0g; Hidratos de Carbono: 21,3g; dos quais A\u00e7\u00facares: 21,3g; Fibra: 2g; Prote\u00ednas: 0,5g; Sal: &lt;0,1g.<\/p>\n","protected":false},"excerpt":{"rendered":"<p>6,42\u20ac\/L<\/p>\n","protected":false},"featured_media":61546,"comment_status":"closed","ping_status":"closed","template":"","meta":{"_themeisle_gutenberg_block_has_review":false},"product_brand":[],"product_cat":[25,144,199,132],"product_tag":[],"woo-feed-brand":[],"class_list":{"0":"post-46926","1":"product","2":"type-product","3":"status-publish","4":"has-post-thumbnail","6":"product_cat-chocolates","7":"product_cat-chocolates-biscoitos-e-cereais","8":"product_cat-frascos-e-latas","9":"product_cat-mercearia","10":"ts_product_brand-amanhecer","12":"first","13":"instock","14":"taxable","15":"shipping-taxable","16":"purchasable","17":"product-type-simple"},"_links":{"self":[{"href":"https:\/\/www.ateti.pt\/loja\/wp-json\/wp\/v2\/product\/46926","targetHints":{"allow":["GET"]}}],"collection":[{"href":"https:\/\/www.ateti.pt\/loja\/wp-json\/wp\/v2\/product"}],"about":[{"href":"https:\/\/www.ateti.pt\/loja\/wp-json\/wp\/v2\/types\/product"}],"replies":[{"embeddable":true,"href":"https:\/\/www.ateti.pt\/loja\/wp-json\/wp\/v2\/comments?post=46926"}],"wp:featuredmedia":[{"embeddable":true,"href":"https:\/\/www.ateti.pt\/loja\/wp-json\/wp\/v2\/media\/61546"}],"wp:attachment":[{"href":"https:\/\/www.ateti.pt\/loja\/wp-json\/wp\/v2\/media?parent=46926"}],"wp:term":[{"taxonomy":"product_brand","embeddable":true,"href":"https:\/\/www.ateti.pt\/loja\/wp-json\/wp\/v2\/product_brand?post=46926"},{"taxonomy":"product_cat","embeddable":true,"href":"https:\/\/www.ateti.pt\/loja\/wp-json\/wp\/v2\/product_cat?post=46926"},{"taxonomy":"product_tag","embeddable":true,"href":"https:\/\/www.ateti.pt\/loja\/wp-json\/wp\/v2\/product_tag?post=46926"},{"taxonomy":"woo-feed-brand","embeddable":true,"href":"https:\/\/www.ateti.pt\/loja\/wp-json\/wp\/v2\/woo-feed-brand?post=46926"}],"curies":[{"name":"wp","href":"https:\/\/api.w.org\/{rel}","templated":true}]}}