{"id":46920,"date":"2022-12-26T17:31:42","date_gmt":"2022-12-26T16:31:42","guid":{"rendered":"https:\/\/www.ateti.pt\/loja\/?post_type=product&#038;p=46920"},"modified":"2026-05-13T14:42:10","modified_gmt":"2026-05-13T13:42:10","slug":"azeite-virgem-extra-saquetas-120x7ml-paladin","status":"publish","type":"product","link":"https:\/\/www.ateti.pt\/loja\/produto\/azeite-virgem-extra-saquetas-120x7ml-paladin\/","title":{"rendered":"Azeite Virgem Extra Saquetas 120x7ml Paladin"},"content":{"rendered":"<p><strong>Azeite Virgem Extra Saquetas Paladin<\/strong><\/p>\n<p><strong>Quantidade:\u00a0<\/strong>120 saquetas<\/p>\n<p><em>Azeite de categoria superior obtido diretamente de azeitonas, unicamente por processos mec\u00e2nicos.<\/em><\/p>\n<p><em>Acidez m\u00e1xima: 0,8%<\/em><\/p>\n<p><strong>Declara\u00e7\u00e3o Nutricional (por 100ml):\u00a0<\/strong>Energia: 3378kj\/822kcal; L\u00edpidos: 91g; dos quais Saturados: 14g; Hidratos de Carbono: 0g; dos quais A\u00e7\u00facares: 0g; Prote\u00ednas: 0g; Sal: 0g.<\/p>\n","protected":false},"excerpt":{"rendered":"<p>0,11\u20ac\/un<\/p>\n","protected":false},"featured_media":46961,"comment_status":"closed","ping_status":"closed","template":"","meta":{"_themeisle_gutenberg_block_has_review":false},"product_brand":[],"product_cat":[691,156,891,132,174],"product_tag":[],"woo-feed-brand":[],"class_list":{"0":"post-46920","1":"product","2":"type-product","3":"status-publish","4":"has-post-thumbnail","6":"product_cat-azeites-oleos","7":"product_cat-azeiteseoleos","8":"product_cat-iva-zero","9":"product_cat-mercearia","10":"product_cat-temperos-e-molhos","11":"ts_product_brand-paladin","13":"first","14":"instock","15":"taxable","16":"shipping-taxable","17":"purchasable","18":"product-type-simple"},"_links":{"self":[{"href":"https:\/\/www.ateti.pt\/loja\/wp-json\/wp\/v2\/product\/46920","targetHints":{"allow":["GET"]}}],"collection":[{"href":"https:\/\/www.ateti.pt\/loja\/wp-json\/wp\/v2\/product"}],"about":[{"href":"https:\/\/www.ateti.pt\/loja\/wp-json\/wp\/v2\/types\/product"}],"replies":[{"embeddable":true,"href":"https:\/\/www.ateti.pt\/loja\/wp-json\/wp\/v2\/comments?post=46920"}],"wp:featuredmedia":[{"embeddable":true,"href":"https:\/\/www.ateti.pt\/loja\/wp-json\/wp\/v2\/media\/46961"}],"wp:attachment":[{"href":"https:\/\/www.ateti.pt\/loja\/wp-json\/wp\/v2\/media?parent=46920"}],"wp:term":[{"taxonomy":"product_brand","embeddable":true,"href":"https:\/\/www.ateti.pt\/loja\/wp-json\/wp\/v2\/product_brand?post=46920"},{"taxonomy":"product_cat","embeddable":true,"href":"https:\/\/www.ateti.pt\/loja\/wp-json\/wp\/v2\/product_cat?post=46920"},{"taxonomy":"product_tag","embeddable":true,"href":"https:\/\/www.ateti.pt\/loja\/wp-json\/wp\/v2\/product_tag?post=46920"},{"taxonomy":"woo-feed-brand","embeddable":true,"href":"https:\/\/www.ateti.pt\/loja\/wp-json\/wp\/v2\/woo-feed-brand?post=46920"}],"curies":[{"name":"wp","href":"https:\/\/api.w.org\/{rel}","templated":true}]}}