{"id":46841,"date":"2022-12-22T11:10:04","date_gmt":"2022-12-22T10:10:04","guid":{"rendered":"https:\/\/www.ateti.pt\/loja\/?post_type=product&#038;p=46841"},"modified":"2024-02-19T11:18:00","modified_gmt":"2024-02-19T11:18:00","slug":"folha-aluminio-amanhecer-30m","status":"publish","type":"product","link":"https:\/\/www.ateti.pt\/loja\/produto\/folha-aluminio-amanhecer-30m\/","title":{"rendered":"Folha Alum\u00ednio 30m Amanhecer"},"content":{"rendered":"<p><strong>Folha Alum\u00ednio Amanhecer<\/strong><\/p>\n<p><strong>Quantidade: <\/strong>30m<\/p>\n<p><strong>Modo de utiliza\u00e7\u00e3o:\u00a0<\/strong>Manter o rolo de folha de alum\u00ednio na caixa e desenrolar; Cortar a por\u00e7\u00e3o de alum\u00ednio desejada. Deixar uma ponta de alum\u00ednio no exterior da embalagem para facilitar uma futura utiliza\u00e7\u00e3o.<\/p>\n<p><em>A folha de alum\u00ednio Amanhecer \u00e9 ideal para: congelar, manter, assar, cobrir superf\u00edcies ou embrulhar alimentos.<\/em><\/p>\n<p><strong>Precau\u00e7\u00f5es:\u00a0<\/strong>Evite que a folha de alum\u00ednio entre em contacto com alimentos salgados ou \u00e1cidos (lim\u00e3o, tomate, sal, etc.). N\u00e3o utilizar em aparelhos micro-ondas. Manter fora do alcance das crian\u00e7as.<\/p>\n<p>Veja mais em\u00a0<a href=\"https:\/\/www.ateti.pt\/loja\/categoria\/higiene-e-limpeza\/acessorios-de-cozinha-casa-de-banho\/\">Acess\u00f3rios de Cozinha<\/a><\/p>\n","protected":false},"excerpt":{"rendered":"<p>3,19\u20ac\/un<\/p>\n","protected":false},"featured_media":61549,"comment_status":"closed","ping_status":"closed","template":"","meta":{"_themeisle_gutenberg_block_has_review":false},"product_brand":[],"product_cat":[192,190],"product_tag":[593],"woo-feed-brand":[],"class_list":{"0":"post-46841","1":"product","2":"type-product","3":"status-publish","4":"has-post-thumbnail","6":"product_cat-acessorios-de-cozinha-casa-de-banho","7":"product_cat-desinfetantes-e-limpeza","8":"product_tag-novidades","9":"ts_product_brand-amanhecer","11":"first","12":"instock","13":"taxable","14":"shipping-taxable","15":"purchasable","16":"product-type-simple"},"_links":{"self":[{"href":"https:\/\/www.ateti.pt\/loja\/wp-json\/wp\/v2\/product\/46841","targetHints":{"allow":["GET"]}}],"collection":[{"href":"https:\/\/www.ateti.pt\/loja\/wp-json\/wp\/v2\/product"}],"about":[{"href":"https:\/\/www.ateti.pt\/loja\/wp-json\/wp\/v2\/types\/product"}],"replies":[{"embeddable":true,"href":"https:\/\/www.ateti.pt\/loja\/wp-json\/wp\/v2\/comments?post=46841"}],"wp:featuredmedia":[{"embeddable":true,"href":"https:\/\/www.ateti.pt\/loja\/wp-json\/wp\/v2\/media\/61549"}],"wp:attachment":[{"href":"https:\/\/www.ateti.pt\/loja\/wp-json\/wp\/v2\/media?parent=46841"}],"wp:term":[{"taxonomy":"product_brand","embeddable":true,"href":"https:\/\/www.ateti.pt\/loja\/wp-json\/wp\/v2\/product_brand?post=46841"},{"taxonomy":"product_cat","embeddable":true,"href":"https:\/\/www.ateti.pt\/loja\/wp-json\/wp\/v2\/product_cat?post=46841"},{"taxonomy":"product_tag","embeddable":true,"href":"https:\/\/www.ateti.pt\/loja\/wp-json\/wp\/v2\/product_tag?post=46841"},{"taxonomy":"woo-feed-brand","embeddable":true,"href":"https:\/\/www.ateti.pt\/loja\/wp-json\/wp\/v2\/woo-feed-brand?post=46841"}],"curies":[{"name":"wp","href":"https:\/\/api.w.org\/{rel}","templated":true}]}}