{"id":46839,"date":"2022-12-22T10:56:37","date_gmt":"2022-12-22T09:56:37","guid":{"rendered":"https:\/\/www.ateti.pt\/loja\/?post_type=product&#038;p=46839"},"modified":"2025-05-12T10:59:52","modified_gmt":"2025-05-12T09:59:52","slug":"esfregao-fibra-azul-salva-unhas-amanhecer-3un","status":"publish","type":"product","link":"https:\/\/www.ateti.pt\/loja\/produto\/esfregao-fibra-azul-salva-unhas-amanhecer-3un\/","title":{"rendered":"Esfreg\u00e3o Fibra Azul Salva Unhas 3un Amanhecer"},"content":{"rendered":"<p><strong>Esfreg\u00e3o Fibra Azul Salva Unhas Amanhecer<\/strong><\/p>\n<p><strong>Quantidade: <\/strong>3un<\/p>\n<p><em>Esfreg\u00e3o esponja, salva unhas, fibra azul, n\u00e3o risca<\/em><\/p>\n<p><strong>Composi\u00e7\u00e3o:\u00a0<\/strong>Fibra azul, espuma de poliuretano.<\/p>\n<p><strong>Armazenamento:\u00a0<\/strong>Pode ser desinfetado com lix\u00edvia dilu\u00edda ou com \u00e1gua a ferver. Guardar em local fresco.<\/p>\n<p><strong>Modo de utiliza\u00e7\u00e3o:\u00a0<\/strong>Humedecer o produto antes de cada utiliza\u00e7\u00e3o.<\/p>\n<p><em>Pode ser utilizado em superf\u00edcies delicadas, como teflon, vitrocer\u00e2mica, copos de vidro, etc.<\/em><\/p>\n<p>Veja mais produtos em\u00a0<a href=\"https:\/\/www.ateti.pt\/loja\/categoria\/higiene-e-limpeza\/acessorios-de-cozinha-casa-de-banho\/\">Higiene &amp; Limpeza<\/a><\/p>\n","protected":false},"excerpt":{"rendered":"<p>0,33\u20ac\/un<\/p>\n","protected":false},"featured_media":61547,"comment_status":"closed","ping_status":"closed","template":"","meta":{"_themeisle_gutenberg_block_has_review":false},"product_brand":[],"product_cat":[209,190,204],"product_tag":[593],"woo-feed-brand":[],"class_list":{"0":"post-46839","1":"product","2":"type-product","3":"status-publish","4":"has-post-thumbnail","6":"product_cat-cozinha","7":"product_cat-desinfetantes-e-limpeza","8":"product_cat-limpeza","9":"product_tag-novidades","10":"ts_product_brand-amanhecer","12":"first","13":"instock","14":"taxable","15":"shipping-taxable","16":"purchasable","17":"product-type-simple"},"_links":{"self":[{"href":"https:\/\/www.ateti.pt\/loja\/wp-json\/wp\/v2\/product\/46839","targetHints":{"allow":["GET"]}}],"collection":[{"href":"https:\/\/www.ateti.pt\/loja\/wp-json\/wp\/v2\/product"}],"about":[{"href":"https:\/\/www.ateti.pt\/loja\/wp-json\/wp\/v2\/types\/product"}],"replies":[{"embeddable":true,"href":"https:\/\/www.ateti.pt\/loja\/wp-json\/wp\/v2\/comments?post=46839"}],"wp:featuredmedia":[{"embeddable":true,"href":"https:\/\/www.ateti.pt\/loja\/wp-json\/wp\/v2\/media\/61547"}],"wp:attachment":[{"href":"https:\/\/www.ateti.pt\/loja\/wp-json\/wp\/v2\/media?parent=46839"}],"wp:term":[{"taxonomy":"product_brand","embeddable":true,"href":"https:\/\/www.ateti.pt\/loja\/wp-json\/wp\/v2\/product_brand?post=46839"},{"taxonomy":"product_cat","embeddable":true,"href":"https:\/\/www.ateti.pt\/loja\/wp-json\/wp\/v2\/product_cat?post=46839"},{"taxonomy":"product_tag","embeddable":true,"href":"https:\/\/www.ateti.pt\/loja\/wp-json\/wp\/v2\/product_tag?post=46839"},{"taxonomy":"woo-feed-brand","embeddable":true,"href":"https:\/\/www.ateti.pt\/loja\/wp-json\/wp\/v2\/woo-feed-brand?post=46839"}],"curies":[{"name":"wp","href":"https:\/\/api.w.org\/{rel}","templated":true}]}}