{"id":46685,"date":"2022-12-16T18:06:35","date_gmt":"2022-12-16T17:06:35","guid":{"rendered":"https:\/\/www.ateti.pt\/loja\/?post_type=product&#038;p=46685"},"modified":"2026-04-03T10:23:16","modified_gmt":"2026-04-03T09:23:16","slug":"baileys-original-irish-cream-70cl","status":"publish","type":"product","link":"https:\/\/www.ateti.pt\/loja\/produto\/baileys-original-irish-cream-70cl\/","title":{"rendered":"Licor Original Irish Cream 70cl Baileys"},"content":{"rendered":"<p><strong>Baileys Original Irish Cream<\/strong><\/p>\n<p><strong>Quantidade: <\/strong>70cl<\/p>\n<p><em>Coloque no frigor\u00edfico e sirva fresco. Evite misturar com lim\u00e3o e bebidas c\u00edtricas. Para melhor conserva\u00e7\u00e3o, mantenha-o entre os 0\u00ba e os 25\u00ba. Cont\u00e9m leite.<\/em><\/p>\n","protected":false},"excerpt":{"rendered":"<p>25.27\u20ac\/L<\/p>\n","protected":false},"featured_media":61557,"comment_status":"closed","ping_status":"closed","template":"","meta":{"_themeisle_gutenberg_block_has_review":false},"product_brand":[],"product_cat":[158,739,173,627,596],"product_tag":[],"woo-feed-brand":[],"class_list":{"0":"post-46685","1":"product","2":"type-product","3":"status-publish","4":"has-post-thumbnail","6":"product_cat-bebidas","7":"product_cat-bebidas-de-natal","8":"product_cat-garrafeira","9":"product_cat-licores-espirituosas","10":"product_cat-natal","11":"ts_product_brand-baileys","13":"first","14":"instock","15":"sale","16":"taxable","17":"shipping-taxable","18":"purchasable","19":"product-type-simple"},"_links":{"self":[{"href":"https:\/\/www.ateti.pt\/loja\/wp-json\/wp\/v2\/product\/46685","targetHints":{"allow":["GET"]}}],"collection":[{"href":"https:\/\/www.ateti.pt\/loja\/wp-json\/wp\/v2\/product"}],"about":[{"href":"https:\/\/www.ateti.pt\/loja\/wp-json\/wp\/v2\/types\/product"}],"replies":[{"embeddable":true,"href":"https:\/\/www.ateti.pt\/loja\/wp-json\/wp\/v2\/comments?post=46685"}],"wp:featuredmedia":[{"embeddable":true,"href":"https:\/\/www.ateti.pt\/loja\/wp-json\/wp\/v2\/media\/61557"}],"wp:attachment":[{"href":"https:\/\/www.ateti.pt\/loja\/wp-json\/wp\/v2\/media?parent=46685"}],"wp:term":[{"taxonomy":"product_brand","embeddable":true,"href":"https:\/\/www.ateti.pt\/loja\/wp-json\/wp\/v2\/product_brand?post=46685"},{"taxonomy":"product_cat","embeddable":true,"href":"https:\/\/www.ateti.pt\/loja\/wp-json\/wp\/v2\/product_cat?post=46685"},{"taxonomy":"product_tag","embeddable":true,"href":"https:\/\/www.ateti.pt\/loja\/wp-json\/wp\/v2\/product_tag?post=46685"},{"taxonomy":"woo-feed-brand","embeddable":true,"href":"https:\/\/www.ateti.pt\/loja\/wp-json\/wp\/v2\/woo-feed-brand?post=46685"}],"curies":[{"name":"wp","href":"https:\/\/api.w.org\/{rel}","templated":true}]}}