{"id":46538,"date":"2025-12-08T09:45:34","date_gmt":"2025-12-08T09:45:34","guid":{"rendered":"https:\/\/www.ateti.pt\/loja\/?post_type=product&#038;p=46538"},"modified":"2026-01-15T17:09:03","modified_gmt":"2026-01-15T17:09:03","slug":"bolacha-cracker-560g-gran-pavesi","status":"publish","type":"product","link":"https:\/\/www.ateti.pt\/loja\/produto\/bolacha-cracker-560g-gran-pavesi\/","title":{"rendered":"Bolacha Cracker 560g Gran Pavesi"},"content":{"rendered":"<p><strong>Bolacha Cracker Gran Pavesi<\/strong><\/p>\n<p><strong>Quantidade: <\/strong>560g<\/p>\n<p><em>Crackers com sal &#8211; sem gr\u00e3os de sal na superf\u00edcie<\/em><\/p>\n<p><strong>Ingredientes:\u00a0<\/strong>Farinha de trigo 94,6g*, \u00f3leo de soja, extrato de malte de cevada e de milho, sal 1g*, regulador de acidez: hidrogenocarbonato de s\u00f3dio, farinha de cevada maltada, levedura. *por cada 100 gramas de produto final. Pode conter vest\u00edgios de soja, ovos, leite, frutos de casca rija e sementes de s\u00e9samo.<\/p>\n<p><strong>Declara\u00e7\u00e3o Nutricional (por 100g):\u00a0<\/strong>Energia: 1842kj\/438kcal; L\u00edpidos: 13g; dos quais Saturados: 2,0g; Hidratos de Carbono: 67,7g; dos quais A\u00e7\u00facares: 3,0g; Fibra: 5,0g; Prote\u00ednas: 10,0g; Sal: 1,625g.<\/p>\n","protected":false},"excerpt":{"rendered":"<p>6.23\u20ac\/KG<\/p>\n","protected":false},"featured_media":44624,"comment_status":"closed","ping_status":"closed","template":"","meta":{"_themeisle_gutenberg_block_has_review":false},"product_brand":[],"product_cat":[134,688,144,132],"product_tag":[],"woo-feed-brand":[],"class_list":{"0":"post-46538","1":"product","2":"type-product","3":"status-publish","4":"has-post-thumbnail","6":"product_cat-bolachas-biscoitos","7":"product_cat-chocolates-bolachas","8":"product_cat-chocolates-biscoitos-e-cereais","9":"product_cat-mercearia","10":"ts_product_brand-pavesi","12":"first","13":"instock","14":"taxable","15":"shipping-taxable","16":"purchasable","17":"product-type-simple"},"_links":{"self":[{"href":"https:\/\/www.ateti.pt\/loja\/wp-json\/wp\/v2\/product\/46538","targetHints":{"allow":["GET"]}}],"collection":[{"href":"https:\/\/www.ateti.pt\/loja\/wp-json\/wp\/v2\/product"}],"about":[{"href":"https:\/\/www.ateti.pt\/loja\/wp-json\/wp\/v2\/types\/product"}],"replies":[{"embeddable":true,"href":"https:\/\/www.ateti.pt\/loja\/wp-json\/wp\/v2\/comments?post=46538"}],"wp:featuredmedia":[{"embeddable":true,"href":"https:\/\/www.ateti.pt\/loja\/wp-json\/wp\/v2\/media\/44624"}],"wp:attachment":[{"href":"https:\/\/www.ateti.pt\/loja\/wp-json\/wp\/v2\/media?parent=46538"}],"wp:term":[{"taxonomy":"product_brand","embeddable":true,"href":"https:\/\/www.ateti.pt\/loja\/wp-json\/wp\/v2\/product_brand?post=46538"},{"taxonomy":"product_cat","embeddable":true,"href":"https:\/\/www.ateti.pt\/loja\/wp-json\/wp\/v2\/product_cat?post=46538"},{"taxonomy":"product_tag","embeddable":true,"href":"https:\/\/www.ateti.pt\/loja\/wp-json\/wp\/v2\/product_tag?post=46538"},{"taxonomy":"woo-feed-brand","embeddable":true,"href":"https:\/\/www.ateti.pt\/loja\/wp-json\/wp\/v2\/woo-feed-brand?post=46538"}],"curies":[{"name":"wp","href":"https:\/\/api.w.org\/{rel}","templated":true}]}}