{"id":46384,"date":"2025-01-05T12:10:52","date_gmt":"2025-01-05T12:10:52","guid":{"rendered":"https:\/\/www.ateti.pt\/loja\/?post_type=product&#038;p=46384"},"modified":"2025-05-08T12:12:40","modified_gmt":"2025-05-08T11:12:40","slug":"tempero-de-sumo-de-limao-amanhecer-200ml","status":"publish","type":"product","link":"https:\/\/www.ateti.pt\/loja\/produto\/tempero-de-sumo-de-limao-amanhecer-200ml\/","title":{"rendered":"Tempero de Sumo de Lim\u00e3o 200ml Amanhecer (13-06-2025)"},"content":{"rendered":"<p><strong>Tempero de Sumo de Lim\u00e3o Amanhecer<\/strong><\/p>\n<p><strong>Quantidade:<\/strong> 200ml<\/p>\n<p><strong>Ingredientes:\u00a0<\/strong>Sumo de lim\u00e3o a partir de concentrado, conservante (metabissulfito de pot\u00e1ssio).<\/p>\n<p><em>Condi\u00e7\u00f5es de utiliza\u00e7\u00e3o:\u00a0<\/em>para temperar carne, peixe e saladas.<\/p>\n<p><strong>Declara\u00e7\u00e3o Nutricional (por 100ml):\u00a0<\/strong>Energia: 41kj\/10kcal; L\u00edpidos: 0,1g; dos quais Saturados: &lt;0,1g; Hidratos de Carbono: 1,9g; dos quais A\u00e7\u00facares: 1,5g; Fibra: &lt;0,3g; Prote\u00ednas: 0,3g; Sal: 0g.<\/p>\n","protected":false},"excerpt":{"rendered":"<p>4,45\u20ac\/L<\/p>\n","protected":false},"featured_media":61551,"comment_status":"closed","ping_status":"closed","template":"","meta":{"_themeisle_gutenberg_block_has_review":false},"product_brand":[],"product_cat":[132,265,174],"product_tag":[593],"woo-feed-brand":[],"class_list":{"0":"post-46384","1":"product","2":"type-product","3":"status-publish","4":"has-post-thumbnail","6":"product_cat-mercearia","7":"product_cat-promocoes-outlet-ate-50-desconto-supermercado-online-ate-ti","8":"product_cat-temperos-e-molhos","9":"product_tag-novidades","10":"ts_product_brand-amanhecer","12":"first","13":"outofstock","14":"sale","15":"taxable","16":"shipping-taxable","17":"purchasable","18":"product-type-simple"},"_links":{"self":[{"href":"https:\/\/www.ateti.pt\/loja\/wp-json\/wp\/v2\/product\/46384","targetHints":{"allow":["GET"]}}],"collection":[{"href":"https:\/\/www.ateti.pt\/loja\/wp-json\/wp\/v2\/product"}],"about":[{"href":"https:\/\/www.ateti.pt\/loja\/wp-json\/wp\/v2\/types\/product"}],"replies":[{"embeddable":true,"href":"https:\/\/www.ateti.pt\/loja\/wp-json\/wp\/v2\/comments?post=46384"}],"wp:featuredmedia":[{"embeddable":true,"href":"https:\/\/www.ateti.pt\/loja\/wp-json\/wp\/v2\/media\/61551"}],"wp:attachment":[{"href":"https:\/\/www.ateti.pt\/loja\/wp-json\/wp\/v2\/media?parent=46384"}],"wp:term":[{"taxonomy":"product_brand","embeddable":true,"href":"https:\/\/www.ateti.pt\/loja\/wp-json\/wp\/v2\/product_brand?post=46384"},{"taxonomy":"product_cat","embeddable":true,"href":"https:\/\/www.ateti.pt\/loja\/wp-json\/wp\/v2\/product_cat?post=46384"},{"taxonomy":"product_tag","embeddable":true,"href":"https:\/\/www.ateti.pt\/loja\/wp-json\/wp\/v2\/product_tag?post=46384"},{"taxonomy":"woo-feed-brand","embeddable":true,"href":"https:\/\/www.ateti.pt\/loja\/wp-json\/wp\/v2\/woo-feed-brand?post=46384"}],"curies":[{"name":"wp","href":"https:\/\/api.w.org\/{rel}","templated":true}]}}