{"id":46380,"date":"2022-12-07T10:44:42","date_gmt":"2022-12-07T09:44:42","guid":{"rendered":"https:\/\/www.ateti.pt\/loja\/?post_type=product&#038;p=46380"},"modified":"2024-02-16T17:46:48","modified_gmt":"2024-02-16T17:46:48","slug":"gomas-sortido-brilho-interdoces-150g","status":"publish","type":"product","link":"https:\/\/www.ateti.pt\/loja\/produto\/gomas-sortido-brilho-interdoces-150g\/","title":{"rendered":"Gomas Sortido Brilho 150g Interdoces"},"content":{"rendered":"<p><strong>Gomas Sortido Brilho Interdoces<\/strong><\/p>\n<p><strong>Quantidade: <\/strong>150g<\/p>\n<p><strong>Ingredientes:\u00a0<\/strong>Xarope de glucose, \u00e1gua, a\u00e7\u00facar, amido de milho, gelatina, gelificante: pectina, acidificante: E330, \u00f3leo vegetal (palma\/coco), agente de revestimento: cera de carna\u00faba, aromas, corretor de acidez: E331, concentrado de c\u00e1rtamo, ma\u00e7\u00e3 e lim\u00e3o, corantes: E100, E120, E129, E133, E171.<\/p>\n<p><strong>Declara\u00e7\u00e3o Nutricional (por 100g):\u00a0<\/strong>Energia: 1418kj\/334kcal; L\u00edpidos: 0,2g; dos quais Saturados: 0,2g; Hidratos de Carbono: 77,6g; dos quais A\u00e7\u00facares: 55,2g; Prote\u00ednas: 4,3g; Sal: 0,2g.<\/p>\n","protected":false},"excerpt":{"rendered":"<p>10.60\u20ac\/kg<\/p>\n","protected":false},"featured_media":61492,"comment_status":"closed","ping_status":"closed","template":"","meta":{"_themeisle_gutenberg_block_has_review":false},"product_brand":[],"product_cat":[25,144,132],"product_tag":[593],"woo-feed-brand":[],"class_list":{"0":"post-46380","1":"product","2":"type-product","3":"status-publish","4":"has-post-thumbnail","6":"product_cat-chocolates","7":"product_cat-chocolates-biscoitos-e-cereais","8":"product_cat-mercearia","9":"product_tag-novidades","10":"ts_product_brand-interdoces","12":"first","13":"instock","14":"taxable","15":"shipping-taxable","16":"purchasable","17":"product-type-simple"},"_links":{"self":[{"href":"https:\/\/www.ateti.pt\/loja\/wp-json\/wp\/v2\/product\/46380","targetHints":{"allow":["GET"]}}],"collection":[{"href":"https:\/\/www.ateti.pt\/loja\/wp-json\/wp\/v2\/product"}],"about":[{"href":"https:\/\/www.ateti.pt\/loja\/wp-json\/wp\/v2\/types\/product"}],"replies":[{"embeddable":true,"href":"https:\/\/www.ateti.pt\/loja\/wp-json\/wp\/v2\/comments?post=46380"}],"wp:featuredmedia":[{"embeddable":true,"href":"https:\/\/www.ateti.pt\/loja\/wp-json\/wp\/v2\/media\/61492"}],"wp:attachment":[{"href":"https:\/\/www.ateti.pt\/loja\/wp-json\/wp\/v2\/media?parent=46380"}],"wp:term":[{"taxonomy":"product_brand","embeddable":true,"href":"https:\/\/www.ateti.pt\/loja\/wp-json\/wp\/v2\/product_brand?post=46380"},{"taxonomy":"product_cat","embeddable":true,"href":"https:\/\/www.ateti.pt\/loja\/wp-json\/wp\/v2\/product_cat?post=46380"},{"taxonomy":"product_tag","embeddable":true,"href":"https:\/\/www.ateti.pt\/loja\/wp-json\/wp\/v2\/product_tag?post=46380"},{"taxonomy":"woo-feed-brand","embeddable":true,"href":"https:\/\/www.ateti.pt\/loja\/wp-json\/wp\/v2\/woo-feed-brand?post=46380"}],"curies":[{"name":"wp","href":"https:\/\/api.w.org\/{rel}","templated":true}]}}