{"id":46377,"date":"2023-08-23T07:36:47","date_gmt":"2023-08-23T06:36:47","guid":{"rendered":"https:\/\/www.ateti.pt\/loja\/?post_type=product&#038;p=46377"},"modified":"2026-01-19T17:58:08","modified_gmt":"2026-01-19T17:58:08","slug":"milho-para-pipocas-amanhecer-250g","status":"publish","type":"product","link":"https:\/\/www.ateti.pt\/loja\/produto\/milho-para-pipocas-amanhecer-250g\/","title":{"rendered":"Milho para Pipocas 250g Amanhecer"},"content":{"rendered":"<p><strong>Milho para Pipocas Amanhecer<\/strong><\/p>\n<p><strong>Quantidade: <\/strong>250g<\/p>\n<p><strong>Ingredientes:\u00a0<\/strong>100% milho para pipocas<\/p>\n<p><strong>Declara\u00e7\u00e3o Nutricional (por 100g):\u00a0<\/strong>Energia: 1506kj\/356kcal; L\u00edpidos: 3,7g; dos quais Saturados: 1,1g; Hidratos de Carbono: 68,8g; dos quais A\u00e7\u00facares: 1,3g; Fibra: 3,2g; Prote\u00ednas: 10,2g; Sal: 0,1g.<\/p>\n","protected":false},"excerpt":{"rendered":"<p>2.52\u20ac\/kg<\/p>\n","protected":false},"featured_media":61550,"comment_status":"closed","ping_status":"closed","template":"","meta":{"_themeisle_gutenberg_block_has_review":false},"product_brand":[],"product_cat":[206,132],"product_tag":[],"woo-feed-brand":[],"class_list":{"0":"post-46377","1":"product","2":"type-product","3":"status-publish","4":"has-post-thumbnail","6":"product_cat-aperitivos","7":"product_cat-mercearia","8":"ts_product_brand-amanhecer","10":"first","11":"instock","12":"taxable","13":"shipping-taxable","14":"purchasable","15":"product-type-simple"},"_links":{"self":[{"href":"https:\/\/www.ateti.pt\/loja\/wp-json\/wp\/v2\/product\/46377","targetHints":{"allow":["GET"]}}],"collection":[{"href":"https:\/\/www.ateti.pt\/loja\/wp-json\/wp\/v2\/product"}],"about":[{"href":"https:\/\/www.ateti.pt\/loja\/wp-json\/wp\/v2\/types\/product"}],"replies":[{"embeddable":true,"href":"https:\/\/www.ateti.pt\/loja\/wp-json\/wp\/v2\/comments?post=46377"}],"wp:featuredmedia":[{"embeddable":true,"href":"https:\/\/www.ateti.pt\/loja\/wp-json\/wp\/v2\/media\/61550"}],"wp:attachment":[{"href":"https:\/\/www.ateti.pt\/loja\/wp-json\/wp\/v2\/media?parent=46377"}],"wp:term":[{"taxonomy":"product_brand","embeddable":true,"href":"https:\/\/www.ateti.pt\/loja\/wp-json\/wp\/v2\/product_brand?post=46377"},{"taxonomy":"product_cat","embeddable":true,"href":"https:\/\/www.ateti.pt\/loja\/wp-json\/wp\/v2\/product_cat?post=46377"},{"taxonomy":"product_tag","embeddable":true,"href":"https:\/\/www.ateti.pt\/loja\/wp-json\/wp\/v2\/product_tag?post=46377"},{"taxonomy":"woo-feed-brand","embeddable":true,"href":"https:\/\/www.ateti.pt\/loja\/wp-json\/wp\/v2\/woo-feed-brand?post=46377"}],"curies":[{"name":"wp","href":"https:\/\/api.w.org\/{rel}","templated":true}]}}