{"id":46352,"date":"2022-12-06T10:50:17","date_gmt":"2022-12-06T09:50:17","guid":{"rendered":"https:\/\/www.ateti.pt\/loja\/?post_type=product&#038;p=46352"},"modified":"2024-02-19T11:17:19","modified_gmt":"2024-02-19T11:17:19","slug":"farinha-de-trigo-com-fermento-amanhecer-1kg","status":"publish","type":"product","link":"https:\/\/www.ateti.pt\/loja\/produto\/farinha-de-trigo-com-fermento-amanhecer-1kg\/","title":{"rendered":"Farinha de Trigo com Fermento 1kg Amanhecer"},"content":{"rendered":"<p><strong>Farinha de Trigo com Fermento Amanhecer<\/strong><\/p>\n<p><strong>Quantidade: <\/strong>1kg<\/p>\n<p><em>Farinha autolevedante de trigo para usos culin\u00e1rios<\/em><\/p>\n<p><strong>Ingredientes:\u00a0<\/strong>Farinha de trigo tipo 55, levedantes (bicarbonato de s\u00f3dio e pirofosfato de s\u00f3dio). Pode conter vest\u00edgios de soja.<\/p>\n<p><strong>Declara\u00e7\u00e3o Nutricional (por 100g):\u00a0<\/strong>Energia: 1537kj\/362kcal; L\u00edpidos: 1,3g; dos quais Saturados: 0,3g; Hidratos de Carbono: 76g; dos quais A\u00e7\u00facares: 3,2g; Fibra: 3,6g; Prote\u00ednas: 10g; Sal: 0,7g.<\/p>\n","protected":false},"excerpt":{"rendered":"<p>1,19\u20ac\/kg<\/p>\n","protected":false},"featured_media":61548,"comment_status":"closed","ping_status":"closed","template":"","meta":{"_themeisle_gutenberg_block_has_review":false},"product_brand":[],"product_cat":[188,132],"product_tag":[593],"woo-feed-brand":[],"class_list":{"0":"post-46352","1":"product","2":"type-product","3":"status-publish","4":"has-post-thumbnail","6":"product_cat-farinhaeacucares","7":"product_cat-mercearia","8":"product_tag-novidades","9":"ts_product_brand-amanhecer","11":"first","12":"instock","13":"taxable","14":"shipping-taxable","15":"purchasable","16":"product-type-simple"},"_links":{"self":[{"href":"https:\/\/www.ateti.pt\/loja\/wp-json\/wp\/v2\/product\/46352","targetHints":{"allow":["GET"]}}],"collection":[{"href":"https:\/\/www.ateti.pt\/loja\/wp-json\/wp\/v2\/product"}],"about":[{"href":"https:\/\/www.ateti.pt\/loja\/wp-json\/wp\/v2\/types\/product"}],"replies":[{"embeddable":true,"href":"https:\/\/www.ateti.pt\/loja\/wp-json\/wp\/v2\/comments?post=46352"}],"wp:featuredmedia":[{"embeddable":true,"href":"https:\/\/www.ateti.pt\/loja\/wp-json\/wp\/v2\/media\/61548"}],"wp:attachment":[{"href":"https:\/\/www.ateti.pt\/loja\/wp-json\/wp\/v2\/media?parent=46352"}],"wp:term":[{"taxonomy":"product_brand","embeddable":true,"href":"https:\/\/www.ateti.pt\/loja\/wp-json\/wp\/v2\/product_brand?post=46352"},{"taxonomy":"product_cat","embeddable":true,"href":"https:\/\/www.ateti.pt\/loja\/wp-json\/wp\/v2\/product_cat?post=46352"},{"taxonomy":"product_tag","embeddable":true,"href":"https:\/\/www.ateti.pt\/loja\/wp-json\/wp\/v2\/product_tag?post=46352"},{"taxonomy":"woo-feed-brand","embeddable":true,"href":"https:\/\/www.ateti.pt\/loja\/wp-json\/wp\/v2\/woo-feed-brand?post=46352"}],"curies":[{"name":"wp","href":"https:\/\/api.w.org\/{rel}","templated":true}]}}