{"id":46104,"date":"2022-11-24T19:15:14","date_gmt":"2022-11-24T18:15:14","guid":{"rendered":"https:\/\/www.ateti.pt\/loja\/?post_type=product&#038;p=46104"},"modified":"2026-02-22T22:39:13","modified_gmt":"2026-02-22T22:39:13","slug":"bolacha-maria-dorada-pack3-600g-gullon","status":"publish","type":"product","link":"https:\/\/www.ateti.pt\/loja\/produto\/bolacha-maria-dorada-pack3-600g-gullon\/","title":{"rendered":"Bolacha Maria Dorada Pack3 600g Gullon"},"content":{"rendered":"<p><strong>Bolacha Maria Dorada Pack3 Gullon<\/strong><\/p>\n<p><strong>Quantidade:\u00a0<\/strong>600g<\/p>\n<p><em>Bolachas Maria<\/em><\/p>\n<p><strong>Ingredientes:\u00a0<\/strong>Farinha de trigo, gordura vegetal (palma), a\u00e7\u00facar, xarope de glicose e frutose, levedantes (hidrogenocarbonato de s\u00f3dio, hidrogenocarbonato de am\u00f3nio), sal, lactose (leite) 0,3%, antioxidante (metabissulfito de s\u00f3dio), emulsionante (lecitina de soja). Pode conter vest\u00edgios de s\u00e9samo.<\/p>\n<p><strong>Declara\u00e7\u00e3o Nutricional (por 100g):\u00a0<\/strong>Energia: 2015kj\/480kcal; L\u00edpidos: 19g; dos quais Saturados: 9,2g; Hidratos de Carbono: 70g; dos quais A\u00e7\u00facares: 19g; Prote\u00ednas: 6,3g; Sal: 0,68g.<\/p>\n","protected":false},"excerpt":{"rendered":"<p>2,65\u20ac\/kg<\/p>\n","protected":false},"featured_media":62801,"comment_status":"closed","ping_status":"closed","template":"","meta":{"_themeisle_gutenberg_block_has_review":false},"product_brand":[],"product_cat":[134,144,132],"product_tag":[],"woo-feed-brand":[],"class_list":{"0":"post-46104","1":"product","2":"type-product","3":"status-publish","4":"has-post-thumbnail","6":"product_cat-bolachas-biscoitos","7":"product_cat-chocolates-biscoitos-e-cereais","8":"product_cat-mercearia","9":"ts_product_brand-gullon","11":"first","12":"instock","13":"sale","14":"taxable","15":"shipping-taxable","16":"purchasable","17":"product-type-simple"},"_links":{"self":[{"href":"https:\/\/www.ateti.pt\/loja\/wp-json\/wp\/v2\/product\/46104","targetHints":{"allow":["GET"]}}],"collection":[{"href":"https:\/\/www.ateti.pt\/loja\/wp-json\/wp\/v2\/product"}],"about":[{"href":"https:\/\/www.ateti.pt\/loja\/wp-json\/wp\/v2\/types\/product"}],"replies":[{"embeddable":true,"href":"https:\/\/www.ateti.pt\/loja\/wp-json\/wp\/v2\/comments?post=46104"}],"wp:featuredmedia":[{"embeddable":true,"href":"https:\/\/www.ateti.pt\/loja\/wp-json\/wp\/v2\/media\/62801"}],"wp:attachment":[{"href":"https:\/\/www.ateti.pt\/loja\/wp-json\/wp\/v2\/media?parent=46104"}],"wp:term":[{"taxonomy":"product_brand","embeddable":true,"href":"https:\/\/www.ateti.pt\/loja\/wp-json\/wp\/v2\/product_brand?post=46104"},{"taxonomy":"product_cat","embeddable":true,"href":"https:\/\/www.ateti.pt\/loja\/wp-json\/wp\/v2\/product_cat?post=46104"},{"taxonomy":"product_tag","embeddable":true,"href":"https:\/\/www.ateti.pt\/loja\/wp-json\/wp\/v2\/product_tag?post=46104"},{"taxonomy":"woo-feed-brand","embeddable":true,"href":"https:\/\/www.ateti.pt\/loja\/wp-json\/wp\/v2\/woo-feed-brand?post=46104"}],"curies":[{"name":"wp","href":"https:\/\/api.w.org\/{rel}","templated":true}]}}