{"id":46019,"date":"2025-12-05T19:08:02","date_gmt":"2025-12-05T19:08:02","guid":{"rendered":"https:\/\/www.ateti.pt\/loja\/?post_type=product&#038;p=46019"},"modified":"2026-03-17T14:54:27","modified_gmt":"2026-03-17T14:54:27","slug":"bombons-ferrero-rocher-t6-cubo-75g","status":"publish","type":"product","link":"https:\/\/www.ateti.pt\/loja\/produto\/bombons-ferrero-rocher-t6-cubo-75g\/","title":{"rendered":"Bombons Ferrero Rocher T6 Cubo 75g (20-04-2026)"},"content":{"rendered":"<p><strong>Bombons Ferrero Rocher T6 Cubo<\/strong><\/p>\n<p><strong>Quantidade:<\/strong> 75g<\/p>\n<p><em>Crocantes especialidades de chocolate de leite e avel\u00e3s, com recheio cremoso e avel\u00e3 inteira<\/em><\/p>\n<p><strong>Ingredientes:\u00a0<\/strong>chocolate de leite 30% (a\u00e7\u00facar, manteiga de cacau, pasta de cacau, leite desnatado em p\u00f3, manteiga concentrada, emulsionantes: lecitinas (soja), vanilina), avel\u00e3s 28,5%, a\u00e7\u00facar, gordura de palma, farinha de trigo, soro l\u00e1cteo em p\u00f3, cacau magro, emulsionantes: lecitinas (soja), levedantes qu\u00edmicos (hidrogenocarbonato de s\u00f3dio), sal e vanilina.<\/p>\n<p><strong>Declara\u00e7\u00e3o Nutricional (por 100g):\u00a0<\/strong>Energia: 2506kj\/603kcal; L\u00edpidos: 42,7g; dos quais \u00c1cidos Gordos Saturados: 14,1g; Hidratos de Carbono: 44,4g; dos quais A\u00e7\u00facares: 39,9g; Prote\u00ednas: 8,2g; Sal: 0,153g.<\/p>\n","protected":false},"excerpt":{"rendered":"<p>53.20\u20ac\/kg<\/p>\n","protected":false},"featured_media":61563,"comment_status":"closed","ping_status":"closed","template":"","meta":{"_themeisle_gutenberg_block_has_review":false},"product_brand":[],"product_cat":[597,25,144,132,596,748,265],"product_tag":[],"woo-feed-brand":[],"class_list":{"0":"post-46019","1":"product","2":"type-product","3":"status-publish","4":"has-post-thumbnail","6":"product_cat-chocolates-de-natal","7":"product_cat-chocolates","8":"product_cat-chocolates-biscoitos-e-cereais","9":"product_cat-mercearia","10":"product_cat-natal","11":"product_cat-novidades-ate-ti","12":"product_cat-promocoes-outlet-ate-50-desconto-supermercado-online-ate-ti","13":"ts_product_brand-ferrero","15":"first","16":"outofstock","17":"sale","18":"taxable","19":"shipping-taxable","20":"purchasable","21":"product-type-simple"},"_links":{"self":[{"href":"https:\/\/www.ateti.pt\/loja\/wp-json\/wp\/v2\/product\/46019","targetHints":{"allow":["GET"]}}],"collection":[{"href":"https:\/\/www.ateti.pt\/loja\/wp-json\/wp\/v2\/product"}],"about":[{"href":"https:\/\/www.ateti.pt\/loja\/wp-json\/wp\/v2\/types\/product"}],"replies":[{"embeddable":true,"href":"https:\/\/www.ateti.pt\/loja\/wp-json\/wp\/v2\/comments?post=46019"}],"wp:featuredmedia":[{"embeddable":true,"href":"https:\/\/www.ateti.pt\/loja\/wp-json\/wp\/v2\/media\/61563"}],"wp:attachment":[{"href":"https:\/\/www.ateti.pt\/loja\/wp-json\/wp\/v2\/media?parent=46019"}],"wp:term":[{"taxonomy":"product_brand","embeddable":true,"href":"https:\/\/www.ateti.pt\/loja\/wp-json\/wp\/v2\/product_brand?post=46019"},{"taxonomy":"product_cat","embeddable":true,"href":"https:\/\/www.ateti.pt\/loja\/wp-json\/wp\/v2\/product_cat?post=46019"},{"taxonomy":"product_tag","embeddable":true,"href":"https:\/\/www.ateti.pt\/loja\/wp-json\/wp\/v2\/product_tag?post=46019"},{"taxonomy":"woo-feed-brand","embeddable":true,"href":"https:\/\/www.ateti.pt\/loja\/wp-json\/wp\/v2\/woo-feed-brand?post=46019"}],"curies":[{"name":"wp","href":"https:\/\/api.w.org\/{rel}","templated":true}]}}