{"id":45746,"date":"2022-11-12T17:07:02","date_gmt":"2022-11-12T16:07:02","guid":{"rendered":"https:\/\/www.ateti.pt\/loja\/?post_type=product&#038;p=45746"},"modified":"2024-01-18T18:19:21","modified_gmt":"2024-01-18T17:19:21","slug":"queijo-de-mistura-barrado-achatado-100g-a-queijeira-do-rabacal","status":"publish","type":"product","link":"https:\/\/www.ateti.pt\/loja\/produto\/queijo-de-mistura-barrado-achatado-100g-a-queijeira-do-rabacal\/","title":{"rendered":"Queijo de Mistura Barrado Achatado 100g A Queijeira do Raba\u00e7al"},"content":{"rendered":"<p><strong>Queijo de Mistura Barrado Achatado A Queijeira do Raba\u00e7al<\/strong><\/p>\n<p><strong>Quantidade: <\/strong>100g<\/p>\n<p><strong>Ingredientes: <\/strong>Leite de vaca, ovelha e cabra pasteurizado, sal, cloreto de c\u00e1lcio, coalho animal, fermentos l\u00e1cteos e piment\u00e3o picante.<\/p>\n<p><strong>Declara\u00e7\u00e3o Nutricional (por 100g): <\/strong>Energia: 1236kj\/298kcal;L\u00edpidos: 24,4g; dos quais \u00c1cidos Gordos: 16,6g; Hidratos de Carbono: 1,5g; dos quais A\u00e7\u00facares: 0,8g; Prote\u00ednas: 18,1g; Sal: 1,21g.<\/p>\n<p>Veja mais em <a href=\"https:\/\/www.ateti.pt\/loja\/categoria\/refrigerados\/lacticinios\/queijos\/\">Queijos<\/a><\/p>\n","protected":false},"excerpt":{"rendered":"<p>15,90\u20ac\/kg<\/p>\n","protected":false},"featured_media":46084,"comment_status":"closed","ping_status":"closed","template":"","meta":{"_themeisle_gutenberg_block_has_review":false},"product_brand":[],"product_cat":[891,178,185,622],"product_tag":[],"woo-feed-brand":[],"class_list":{"0":"post-45746","1":"product","2":"type-product","3":"status-publish","4":"has-post-thumbnail","6":"product_cat-iva-zero","7":"product_cat-lacticinios","8":"product_cat-queijos","9":"product_cat-refrigerados","10":"ts_product_brand-a-queijeira-do-rabacal","12":"first","13":"instock","14":"taxable","15":"shipping-taxable","16":"purchasable","17":"product-type-simple"},"_links":{"self":[{"href":"https:\/\/www.ateti.pt\/loja\/wp-json\/wp\/v2\/product\/45746","targetHints":{"allow":["GET"]}}],"collection":[{"href":"https:\/\/www.ateti.pt\/loja\/wp-json\/wp\/v2\/product"}],"about":[{"href":"https:\/\/www.ateti.pt\/loja\/wp-json\/wp\/v2\/types\/product"}],"replies":[{"embeddable":true,"href":"https:\/\/www.ateti.pt\/loja\/wp-json\/wp\/v2\/comments?post=45746"}],"wp:featuredmedia":[{"embeddable":true,"href":"https:\/\/www.ateti.pt\/loja\/wp-json\/wp\/v2\/media\/46084"}],"wp:attachment":[{"href":"https:\/\/www.ateti.pt\/loja\/wp-json\/wp\/v2\/media?parent=45746"}],"wp:term":[{"taxonomy":"product_brand","embeddable":true,"href":"https:\/\/www.ateti.pt\/loja\/wp-json\/wp\/v2\/product_brand?post=45746"},{"taxonomy":"product_cat","embeddable":true,"href":"https:\/\/www.ateti.pt\/loja\/wp-json\/wp\/v2\/product_cat?post=45746"},{"taxonomy":"product_tag","embeddable":true,"href":"https:\/\/www.ateti.pt\/loja\/wp-json\/wp\/v2\/product_tag?post=45746"},{"taxonomy":"woo-feed-brand","embeddable":true,"href":"https:\/\/www.ateti.pt\/loja\/wp-json\/wp\/v2\/woo-feed-brand?post=45746"}],"curies":[{"name":"wp","href":"https:\/\/api.w.org\/{rel}","templated":true}]}}