{"id":45726,"date":"2024-08-30T16:30:44","date_gmt":"2024-08-30T15:30:44","guid":{"rendered":"https:\/\/www.ateti.pt\/loja\/?post_type=product&#038;p=45726"},"modified":"2025-03-05T16:12:41","modified_gmt":"2025-03-05T16:12:41","slug":"linguas-de-bacalhau-constantinos-500g","status":"publish","type":"product","link":"https:\/\/www.ateti.pt\/loja\/produto\/linguas-de-bacalhau-constantinos-500g\/","title":{"rendered":"L\u00ednguas de Bacalhau Constantinos 500g"},"content":{"rendered":"<p><strong>L\u00ednguas de Bacalhau Constantinos<\/strong><\/p>\n<p><strong>Quantidade: <\/strong>500g<\/p>\n<p><em>L\u00ednguas de Bacalhau salgado verde<\/em><\/p>\n<p><em>Capturado em:\u00a0<\/em>Atl\u00e2ntico Nordeste<\/p>\n<p><em>Esp\u00e9cie:\u00a0<\/em>Morhua, mar da Noruega<\/p>\n<p><em>Arte de Pesca:\u00a0<\/em>Redes de arrastar<\/p>\n<p><strong>Ingredientes:\u00a0<\/strong>Bacalhau e sal.<\/p>\n<p><em>Alerg\u00e9neos:\u00a0<\/em>Cont\u00e9m peixe.<\/p>\n<p><strong>Declara\u00e7\u00e3o Nutricional (por 100g):\u00a0<\/strong>Energia: 292kj\/69kcal; L\u00edpidos: 1,0g; dos quais Saturados: 0,4g; Hidratos de Carbono: 0,5g; dos quais A\u00e7\u00facares: 0,5g; Prote\u00ednas: 15g; Sal: 18g.<\/p>\n","protected":false},"excerpt":{"rendered":"<p>31.98\u20ac\/kg<\/p>\n","protected":false},"featured_media":45788,"comment_status":"closed","ping_status":"closed","template":"","meta":{"_themeisle_gutenberg_block_has_review":false},"product_brand":[],"product_cat":[588,622],"product_tag":[593],"woo-feed-brand":[],"class_list":{"0":"post-45726","1":"product","2":"type-product","3":"status-publish","4":"has-post-thumbnail","6":"product_cat-bacalhau-salgado","7":"product_cat-refrigerados","8":"product_tag-novidades","10":"first","11":"instock","12":"taxable","13":"shipping-taxable","14":"purchasable","15":"product-type-simple"},"_links":{"self":[{"href":"https:\/\/www.ateti.pt\/loja\/wp-json\/wp\/v2\/product\/45726","targetHints":{"allow":["GET"]}}],"collection":[{"href":"https:\/\/www.ateti.pt\/loja\/wp-json\/wp\/v2\/product"}],"about":[{"href":"https:\/\/www.ateti.pt\/loja\/wp-json\/wp\/v2\/types\/product"}],"replies":[{"embeddable":true,"href":"https:\/\/www.ateti.pt\/loja\/wp-json\/wp\/v2\/comments?post=45726"}],"wp:featuredmedia":[{"embeddable":true,"href":"https:\/\/www.ateti.pt\/loja\/wp-json\/wp\/v2\/media\/45788"}],"wp:attachment":[{"href":"https:\/\/www.ateti.pt\/loja\/wp-json\/wp\/v2\/media?parent=45726"}],"wp:term":[{"taxonomy":"product_brand","embeddable":true,"href":"https:\/\/www.ateti.pt\/loja\/wp-json\/wp\/v2\/product_brand?post=45726"},{"taxonomy":"product_cat","embeddable":true,"href":"https:\/\/www.ateti.pt\/loja\/wp-json\/wp\/v2\/product_cat?post=45726"},{"taxonomy":"product_tag","embeddable":true,"href":"https:\/\/www.ateti.pt\/loja\/wp-json\/wp\/v2\/product_tag?post=45726"},{"taxonomy":"woo-feed-brand","embeddable":true,"href":"https:\/\/www.ateti.pt\/loja\/wp-json\/wp\/v2\/woo-feed-brand?post=45726"}],"curies":[{"name":"wp","href":"https:\/\/api.w.org\/{rel}","templated":true}]}}