{"id":45723,"date":"2022-11-10T16:56:30","date_gmt":"2022-11-10T15:56:30","guid":{"rendered":"https:\/\/www.ateti.pt\/loja\/?post_type=product&#038;p=45723"},"modified":"2022-11-10T18:33:16","modified_gmt":"2022-11-10T17:33:16","slug":"escova-de-dentes-triple-action-media-pack4-colgate","status":"publish","type":"product","link":"https:\/\/www.ateti.pt\/loja\/produto\/escova-de-dentes-triple-action-media-pack4-colgate\/","title":{"rendered":"Escova de Dentes Triple Action M\u00e9dia Pack4 Colgate"},"content":{"rendered":"<p><strong>Escova de Dentes Triple Action M\u00e9dia Pack4 Colgate<\/strong><\/p>\n<p><strong>Quantidade:\u00a0<\/strong>4<\/p>\n<p><em>Limpa os dentes. Filamentos de ponta elevada e com \u00e2ngulo duplo desenhados para alcan\u00e7ar e limpar eficazmente os dentes de tr\u00e1s. Remove as manchas superficiais. Padr\u00e3o de filamentos circular ajuda a remover delicadamente as manchas e a revelar a brancura natural dos dentes. Refresca o h\u00e1lito. Limpa l\u00edngua para eliminar as bact\u00e9rias causadoras do mau odor.<\/em><\/p>\n","protected":false},"excerpt":{"rendered":"<p>4,69\u20ac\/un<\/p>\n","protected":false},"featured_media":45724,"comment_status":"closed","ping_status":"closed","template":"","meta":{"_themeisle_gutenberg_block_has_review":false},"product_brand":[],"product_cat":[203,190,213],"product_tag":[593],"woo-feed-brand":[],"class_list":{"0":"post-45723","1":"product","2":"type-product","3":"status-publish","4":"has-post-thumbnail","6":"product_cat-beleza-e-higiene","7":"product_cat-desinfetantes-e-limpeza","8":"product_cat-oral","9":"product_tag-novidades","11":"first","12":"instock","13":"taxable","14":"shipping-taxable","15":"purchasable","16":"product-type-simple"},"_links":{"self":[{"href":"https:\/\/www.ateti.pt\/loja\/wp-json\/wp\/v2\/product\/45723","targetHints":{"allow":["GET"]}}],"collection":[{"href":"https:\/\/www.ateti.pt\/loja\/wp-json\/wp\/v2\/product"}],"about":[{"href":"https:\/\/www.ateti.pt\/loja\/wp-json\/wp\/v2\/types\/product"}],"replies":[{"embeddable":true,"href":"https:\/\/www.ateti.pt\/loja\/wp-json\/wp\/v2\/comments?post=45723"}],"wp:featuredmedia":[{"embeddable":true,"href":"https:\/\/www.ateti.pt\/loja\/wp-json\/wp\/v2\/media\/45724"}],"wp:attachment":[{"href":"https:\/\/www.ateti.pt\/loja\/wp-json\/wp\/v2\/media?parent=45723"}],"wp:term":[{"taxonomy":"product_brand","embeddable":true,"href":"https:\/\/www.ateti.pt\/loja\/wp-json\/wp\/v2\/product_brand?post=45723"},{"taxonomy":"product_cat","embeddable":true,"href":"https:\/\/www.ateti.pt\/loja\/wp-json\/wp\/v2\/product_cat?post=45723"},{"taxonomy":"product_tag","embeddable":true,"href":"https:\/\/www.ateti.pt\/loja\/wp-json\/wp\/v2\/product_tag?post=45723"},{"taxonomy":"woo-feed-brand","embeddable":true,"href":"https:\/\/www.ateti.pt\/loja\/wp-json\/wp\/v2\/woo-feed-brand?post=45723"}],"curies":[{"name":"wp","href":"https:\/\/api.w.org\/{rel}","templated":true}]}}