{"id":44811,"date":"2022-09-30T17:29:12","date_gmt":"2022-09-30T16:29:12","guid":{"rendered":"https:\/\/www.ateti.pt\/loja\/?post_type=product&#038;p=44811"},"modified":"2025-03-11T11:45:52","modified_gmt":"2025-03-11T11:45:52","slug":"nestum-mel-nestle-600g","status":"publish","type":"product","link":"https:\/\/www.ateti.pt\/loja\/produto\/nestum-mel-nestle-600g\/","title":{"rendered":"Nestum Mel 600g Nestl\u00e9"},"content":{"rendered":"<p><strong>Nestum Mel Nestl\u00e9 600g<\/strong><\/p>\n<p><strong>Quantidade:<\/strong> 600g<\/p>\n<p><strong>Descri\u00e7\u00e3o:\u00a0<\/strong>NESTUM s\u00e3o cereais para preparar com leite logo pela manh\u00e3, para um pequeno-almo\u00e7o muito saboroso.<\/p>\n<p>Nestum Mel Nestl\u00e9\u00a0 \u00e9 uma solu\u00e7\u00e3o nutritiva e saborosa para o pequeno-almo\u00e7o de crian\u00e7as e adultos, que alia um delicioso sabor aos benef\u00edcios dos Cereais, oferecendo a energia necess\u00e1ria para enfrentar os desafios do dia-a-dia.<\/p>\n<p>\u00c9 tamb\u00e9m, uma fonte natural de energia, de f\u00e1cil assimila\u00e7\u00e3o e rico em vitaminas e minerais, NESTUM satisfaz e sacia.<br \/>\nNESTUM torna o in\u00edcio do dia de toda a fam\u00edlia muito pr\u00e1tico uma vez que \u00e9 muito simples de preparar, basta juntar leite quente ou frio, mexer bem e est\u00e1 pronto a consumir.<\/p>\n<p>No entanto, NESTUM tamb\u00e9m pode ser preparado com bebidas alternativas ao leite como as bebidas de soja, aveia, am\u00eandoa ou de arroz e ser acompanhado por peda\u00e7os de fruta cozida ou esmagada.<\/p>\n<p>Assim, as caracter\u00edsticas nutricionais e o sabor \u00fanico de NESTUM fazem parte do dia-a-dia dos portugueses h\u00e1 mais de 60 anos.<\/p>\n<p><strong>Ingredientes:\u00a0<\/strong>Farinha de\u00a0<strong>trigo\u00a0<\/strong>e\u00a0<strong>trigo\u00a0<\/strong>hidrolisada (78,7%), a\u00e7\u00facar, mel (6%), regulador de acidez (carbonato de c\u00e1lcio), fumarato ferroso, aroma (vanilina), vitaminas (C, tiamina, riboflavina, niacina, B6, \u00e1cido f\u00f3lico, B12, \u00e1cido pantot\u00e9nico).\u00a0 Pode conter\u00a0<strong>leite<\/strong>.<\/p>\n<div class=\"col-md-3 ml-auto\">\n<div class=\"ingredientes-wrapper pt-md-5\">\n<div class=\"produto__field-ingredientes\">\n<div class=\"field__items\">\n<div class=\"field__item\">\n<div class=\"paragraph paragraph--type--titulo-paragrafo paragraph--view-mode--default\">\n<div class=\"titulo-paragrafo__field-titulo\">\n<p><strong>Prepara\u00e7\u00e3o:<\/strong><\/p>\n<p><strong>1.<\/strong> Deita\u00a0numa tigela ou num prato fundo 160ml de leite quente ou frio.<\/p>\n<p><strong>2.\u00a0<\/strong>Junta seis colheres de sopa (30g) de cereais com mel e mexe bem. O teu NESTUM est\u00e1 pronto a comer e \u00e9 delicioso!<\/p>\n<p><strong>Posso preparar NESTUM sem ser com leite?<\/strong>\u00a0NESTUM foi especialmente desenvolvido para preparar com leite mas pode ser preparado com alternativas especiais como bebida de soja, arroz, am\u00eandoa, aveia ou outras.<\/p>\n<\/div>\n<\/div>\n<\/div>\n<div class=\"field__item\">\n<div class=\"paragraph paragraph--type--titulo-paragrafo paragraph--view-mode--default\">\n<div class=\"titulo-paragrafo__field-titulo\">\n<p><strong>Conserva\u00e7\u00e3o: <\/strong>Para preservar a qualidade natural deste alimento, conserva a embalagem bem fechada num lugar fresco e seco.<\/p>\n<p><strong>Declara\u00e7\u00e3o Nutricional:\u00a0<\/strong>Energia: 375kcal; L\u00edpidos: 1,3g, dos quais saturados: 0,2g; Hidratos de Carbono: 80g, dos quais a\u00e7\u00facares:29g; Fibra:5g; Prote\u00ednas:8,2g; Sal: 0,02g.<\/p>\n<p>Veja mais em <a href=\"https:\/\/www.ateti.pt\/loja\/categoria\/mercearia\/chocolates-biscoitos-e-cereais\/pequeno-almoco-e-cereais\/\">Pequeno-Almo\u00e7o e Cereais<\/a><\/p>\n<p>Veja mais em <a href=\"https:\/\/www.ateti.pt\/loja\/categoria\/bebe-crianca\/\">Beb\u00e9 e Crian\u00e7a<\/a><\/p>\n<\/div>\n<\/div>\n<\/div>\n<\/div>\n<\/div>\n<\/div>\n<\/div>\n","protected":false},"excerpt":{"rendered":"<p>6.98\u20ac\/KG<\/p>\n","protected":false},"featured_media":66588,"comment_status":"closed","ping_status":"closed","template":"","meta":{"_themeisle_gutenberg_block_has_review":false},"product_brand":[],"product_cat":[226,214,144,132,145],"product_tag":[],"woo-feed-brand":[],"class_list":{"0":"post-44811","1":"product","2":"type-product","3":"status-publish","4":"has-post-thumbnail","6":"product_cat-alimentacao","7":"product_cat-bebe-crianca","8":"product_cat-chocolates-biscoitos-e-cereais","9":"product_cat-mercearia","10":"product_cat-pequeno-almoco-e-cereais","12":"first","13":"instock","14":"taxable","15":"shipping-taxable","16":"purchasable","17":"product-type-simple"},"_links":{"self":[{"href":"https:\/\/www.ateti.pt\/loja\/wp-json\/wp\/v2\/product\/44811","targetHints":{"allow":["GET"]}}],"collection":[{"href":"https:\/\/www.ateti.pt\/loja\/wp-json\/wp\/v2\/product"}],"about":[{"href":"https:\/\/www.ateti.pt\/loja\/wp-json\/wp\/v2\/types\/product"}],"replies":[{"embeddable":true,"href":"https:\/\/www.ateti.pt\/loja\/wp-json\/wp\/v2\/comments?post=44811"}],"wp:featuredmedia":[{"embeddable":true,"href":"https:\/\/www.ateti.pt\/loja\/wp-json\/wp\/v2\/media\/66588"}],"wp:attachment":[{"href":"https:\/\/www.ateti.pt\/loja\/wp-json\/wp\/v2\/media?parent=44811"}],"wp:term":[{"taxonomy":"product_brand","embeddable":true,"href":"https:\/\/www.ateti.pt\/loja\/wp-json\/wp\/v2\/product_brand?post=44811"},{"taxonomy":"product_cat","embeddable":true,"href":"https:\/\/www.ateti.pt\/loja\/wp-json\/wp\/v2\/product_cat?post=44811"},{"taxonomy":"product_tag","embeddable":true,"href":"https:\/\/www.ateti.pt\/loja\/wp-json\/wp\/v2\/product_tag?post=44811"},{"taxonomy":"woo-feed-brand","embeddable":true,"href":"https:\/\/www.ateti.pt\/loja\/wp-json\/wp\/v2\/woo-feed-brand?post=44811"}],"curies":[{"name":"wp","href":"https:\/\/api.w.org\/{rel}","templated":true}]}}