{"id":44160,"date":"2022-09-06T09:47:16","date_gmt":"2022-09-06T08:47:16","guid":{"rendered":"https:\/\/www.ateti.pt\/loja\/?post_type=product&#038;p=44160"},"modified":"2023-03-29T15:27:51","modified_gmt":"2023-03-29T14:27:51","slug":"leite-com-chocolate-lanchinho-bom-mimosa-4x200ml","status":"publish","type":"product","link":"https:\/\/www.ateti.pt\/loja\/produto\/leite-com-chocolate-lanchinho-bom-mimosa-4x200ml\/","title":{"rendered":"Leite com Chocolate Lanchinho Bom 4x200ml Mimosa"},"content":{"rendered":"<p><strong>Leite com Chocolate Lanchinho Bom Mimosa<\/strong><\/p>\n<p><strong>Quantidade:<\/strong> 4x200ml<\/p>\n<p><strong>Ingredientes:\u00a0<\/strong>Leite meio-gordo, a\u00e7\u00facar, leite em p\u00f3 magro, cacau magro em p\u00f3: 0,6% e aroma. Isento de gl\u00faten.<\/p>\n<p><em>Origem: Portugal<\/em><\/p>\n<p>-40% a\u00e7\u00facares adicionados<\/p>\n<p><strong>Declara\u00e7\u00e3o Nutricional (por 100ml):\u00a0<\/strong>Energia: 224kj\/53kcal; L\u00edpidos: 1,1g; dos quais Saturados: 0,8g; Hidratos de Carbono: 7,3g; dos quais A\u00e7\u00facares: 7,0g; Fibra: 0,40g; Prote\u00ednas: 3,3g; Sal: 0,11g.<\/p>\n<p><em>O leite \u00e9 essencial na nossa alimenta\u00e7\u00e3o assumindo grande protagonismo na roda dos alimentos.<\/em><\/p>\n<p><em>Oferece nutrientes essenciais ao nosso organismo: prote\u00ednas, c\u00e1lcio, f\u00f3sforo, que s\u00e3o necess\u00e1rios para o crescimento e o desenvolvimento normais dos ossos das crian\u00e7as; iodo, que contribui para o crescimento normal das crian\u00e7as.<\/em><\/p>\n","protected":false},"excerpt":{"rendered":"<p>2,49\u20ac\/L<\/p>\n","protected":false},"featured_media":44628,"comment_status":"closed","ping_status":"closed","template":"","meta":{"_themeisle_gutenberg_block_has_review":false},"product_brand":[],"product_cat":[226,214,157,132],"product_tag":[593],"woo-feed-brand":[],"class_list":{"0":"post-44160","1":"product","2":"type-product","3":"status-publish","4":"has-post-thumbnail","6":"product_cat-alimentacao","7":"product_cat-bebe-crianca","8":"product_cat-laticinios","9":"product_cat-mercearia","10":"product_tag-novidades","11":"ts_product_brand-mimosa","13":"first","14":"instock","15":"sale","16":"taxable","17":"shipping-taxable","18":"purchasable","19":"product-type-simple"},"_links":{"self":[{"href":"https:\/\/www.ateti.pt\/loja\/wp-json\/wp\/v2\/product\/44160","targetHints":{"allow":["GET"]}}],"collection":[{"href":"https:\/\/www.ateti.pt\/loja\/wp-json\/wp\/v2\/product"}],"about":[{"href":"https:\/\/www.ateti.pt\/loja\/wp-json\/wp\/v2\/types\/product"}],"replies":[{"embeddable":true,"href":"https:\/\/www.ateti.pt\/loja\/wp-json\/wp\/v2\/comments?post=44160"}],"wp:featuredmedia":[{"embeddable":true,"href":"https:\/\/www.ateti.pt\/loja\/wp-json\/wp\/v2\/media\/44628"}],"wp:attachment":[{"href":"https:\/\/www.ateti.pt\/loja\/wp-json\/wp\/v2\/media?parent=44160"}],"wp:term":[{"taxonomy":"product_brand","embeddable":true,"href":"https:\/\/www.ateti.pt\/loja\/wp-json\/wp\/v2\/product_brand?post=44160"},{"taxonomy":"product_cat","embeddable":true,"href":"https:\/\/www.ateti.pt\/loja\/wp-json\/wp\/v2\/product_cat?post=44160"},{"taxonomy":"product_tag","embeddable":true,"href":"https:\/\/www.ateti.pt\/loja\/wp-json\/wp\/v2\/product_tag?post=44160"},{"taxonomy":"woo-feed-brand","embeddable":true,"href":"https:\/\/www.ateti.pt\/loja\/wp-json\/wp\/v2\/woo-feed-brand?post=44160"}],"curies":[{"name":"wp","href":"https:\/\/api.w.org\/{rel}","templated":true}]}}