{"id":44142,"date":"2025-02-05T10:02:12","date_gmt":"2025-02-05T10:02:12","guid":{"rendered":"https:\/\/www.ateti.pt\/loja\/?post_type=product&#038;p=44142"},"modified":"2026-04-29T09:28:44","modified_gmt":"2026-04-29T08:28:44","slug":"capsulas-de-cafe-delta-q-qalidus-xxl-60-capsulas","status":"publish","type":"product","link":"https:\/\/www.ateti.pt\/loja\/produto\/capsulas-de-cafe-delta-q-qalidus-xxl-60-capsulas\/","title":{"rendered":"Caf\u00e9 Qalidus Int 10 emb. 60 C\u00e1psulas Delta Q"},"content":{"rendered":"<p><strong>C\u00e1psulas de Caf\u00e9 Delta Q Qalidus XXL<\/strong><\/p>\n<p><strong>Quantidade:<\/strong> 60 c\u00e1psulas<\/p>\n<p><strong>Intensidade:\u00a0<\/strong>10<\/p>\n<p><strong>Ingredientes:\u00a0<\/strong>Caf\u00e9 torrado mo\u00eddo<\/p>\n<p><em>A mistura de robustas africanas e ar\u00e1bicas das Honduras d\u00e1 origem a um expresso encorpado, de leve acidez e notas de caramelo.<\/em><\/p>\n","protected":false},"excerpt":{"rendered":"<p>0,29\u20ac\/unidade<br \/>\n<strong>Intensidade:\u00a0<\/strong>10<br \/>\n<strong>Quantidade:<\/strong> 60 c\u00e1psulas<\/p>\n","protected":false},"featured_media":70145,"comment_status":"closed","ping_status":"closed","template":"","meta":{"_themeisle_gutenberg_block_has_review":false},"product_brand":[],"product_cat":[117,21],"product_tag":[],"woo-feed-brand":[],"class_list":{"0":"post-44142","1":"product","2":"type-product","3":"status-publish","4":"has-post-thumbnail","6":"product_cat-cafe-em-capsula","7":"product_cat-capsulas-delta-q","8":"ts_product_brand-delta-q","10":"first","11":"instock","12":"sale","13":"taxable","14":"shipping-taxable","15":"purchasable","16":"product-type-simple"},"_links":{"self":[{"href":"https:\/\/www.ateti.pt\/loja\/wp-json\/wp\/v2\/product\/44142","targetHints":{"allow":["GET"]}}],"collection":[{"href":"https:\/\/www.ateti.pt\/loja\/wp-json\/wp\/v2\/product"}],"about":[{"href":"https:\/\/www.ateti.pt\/loja\/wp-json\/wp\/v2\/types\/product"}],"replies":[{"embeddable":true,"href":"https:\/\/www.ateti.pt\/loja\/wp-json\/wp\/v2\/comments?post=44142"}],"wp:featuredmedia":[{"embeddable":true,"href":"https:\/\/www.ateti.pt\/loja\/wp-json\/wp\/v2\/media\/70145"}],"wp:attachment":[{"href":"https:\/\/www.ateti.pt\/loja\/wp-json\/wp\/v2\/media?parent=44142"}],"wp:term":[{"taxonomy":"product_brand","embeddable":true,"href":"https:\/\/www.ateti.pt\/loja\/wp-json\/wp\/v2\/product_brand?post=44142"},{"taxonomy":"product_cat","embeddable":true,"href":"https:\/\/www.ateti.pt\/loja\/wp-json\/wp\/v2\/product_cat?post=44142"},{"taxonomy":"product_tag","embeddable":true,"href":"https:\/\/www.ateti.pt\/loja\/wp-json\/wp\/v2\/product_tag?post=44142"},{"taxonomy":"woo-feed-brand","embeddable":true,"href":"https:\/\/www.ateti.pt\/loja\/wp-json\/wp\/v2\/woo-feed-brand?post=44142"}],"curies":[{"name":"wp","href":"https:\/\/api.w.org\/{rel}","templated":true}]}}