{"id":44055,"date":"2022-08-31T17:28:51","date_gmt":"2022-08-31T16:28:51","guid":{"rendered":"https:\/\/www.ateti.pt\/loja\/?post_type=product&#038;p=44055"},"modified":"2025-03-13T09:31:17","modified_gmt":"2025-03-13T09:31:17","slug":"ervilhas-cozidas-lata-amanhecer-420g","status":"publish","type":"product","link":"https:\/\/www.ateti.pt\/loja\/produto\/ervilhas-cozidas-lata-amanhecer-420g\/","title":{"rendered":"Ervilhas Cozidas Lata 420g Amanhecer"},"content":{"rendered":"<p><strong>Ervilhas Cozidas Lata Amanhecer<\/strong><\/p>\n<p><strong>Quantidade:<\/strong> 420g<\/p>\n<p><em>Conserva de ervilhas cozidas<\/em><\/p>\n<p><strong>Ingredientes:\u00a0<\/strong>Ervilhas, \u00e1gua e sal.<\/p>\n<p>Sem conservantes.<\/p>\n<p><strong>Declara\u00e7\u00e3o Nutricional (por 100g):\u00a0<\/strong>Energia: 331kj\/79kcal; L\u00edpidos: 0,7g; dos quais Saturados: 0,3g; Hidratos de Carbono: 9,3g; dos quais A\u00e7\u00facares: 0,6g; Fibra: 6,0g; Prote\u00ednas: 5,8g; Sal: 0,8g.<\/p>\n","protected":false},"excerpt":{"rendered":"<p>2,36\u20ac\/kg<\/p>\n","protected":false},"featured_media":44360,"comment_status":"closed","ping_status":"closed","template":"","meta":{"_themeisle_gutenberg_block_has_review":false},"product_brand":[],"product_cat":[199,196,132],"product_tag":[593],"woo-feed-brand":[],"class_list":{"0":"post-44055","1":"product","2":"type-product","3":"status-publish","4":"has-post-thumbnail","6":"product_cat-frascos-e-latas","7":"product_cat-leguminosas","8":"product_cat-mercearia","9":"product_tag-novidades","10":"ts_product_brand-amanhecer","12":"first","13":"instock","14":"taxable","15":"shipping-taxable","16":"purchasable","17":"product-type-simple"},"_links":{"self":[{"href":"https:\/\/www.ateti.pt\/loja\/wp-json\/wp\/v2\/product\/44055","targetHints":{"allow":["GET"]}}],"collection":[{"href":"https:\/\/www.ateti.pt\/loja\/wp-json\/wp\/v2\/product"}],"about":[{"href":"https:\/\/www.ateti.pt\/loja\/wp-json\/wp\/v2\/types\/product"}],"replies":[{"embeddable":true,"href":"https:\/\/www.ateti.pt\/loja\/wp-json\/wp\/v2\/comments?post=44055"}],"wp:featuredmedia":[{"embeddable":true,"href":"https:\/\/www.ateti.pt\/loja\/wp-json\/wp\/v2\/media\/44360"}],"wp:attachment":[{"href":"https:\/\/www.ateti.pt\/loja\/wp-json\/wp\/v2\/media?parent=44055"}],"wp:term":[{"taxonomy":"product_brand","embeddable":true,"href":"https:\/\/www.ateti.pt\/loja\/wp-json\/wp\/v2\/product_brand?post=44055"},{"taxonomy":"product_cat","embeddable":true,"href":"https:\/\/www.ateti.pt\/loja\/wp-json\/wp\/v2\/product_cat?post=44055"},{"taxonomy":"product_tag","embeddable":true,"href":"https:\/\/www.ateti.pt\/loja\/wp-json\/wp\/v2\/product_tag?post=44055"},{"taxonomy":"woo-feed-brand","embeddable":true,"href":"https:\/\/www.ateti.pt\/loja\/wp-json\/wp\/v2\/woo-feed-brand?post=44055"}],"curies":[{"name":"wp","href":"https:\/\/api.w.org\/{rel}","templated":true}]}}