{"id":44053,"date":"2022-08-31T17:19:58","date_gmt":"2022-08-31T16:19:58","guid":{"rendered":"https:\/\/www.ateti.pt\/loja\/?post_type=product&#038;p=44053"},"modified":"2023-07-21T09:58:26","modified_gmt":"2023-07-21T08:58:26","slug":"cogumelos-laminados-amanhecer-3x185g","status":"publish","type":"product","link":"https:\/\/www.ateti.pt\/loja\/produto\/cogumelos-laminados-amanhecer-3x185g\/","title":{"rendered":"Cogumelos Laminados 3x185g Amanhecer"},"content":{"rendered":"<p><strong>Cogumelos Laminados Amanhecer<\/strong><\/p>\n<p><strong>Quantidade:<\/strong> 3x185g<\/p>\n<p><em>Cogumelos laminados<\/em><\/p>\n<p><em>Origem: Espanha<\/em><\/p>\n<p><strong>Ingredientes:\u00a0<\/strong>Cogumelos (Agaricus bisporus), \u00e1gua, sal, regulador de acidez (E330).<\/p>\n<p>Sem corantes nem conservantes.<\/p>\n<p><strong>Declara\u00e7\u00e3o Nutricional (por 100g):\u00a0<\/strong>Energia: 120kj\/29kcal; L\u00edpidos: 0,7g; dos quais Saturados: 0,3g; Hidratos de Carbono: 0,9g; dos quais A\u00e7\u00facares: 0,7g; Fibra: 3,0g; Prote\u00ednas: 3,2g; Sal: 0,6g.<\/p>\n","protected":false},"excerpt":{"rendered":"<p>5.39\u20ac\/kg<\/p>\n","protected":false},"featured_media":44358,"comment_status":"closed","ping_status":"closed","template":"","meta":{"_themeisle_gutenberg_block_has_review":false},"product_brand":[],"product_cat":[199,196,132],"product_tag":[593],"woo-feed-brand":[],"class_list":{"0":"post-44053","1":"product","2":"type-product","3":"status-publish","4":"has-post-thumbnail","6":"product_cat-frascos-e-latas","7":"product_cat-leguminosas","8":"product_cat-mercearia","9":"product_tag-novidades","10":"ts_product_brand-amanhecer","12":"first","13":"instock","14":"taxable","15":"shipping-taxable","16":"purchasable","17":"product-type-simple"},"_links":{"self":[{"href":"https:\/\/www.ateti.pt\/loja\/wp-json\/wp\/v2\/product\/44053","targetHints":{"allow":["GET"]}}],"collection":[{"href":"https:\/\/www.ateti.pt\/loja\/wp-json\/wp\/v2\/product"}],"about":[{"href":"https:\/\/www.ateti.pt\/loja\/wp-json\/wp\/v2\/types\/product"}],"replies":[{"embeddable":true,"href":"https:\/\/www.ateti.pt\/loja\/wp-json\/wp\/v2\/comments?post=44053"}],"wp:featuredmedia":[{"embeddable":true,"href":"https:\/\/www.ateti.pt\/loja\/wp-json\/wp\/v2\/media\/44358"}],"wp:attachment":[{"href":"https:\/\/www.ateti.pt\/loja\/wp-json\/wp\/v2\/media?parent=44053"}],"wp:term":[{"taxonomy":"product_brand","embeddable":true,"href":"https:\/\/www.ateti.pt\/loja\/wp-json\/wp\/v2\/product_brand?post=44053"},{"taxonomy":"product_cat","embeddable":true,"href":"https:\/\/www.ateti.pt\/loja\/wp-json\/wp\/v2\/product_cat?post=44053"},{"taxonomy":"product_tag","embeddable":true,"href":"https:\/\/www.ateti.pt\/loja\/wp-json\/wp\/v2\/product_tag?post=44053"},{"taxonomy":"woo-feed-brand","embeddable":true,"href":"https:\/\/www.ateti.pt\/loja\/wp-json\/wp\/v2\/woo-feed-brand?post=44053"}],"curies":[{"name":"wp","href":"https:\/\/api.w.org\/{rel}","templated":true}]}}