{"id":44051,"date":"2022-08-31T17:05:37","date_gmt":"2022-08-31T16:05:37","guid":{"rendered":"https:\/\/www.ateti.pt\/loja\/?post_type=product&#038;p=44051"},"modified":"2025-10-13T16:48:20","modified_gmt":"2025-10-13T15:48:20","slug":"milho-doce-amanhecer-3x150g","status":"publish","type":"product","link":"https:\/\/www.ateti.pt\/loja\/produto\/milho-doce-amanhecer-3x150g\/","title":{"rendered":"Milho Doce 3x150g Amanhecer"},"content":{"rendered":"<p><strong>Milho Doce Amanhecer<\/strong><\/p>\n<p><strong>Quantidade:<\/strong> 3x150g<\/p>\n<p><em>Conserva de milho doce<\/em><\/p>\n<p><strong>Ingredientes:\u00a0<\/strong>Milho doce, \u00e1gua e sal.<\/p>\n<p>Sem corantes nem conservantes. Sem a\u00e7\u00facares adicionados. Cont\u00e9m a\u00e7\u00facares naturalmente adicionados.<\/p>\n<p><strong>Declara\u00e7\u00e3o Nutricional (por 100g):\u00a0<\/strong>Energia: 377kj\/90kcal; L\u00edpidos: 2,4g; dos quais Saturados: 0,5g; Hidratos de Carbono: 12g; dos quais A\u00e7\u00facares: 4,9g; Fibra: 4,3g; Prote\u00ednas: 2,9g; Sal: 0,2g.<\/p>\n","protected":false},"excerpt":{"rendered":"<p>6.2\u20ac\/kg<\/p>\n","protected":false},"featured_media":44356,"comment_status":"closed","ping_status":"closed","template":"","meta":{"_themeisle_gutenberg_block_has_review":false},"product_brand":[],"product_cat":[155,199,196,132],"product_tag":[],"woo-feed-brand":[],"class_list":{"0":"post-44051","1":"product","2":"type-product","3":"status-publish","4":"has-post-thumbnail","6":"product_cat-conservas","7":"product_cat-frascos-e-latas","8":"product_cat-leguminosas","9":"product_cat-mercearia","10":"ts_product_brand-amanhecer","12":"first","13":"instock","14":"taxable","15":"shipping-taxable","16":"purchasable","17":"product-type-simple"},"_links":{"self":[{"href":"https:\/\/www.ateti.pt\/loja\/wp-json\/wp\/v2\/product\/44051","targetHints":{"allow":["GET"]}}],"collection":[{"href":"https:\/\/www.ateti.pt\/loja\/wp-json\/wp\/v2\/product"}],"about":[{"href":"https:\/\/www.ateti.pt\/loja\/wp-json\/wp\/v2\/types\/product"}],"replies":[{"embeddable":true,"href":"https:\/\/www.ateti.pt\/loja\/wp-json\/wp\/v2\/comments?post=44051"}],"wp:featuredmedia":[{"embeddable":true,"href":"https:\/\/www.ateti.pt\/loja\/wp-json\/wp\/v2\/media\/44356"}],"wp:attachment":[{"href":"https:\/\/www.ateti.pt\/loja\/wp-json\/wp\/v2\/media?parent=44051"}],"wp:term":[{"taxonomy":"product_brand","embeddable":true,"href":"https:\/\/www.ateti.pt\/loja\/wp-json\/wp\/v2\/product_brand?post=44051"},{"taxonomy":"product_cat","embeddable":true,"href":"https:\/\/www.ateti.pt\/loja\/wp-json\/wp\/v2\/product_cat?post=44051"},{"taxonomy":"product_tag","embeddable":true,"href":"https:\/\/www.ateti.pt\/loja\/wp-json\/wp\/v2\/product_tag?post=44051"},{"taxonomy":"woo-feed-brand","embeddable":true,"href":"https:\/\/www.ateti.pt\/loja\/wp-json\/wp\/v2\/woo-feed-brand?post=44051"}],"curies":[{"name":"wp","href":"https:\/\/api.w.org\/{rel}","templated":true}]}}