{"id":43885,"date":"2025-01-15T16:48:57","date_gmt":"2025-01-15T16:48:57","guid":{"rendered":"https:\/\/www.ateti.pt\/loja\/?post_type=product&#038;p=43885"},"modified":"2025-03-27T15:48:10","modified_gmt":"2025-03-27T15:48:10","slug":"topping-de-chocolate-belga-branca-de-neve-390g","status":"publish","type":"product","link":"https:\/\/www.ateti.pt\/loja\/produto\/topping-de-chocolate-belga-branca-de-neve-390g\/","title":{"rendered":"Topping de Chocolate Belga 390g Branca de Neve"},"content":{"rendered":"<p><strong>Topping de Chocolate Belga Branca de Neve<\/strong><\/p>\n<p><strong>Quantidade:<\/strong>\u00a0390g<\/p>\n<p><em>Cobertura L\u00edquida de Chocolate Belga<\/em><\/p>\n<p><strong>Ingredientes:\u00a0<\/strong>Xarope de glicose-frutose, a\u00e7\u00facar, \u00e1gua, cacau (8%), sal, aroma, conservante (sorbato de pot\u00e1ssio).<\/p>\n<p><strong>Declara\u00e7\u00e3o Nutricional (por 100g):\u00a0<\/strong>Energia: 1212kj\/285kcal; L\u00edpidos: 1,7g; dos quais Saturados: 1,0g; Hidratos de Carbono: 65g; dos quais A\u00e7\u00facares: 59g; Fibra: 2,4g; Prote\u00ednas: 1,6g; Sal: 0,15g.<\/p>\n<p><em>Delicioso com: Gelados, Crepes, Panquecas e sobremesas em geral<\/em><\/p>\n","protected":false},"excerpt":{"rendered":"<p>10.23\u20ac\/kg<\/p>\n","protected":false},"featured_media":44348,"comment_status":"closed","ping_status":"closed","template":"","meta":{"_themeisle_gutenberg_block_has_review":false},"product_brand":[],"product_cat":[25,144,132],"product_tag":[],"woo-feed-brand":[],"class_list":{"0":"post-43885","1":"product","2":"type-product","3":"status-publish","4":"has-post-thumbnail","6":"product_cat-chocolates","7":"product_cat-chocolates-biscoitos-e-cereais","8":"product_cat-mercearia","9":"ts_product_brand-branca-de-neve","11":"first","12":"instock","13":"taxable","14":"shipping-taxable","15":"purchasable","16":"product-type-simple"},"_links":{"self":[{"href":"https:\/\/www.ateti.pt\/loja\/wp-json\/wp\/v2\/product\/43885","targetHints":{"allow":["GET"]}}],"collection":[{"href":"https:\/\/www.ateti.pt\/loja\/wp-json\/wp\/v2\/product"}],"about":[{"href":"https:\/\/www.ateti.pt\/loja\/wp-json\/wp\/v2\/types\/product"}],"replies":[{"embeddable":true,"href":"https:\/\/www.ateti.pt\/loja\/wp-json\/wp\/v2\/comments?post=43885"}],"wp:featuredmedia":[{"embeddable":true,"href":"https:\/\/www.ateti.pt\/loja\/wp-json\/wp\/v2\/media\/44348"}],"wp:attachment":[{"href":"https:\/\/www.ateti.pt\/loja\/wp-json\/wp\/v2\/media?parent=43885"}],"wp:term":[{"taxonomy":"product_brand","embeddable":true,"href":"https:\/\/www.ateti.pt\/loja\/wp-json\/wp\/v2\/product_brand?post=43885"},{"taxonomy":"product_cat","embeddable":true,"href":"https:\/\/www.ateti.pt\/loja\/wp-json\/wp\/v2\/product_cat?post=43885"},{"taxonomy":"product_tag","embeddable":true,"href":"https:\/\/www.ateti.pt\/loja\/wp-json\/wp\/v2\/product_tag?post=43885"},{"taxonomy":"woo-feed-brand","embeddable":true,"href":"https:\/\/www.ateti.pt\/loja\/wp-json\/wp\/v2\/woo-feed-brand?post=43885"}],"curies":[{"name":"wp","href":"https:\/\/api.w.org\/{rel}","templated":true}]}}