{"id":43874,"date":"2022-08-25T12:24:59","date_gmt":"2022-08-25T11:24:59","guid":{"rendered":"https:\/\/www.ateti.pt\/loja\/?post_type=product&#038;p=43874"},"modified":"2024-08-20T12:25:52","modified_gmt":"2024-08-20T11:25:52","slug":"feijao-vermelho-cozido-lata-meps-25kg","status":"publish","type":"product","link":"https:\/\/www.ateti.pt\/loja\/produto\/feijao-vermelho-cozido-lata-meps-25kg\/","title":{"rendered":"Feij\u00e3o Vermelho Cozido Lata Meps 2,5kg"},"content":{"rendered":"<p><strong>Feij\u00e3o Vermelho Cozido Lata Meps<\/strong><\/p>\n<p><strong>Quantidade: <\/strong>2,5kg<\/p>\n<p><strong>Ingredientes:\u00a0<\/strong>Feij\u00e3o vermelho, \u00e1gua e sal<\/p>\n<p><strong>Declara\u00e7\u00e3o Nutricional (por 100g):\u00a0<\/strong>Energia: 332kj\/79kcal; L\u00edpidos: 0,6g; dos quais Saturados: 0,2g; Hidratos de Carbono: 8,5g; dos quais A\u00e7\u00facares: 0,6g; Fibra: 7,7g; Prote\u00ednas: 6,0g; Sal: 0,33g.<\/p>\n","protected":false},"excerpt":{"rendered":"<p>1,68\u20ac\/kg<\/p>\n","protected":false},"featured_media":61569,"comment_status":"closed","ping_status":"closed","template":"","meta":{"_themeisle_gutenberg_block_has_review":false},"product_brand":[],"product_cat":[542,250,690],"product_tag":[593],"woo-feed-brand":[],"class_list":{"0":"post-43874","1":"product","2":"type-product","3":"status-publish","4":"has-post-thumbnail","6":"product_cat-alimentacao-office","7":"product_cat-ate-ti-negocios","8":"product_cat-enlatados","9":"product_tag-novidades","10":"ts_product_brand-meps","12":"first","13":"instock","14":"sale","15":"taxable","16":"shipping-taxable","17":"purchasable","18":"product-type-simple"},"_links":{"self":[{"href":"https:\/\/www.ateti.pt\/loja\/wp-json\/wp\/v2\/product\/43874","targetHints":{"allow":["GET"]}}],"collection":[{"href":"https:\/\/www.ateti.pt\/loja\/wp-json\/wp\/v2\/product"}],"about":[{"href":"https:\/\/www.ateti.pt\/loja\/wp-json\/wp\/v2\/types\/product"}],"replies":[{"embeddable":true,"href":"https:\/\/www.ateti.pt\/loja\/wp-json\/wp\/v2\/comments?post=43874"}],"wp:featuredmedia":[{"embeddable":true,"href":"https:\/\/www.ateti.pt\/loja\/wp-json\/wp\/v2\/media\/61569"}],"wp:attachment":[{"href":"https:\/\/www.ateti.pt\/loja\/wp-json\/wp\/v2\/media?parent=43874"}],"wp:term":[{"taxonomy":"product_brand","embeddable":true,"href":"https:\/\/www.ateti.pt\/loja\/wp-json\/wp\/v2\/product_brand?post=43874"},{"taxonomy":"product_cat","embeddable":true,"href":"https:\/\/www.ateti.pt\/loja\/wp-json\/wp\/v2\/product_cat?post=43874"},{"taxonomy":"product_tag","embeddable":true,"href":"https:\/\/www.ateti.pt\/loja\/wp-json\/wp\/v2\/product_tag?post=43874"},{"taxonomy":"woo-feed-brand","embeddable":true,"href":"https:\/\/www.ateti.pt\/loja\/wp-json\/wp\/v2\/woo-feed-brand?post=43874"}],"curies":[{"name":"wp","href":"https:\/\/api.w.org\/{rel}","templated":true}]}}