{"id":43651,"date":"2022-08-18T18:05:21","date_gmt":"2022-08-18T17:05:21","guid":{"rendered":"https:\/\/www.ateti.pt\/loja\/?post_type=product&#038;p=43651"},"modified":"2025-11-12T12:24:23","modified_gmt":"2025-11-12T12:24:23","slug":"planta-original-400g","status":"publish","type":"product","link":"https:\/\/www.ateti.pt\/loja\/produto\/planta-original-400g\/","title":{"rendered":"Creme Vegetal Original 400g Planta"},"content":{"rendered":"<p><strong>Planta Original<\/strong><\/p>\n<p><strong>Quantidade: <\/strong>400g<\/p>\n<p><em>Creme vegetal para barrar a 75%<\/em><\/p>\n<p><strong>Ingredientes:\u00a0<\/strong>\u00d3leos vegetais (colza, girassol, em propor\u00e7\u00f5es vari\u00e1veis), gordura vegetal de palma, \u00e1gua, leitelho, sal (1,4%), emulsionante (lecitina), aromas naturais, vitaminas (A,D).<\/p>\n<p><strong>Declara\u00e7\u00e3o Nutricional (por 100g):\u00a0<\/strong>Energia: 2779kj\/672kcal; L\u00edpidos: 75g; dos quais Saturados: 20g; Hidratos de Carbono: &lt;0,5g; dos quais A\u00e7\u00facares: &lt;0,5g; Prote\u00ednas: &lt;0,5g; Sal: 1,4g.<\/p>\n","protected":false},"excerpt":{"rendered":"<p>7,73\u20ac\/kg<\/p>\n","protected":false},"featured_media":43709,"comment_status":"closed","ping_status":"closed","template":"","meta":{"_themeisle_gutenberg_block_has_review":false},"product_brand":[],"product_cat":[178,186,622],"product_tag":[593],"woo-feed-brand":[],"class_list":{"0":"post-43651","1":"product","2":"type-product","3":"status-publish","4":"has-post-thumbnail","6":"product_cat-lacticinios","7":"product_cat-manteigas-e-cremes-vegetais","8":"product_cat-refrigerados","9":"product_tag-novidades","10":"ts_product_brand-planta","12":"first","13":"instock","14":"taxable","15":"shipping-taxable","16":"purchasable","17":"product-type-simple"},"_links":{"self":[{"href":"https:\/\/www.ateti.pt\/loja\/wp-json\/wp\/v2\/product\/43651","targetHints":{"allow":["GET"]}}],"collection":[{"href":"https:\/\/www.ateti.pt\/loja\/wp-json\/wp\/v2\/product"}],"about":[{"href":"https:\/\/www.ateti.pt\/loja\/wp-json\/wp\/v2\/types\/product"}],"replies":[{"embeddable":true,"href":"https:\/\/www.ateti.pt\/loja\/wp-json\/wp\/v2\/comments?post=43651"}],"wp:featuredmedia":[{"embeddable":true,"href":"https:\/\/www.ateti.pt\/loja\/wp-json\/wp\/v2\/media\/43709"}],"wp:attachment":[{"href":"https:\/\/www.ateti.pt\/loja\/wp-json\/wp\/v2\/media?parent=43651"}],"wp:term":[{"taxonomy":"product_brand","embeddable":true,"href":"https:\/\/www.ateti.pt\/loja\/wp-json\/wp\/v2\/product_brand?post=43651"},{"taxonomy":"product_cat","embeddable":true,"href":"https:\/\/www.ateti.pt\/loja\/wp-json\/wp\/v2\/product_cat?post=43651"},{"taxonomy":"product_tag","embeddable":true,"href":"https:\/\/www.ateti.pt\/loja\/wp-json\/wp\/v2\/product_tag?post=43651"},{"taxonomy":"woo-feed-brand","embeddable":true,"href":"https:\/\/www.ateti.pt\/loja\/wp-json\/wp\/v2\/woo-feed-brand?post=43651"}],"curies":[{"name":"wp","href":"https:\/\/api.w.org\/{rel}","templated":true}]}}