{"id":43640,"date":"2022-08-18T17:11:44","date_gmt":"2022-08-18T16:11:44","guid":{"rendered":"https:\/\/www.ateti.pt\/loja\/?post_type=product&#038;p=43640"},"modified":"2026-02-18T16:59:55","modified_gmt":"2026-02-18T16:59:55","slug":"ambientador-auto-arvore-de-morango-auto-7","status":"publish","type":"product","link":"https:\/\/www.ateti.pt\/loja\/produto\/ambientador-auto-arvore-de-morango-auto-7\/","title":{"rendered":"Ambientador Auto \u00c1rvore de Morango Auto 7"},"content":{"rendered":"<p><strong>Ambientador Auto \u00c1rvore de Morango Auto 7<\/strong><\/p>\n<p><strong>Quantidade:\u00a0<\/strong>1un<\/p>\n<p><strong>Modo de emprego:\u00a0<\/strong>Separar a embalagem de pl\u00e1stico do cart\u00e3o; Fazer um pequeno corte na parte superior da embalagem de pl\u00e1stico; Adaptar no interior do autom\u00f3vel; Remover o ambientador da embalagem pl\u00e1stica \u00e0 medida que este for perdendo intensidade.<\/p>\n<p><em>Aten\u00e7\u00e3o: Manter o ambientador em suspens\u00e3o de forma a n\u00e3o contactar com outras superf\u00edcies.<\/em><\/p>\n","protected":false},"excerpt":{"rendered":"<p>1,39\u20ac\/un<\/p>\n","protected":false},"featured_media":43703,"comment_status":"closed","ping_status":"closed","template":"","meta":{"_themeisle_gutenberg_block_has_review":false},"product_brand":[],"product_cat":[237,706],"product_tag":[593],"woo-feed-brand":[],"class_list":{"0":"post-43640","1":"product","2":"type-product","3":"status-publish","4":"has-post-thumbnail","6":"product_cat-casa-jardim","7":"product_cat-utilitarios-de-casa","8":"product_tag-novidades","9":"ts_product_brand-auto-7","11":"first","12":"instock","13":"taxable","14":"shipping-taxable","15":"purchasable","16":"product-type-simple"},"_links":{"self":[{"href":"https:\/\/www.ateti.pt\/loja\/wp-json\/wp\/v2\/product\/43640","targetHints":{"allow":["GET"]}}],"collection":[{"href":"https:\/\/www.ateti.pt\/loja\/wp-json\/wp\/v2\/product"}],"about":[{"href":"https:\/\/www.ateti.pt\/loja\/wp-json\/wp\/v2\/types\/product"}],"replies":[{"embeddable":true,"href":"https:\/\/www.ateti.pt\/loja\/wp-json\/wp\/v2\/comments?post=43640"}],"wp:featuredmedia":[{"embeddable":true,"href":"https:\/\/www.ateti.pt\/loja\/wp-json\/wp\/v2\/media\/43703"}],"wp:attachment":[{"href":"https:\/\/www.ateti.pt\/loja\/wp-json\/wp\/v2\/media?parent=43640"}],"wp:term":[{"taxonomy":"product_brand","embeddable":true,"href":"https:\/\/www.ateti.pt\/loja\/wp-json\/wp\/v2\/product_brand?post=43640"},{"taxonomy":"product_cat","embeddable":true,"href":"https:\/\/www.ateti.pt\/loja\/wp-json\/wp\/v2\/product_cat?post=43640"},{"taxonomy":"product_tag","embeddable":true,"href":"https:\/\/www.ateti.pt\/loja\/wp-json\/wp\/v2\/product_tag?post=43640"},{"taxonomy":"woo-feed-brand","embeddable":true,"href":"https:\/\/www.ateti.pt\/loja\/wp-json\/wp\/v2\/woo-feed-brand?post=43640"}],"curies":[{"name":"wp","href":"https:\/\/api.w.org\/{rel}","templated":true}]}}