{"id":43629,"date":"2025-12-18T15:31:31","date_gmt":"2025-12-18T15:31:31","guid":{"rendered":"https:\/\/www.ateti.pt\/loja\/?post_type=product&#038;p=43629"},"modified":"2026-02-18T10:24:59","modified_gmt":"2026-02-18T10:24:59","slug":"pastilhas-maquina-de-loica-super-power-gel-ultra-pro-27un","status":"publish","type":"product","link":"https:\/\/www.ateti.pt\/loja\/produto\/pastilhas-maquina-de-loica-super-power-gel-ultra-pro-27un\/","title":{"rendered":"Pastilhas M\u00e1quina de Loi\u00e7a Super Power + Gel Ultra Pro"},"content":{"rendered":"<p><strong>Pastilhas M\u00e1quina de Loi\u00e7a Super Power + Gel Ultra Pro<\/strong><\/p>\n<p><strong>Quantidade: <\/strong>27un<\/p>\n<p><em>Detergente em c\u00e1psulas hidrossol\u00faveis para m\u00e1quina de loi\u00e7a Tudo em 1<\/em><\/p>\n<p><em>Excelentes resultados em ciclos curtos; Remove gordura persistente; Poder extra brilho; Prote\u00e7\u00e3o do vidro; Neutralizador de odores; Detergente + Abrilhantador + Sal; Elimina diferentes tipos de sujidade; Higiene e limpeza da m\u00e1quina e da loi\u00e7a; Secagem r\u00e1pida; Prote\u00e7\u00e3o e preven\u00e7\u00e3o do calc\u00e1rio; Previne a acumula\u00e7\u00e3o de sujidade; Agentes protetores do a\u00e7o inoxid\u00e1vel; Dissolu\u00e7\u00e3o mais r\u00e1pida<\/em><\/p>\n","protected":false},"excerpt":{"rendered":"<p>0,24\u20ac\/un<\/p>\n","protected":false},"featured_media":43696,"comment_status":"closed","ping_status":"closed","template":"","meta":{"_themeisle_gutenberg_block_has_review":false},"product_brand":[],"product_cat":[209,190,204],"product_tag":[593],"woo-feed-brand":[],"class_list":{"0":"post-43629","1":"product","2":"type-product","3":"status-publish","4":"has-post-thumbnail","6":"product_cat-cozinha","7":"product_cat-desinfetantes-e-limpeza","8":"product_cat-limpeza","9":"product_tag-novidades","10":"ts_product_brand-ultra-pro","12":"first","13":"instock","14":"taxable","15":"shipping-taxable","16":"purchasable","17":"product-type-simple"},"_links":{"self":[{"href":"https:\/\/www.ateti.pt\/loja\/wp-json\/wp\/v2\/product\/43629","targetHints":{"allow":["GET"]}}],"collection":[{"href":"https:\/\/www.ateti.pt\/loja\/wp-json\/wp\/v2\/product"}],"about":[{"href":"https:\/\/www.ateti.pt\/loja\/wp-json\/wp\/v2\/types\/product"}],"replies":[{"embeddable":true,"href":"https:\/\/www.ateti.pt\/loja\/wp-json\/wp\/v2\/comments?post=43629"}],"wp:featuredmedia":[{"embeddable":true,"href":"https:\/\/www.ateti.pt\/loja\/wp-json\/wp\/v2\/media\/43696"}],"wp:attachment":[{"href":"https:\/\/www.ateti.pt\/loja\/wp-json\/wp\/v2\/media?parent=43629"}],"wp:term":[{"taxonomy":"product_brand","embeddable":true,"href":"https:\/\/www.ateti.pt\/loja\/wp-json\/wp\/v2\/product_brand?post=43629"},{"taxonomy":"product_cat","embeddable":true,"href":"https:\/\/www.ateti.pt\/loja\/wp-json\/wp\/v2\/product_cat?post=43629"},{"taxonomy":"product_tag","embeddable":true,"href":"https:\/\/www.ateti.pt\/loja\/wp-json\/wp\/v2\/product_tag?post=43629"},{"taxonomy":"woo-feed-brand","embeddable":true,"href":"https:\/\/www.ateti.pt\/loja\/wp-json\/wp\/v2\/woo-feed-brand?post=43629"}],"curies":[{"name":"wp","href":"https:\/\/api.w.org\/{rel}","templated":true}]}}