{"id":43627,"date":"2022-08-18T15:19:19","date_gmt":"2022-08-18T14:19:19","guid":{"rendered":"https:\/\/www.ateti.pt\/loja\/?post_type=product&#038;p=43627"},"modified":"2024-05-08T13:48:08","modified_gmt":"2024-05-08T13:48:08","slug":"pastilhas-maquina-de-loica-classic-ultra-pro-50un","status":"publish","type":"product","link":"https:\/\/www.ateti.pt\/loja\/produto\/pastilhas-maquina-de-loica-classic-ultra-pro-50un\/","title":{"rendered":"Pastilhas M\u00e1quina de Loi\u00e7a Classic 60un Ultra Pro"},"content":{"rendered":"<p><strong>Pastilhas Loi\u00e7a Ultra Pro<\/strong><\/p>\n<p><em>Detergente em pastilhas para m\u00e1quina de loi\u00e7a<\/em><\/p>\n<p><strong>Quantidade: <\/strong>60un<\/p>\n<p><em>Pel\u00edcula Hidrossol\u00favel<\/em><\/p>\n<p><em>Previne a acumula\u00e7\u00e3o de sujidade; Agentes protectores do vidro; Higiene e limpeza da m\u00e1quina e da loi\u00e7a; Prote\u00e7\u00e3o e preven\u00e7\u00e3o do calc\u00e1rio; Elimina diferentes tipos de sujidade<\/em><\/p>\n<p>Pastilhas M\u00e1quina de Loi\u00e7a Classic Ultra Pro t\u00eam o maior poder desengordurante. Pel\u00edcula hidrossol\u00favel. Agentes protetores do vidro. Previne a acumula\u00e7\u00e3o de sujidade. \u2731 Alertamos para o facto de o Mercad\u00e3o (Fonte Neg\u00f3cios Online, S.A.) n\u00e3o ser respons\u00e1vel por poss\u00edveis diverg\u00eancias no que concerne \u00e0 informa\u00e7\u00e3o sobre os produtos apresentados no nosso website, partilhada pelo fornecedor ou fabricante, e a que vigora nos r\u00f3tulos dos mesmos. Recomendamos que considere sempre a informa\u00e7\u00e3o apresentada no produto que recebe.<\/p>\n","protected":false},"excerpt":{"rendered":"<p>0,08\u20ac\/un<\/p>\n","protected":false},"featured_media":60239,"comment_status":"closed","ping_status":"closed","template":"","meta":{"_themeisle_gutenberg_block_has_review":false},"product_brand":[],"product_cat":[209,190,204],"product_tag":[],"woo-feed-brand":[],"class_list":{"0":"post-43627","1":"product","2":"type-product","3":"status-publish","4":"has-post-thumbnail","6":"product_cat-cozinha","7":"product_cat-desinfetantes-e-limpeza","8":"product_cat-limpeza","9":"ts_product_brand-ultra-pro","11":"first","12":"instock","13":"taxable","14":"shipping-taxable","15":"purchasable","16":"product-type-simple"},"_links":{"self":[{"href":"https:\/\/www.ateti.pt\/loja\/wp-json\/wp\/v2\/product\/43627","targetHints":{"allow":["GET"]}}],"collection":[{"href":"https:\/\/www.ateti.pt\/loja\/wp-json\/wp\/v2\/product"}],"about":[{"href":"https:\/\/www.ateti.pt\/loja\/wp-json\/wp\/v2\/types\/product"}],"replies":[{"embeddable":true,"href":"https:\/\/www.ateti.pt\/loja\/wp-json\/wp\/v2\/comments?post=43627"}],"wp:featuredmedia":[{"embeddable":true,"href":"https:\/\/www.ateti.pt\/loja\/wp-json\/wp\/v2\/media\/60239"}],"wp:attachment":[{"href":"https:\/\/www.ateti.pt\/loja\/wp-json\/wp\/v2\/media?parent=43627"}],"wp:term":[{"taxonomy":"product_brand","embeddable":true,"href":"https:\/\/www.ateti.pt\/loja\/wp-json\/wp\/v2\/product_brand?post=43627"},{"taxonomy":"product_cat","embeddable":true,"href":"https:\/\/www.ateti.pt\/loja\/wp-json\/wp\/v2\/product_cat?post=43627"},{"taxonomy":"product_tag","embeddable":true,"href":"https:\/\/www.ateti.pt\/loja\/wp-json\/wp\/v2\/product_tag?post=43627"},{"taxonomy":"woo-feed-brand","embeddable":true,"href":"https:\/\/www.ateti.pt\/loja\/wp-json\/wp\/v2\/woo-feed-brand?post=43627"}],"curies":[{"name":"wp","href":"https:\/\/api.w.org\/{rel}","templated":true}]}}