{"id":43621,"date":"2022-08-18T12:47:32","date_gmt":"2022-08-18T11:47:32","guid":{"rendered":"https:\/\/www.ateti.pt\/loja\/?post_type=product&#038;p=43621"},"modified":"2023-03-29T15:34:12","modified_gmt":"2023-03-29T14:34:12","slug":"pensos-higienicos-fina-e-segura-normal-sem-alas-evax-16un","status":"publish","type":"product","link":"https:\/\/www.ateti.pt\/loja\/produto\/pensos-higienicos-fina-e-segura-normal-sem-alas-evax-16un\/","title":{"rendered":"Pensos Higi\u00e9nicos Fina e Segura Normal sem Alas 16un Evax"},"content":{"rendered":"<p><strong>Pensos Higi\u00e9nicos Fina e Segura Normal sem Alas Evax<\/strong><\/p>\n<p><strong>Quantidade: <\/strong>16un<\/p>\n<p>Os pensos higi\u00e9nicos EVAX Cottonlike e Fina y Segura absorvem o fluxo menstrual t\u00e3o rapidamente que funcionam mesmo ao contr\u00e1rio, para que a superf\u00edcie se mantenha seca e te sintas limpa durante horas.<\/p>\n<p>Os pensos higi\u00e9nicos EVAX Fina &amp; Segura s\u00e3o a escolha perfeita para quem procura qualidade e desempenho ao melhor pre\u00e7o, para os dias do per\u00edodo com fluxo normal. Os pensos higi\u00e9nicos EVAX Fina &amp; Segura s\u00e3o finos para um maior conforto e possuem tecnologia que neutraliza o odor menstrual, al\u00e9m de um n\u00facleo absorvente que te garante prote\u00e7\u00e3o durante todo o dia. Dispon\u00edveis com e sem abas.<\/p>\n<p><strong>Tecnologia que neutraliza o odor<\/strong><\/p>\n<p>Tecnologia que neutraliza e combate o odor.<\/p>\n<p><strong>Finos para maior conforto<\/strong><\/p>\n<p>Finos para proporcionar maior conforto e discri\u00e7\u00e3o.<\/p>\n<p><strong>N\u00facleo absorvente<\/strong><\/p>\n<p>N\u00facleo absorvente para prote\u00e7\u00e3o durante todo o dia.<\/p>\n<p><strong>Dermatologicamente testado<\/strong><\/p>\n<p>Descobre o penso EVAX mais adequado para ti.<\/p>\n<p>Veja mais em <a href=\"https:\/\/www.ateti.pt\/loja\/categoria\/higiene-e-limpeza\/higiene\/higiene-feminina\/\">Higiene Feminina<\/a><\/p>\n","protected":false},"excerpt":{"rendered":"<p>0,16\u20ac\/un<\/p>\n","protected":false},"featured_media":43690,"comment_status":"closed","ping_status":"closed","template":"","meta":{"_themeisle_gutenberg_block_has_review":false},"product_brand":[],"product_cat":[203,190,230],"product_tag":[593],"woo-feed-brand":[],"class_list":{"0":"post-43621","1":"product","2":"type-product","3":"status-publish","4":"has-post-thumbnail","6":"product_cat-beleza-e-higiene","7":"product_cat-desinfetantes-e-limpeza","8":"product_cat-higiene-feminina","9":"product_tag-novidades","10":"ts_product_brand-evax","12":"first","13":"instock","14":"taxable","15":"shipping-taxable","16":"purchasable","17":"product-type-simple"},"_links":{"self":[{"href":"https:\/\/www.ateti.pt\/loja\/wp-json\/wp\/v2\/product\/43621","targetHints":{"allow":["GET"]}}],"collection":[{"href":"https:\/\/www.ateti.pt\/loja\/wp-json\/wp\/v2\/product"}],"about":[{"href":"https:\/\/www.ateti.pt\/loja\/wp-json\/wp\/v2\/types\/product"}],"replies":[{"embeddable":true,"href":"https:\/\/www.ateti.pt\/loja\/wp-json\/wp\/v2\/comments?post=43621"}],"wp:featuredmedia":[{"embeddable":true,"href":"https:\/\/www.ateti.pt\/loja\/wp-json\/wp\/v2\/media\/43690"}],"wp:attachment":[{"href":"https:\/\/www.ateti.pt\/loja\/wp-json\/wp\/v2\/media?parent=43621"}],"wp:term":[{"taxonomy":"product_brand","embeddable":true,"href":"https:\/\/www.ateti.pt\/loja\/wp-json\/wp\/v2\/product_brand?post=43621"},{"taxonomy":"product_cat","embeddable":true,"href":"https:\/\/www.ateti.pt\/loja\/wp-json\/wp\/v2\/product_cat?post=43621"},{"taxonomy":"product_tag","embeddable":true,"href":"https:\/\/www.ateti.pt\/loja\/wp-json\/wp\/v2\/product_tag?post=43621"},{"taxonomy":"woo-feed-brand","embeddable":true,"href":"https:\/\/www.ateti.pt\/loja\/wp-json\/wp\/v2\/woo-feed-brand?post=43621"}],"curies":[{"name":"wp","href":"https:\/\/api.w.org\/{rel}","templated":true}]}}