{"id":43618,"date":"2022-08-18T12:28:52","date_gmt":"2022-08-18T11:28:52","guid":{"rendered":"https:\/\/www.ateti.pt\/loja\/?post_type=product&#038;p=43618"},"modified":"2024-08-21T12:59:06","modified_gmt":"2024-08-21T11:59:06","slug":"copo-para-gin-plastico-reutilizavel-masterchef-3un","status":"publish","type":"product","link":"https:\/\/www.ateti.pt\/loja\/produto\/copo-para-gin-plastico-reutilizavel-masterchef-3un\/","title":{"rendered":"Copos para Gin Pl\u00e1stico Reutiliz\u00e1vel 3un MasterChef"},"content":{"rendered":"<p><strong>Copos para Gin Pl\u00e1stico Reutiliz\u00e1vel MasterChef<\/strong><\/p>\n<p><strong>Quantidade: <\/strong>3un<\/p>\n<p><em>Copo de 50cl<\/em><\/p>\n<p><em>Produto Reutiliz\u00e1vel\u00a0<\/em><\/p>\n<p>Ideal para servir gin t\u00f3nico, cocktails, bebidas tropicais e sumos de fruta.<\/p>\n","protected":false},"excerpt":{"rendered":"<p>1,53\u20ac\/un<\/p>\n","protected":false},"featured_media":43688,"comment_status":"closed","ping_status":"closed","template":"","meta":{"_themeisle_gutenberg_block_has_review":false},"product_brand":[],"product_cat":[237,653,706],"product_tag":[593],"woo-feed-brand":[],"class_list":{"0":"post-43618","1":"product","2":"type-product","3":"status-publish","4":"has-post-thumbnail","6":"product_cat-casa-jardim","7":"product_cat-festas-e-eventos","8":"product_cat-utilitarios-de-casa","9":"product_tag-novidades","10":"ts_product_brand-masterchef","12":"first","13":"instock","14":"taxable","15":"shipping-taxable","16":"purchasable","17":"product-type-simple"},"_links":{"self":[{"href":"https:\/\/www.ateti.pt\/loja\/wp-json\/wp\/v2\/product\/43618","targetHints":{"allow":["GET"]}}],"collection":[{"href":"https:\/\/www.ateti.pt\/loja\/wp-json\/wp\/v2\/product"}],"about":[{"href":"https:\/\/www.ateti.pt\/loja\/wp-json\/wp\/v2\/types\/product"}],"replies":[{"embeddable":true,"href":"https:\/\/www.ateti.pt\/loja\/wp-json\/wp\/v2\/comments?post=43618"}],"wp:featuredmedia":[{"embeddable":true,"href":"https:\/\/www.ateti.pt\/loja\/wp-json\/wp\/v2\/media\/43688"}],"wp:attachment":[{"href":"https:\/\/www.ateti.pt\/loja\/wp-json\/wp\/v2\/media?parent=43618"}],"wp:term":[{"taxonomy":"product_brand","embeddable":true,"href":"https:\/\/www.ateti.pt\/loja\/wp-json\/wp\/v2\/product_brand?post=43618"},{"taxonomy":"product_cat","embeddable":true,"href":"https:\/\/www.ateti.pt\/loja\/wp-json\/wp\/v2\/product_cat?post=43618"},{"taxonomy":"product_tag","embeddable":true,"href":"https:\/\/www.ateti.pt\/loja\/wp-json\/wp\/v2\/product_tag?post=43618"},{"taxonomy":"woo-feed-brand","embeddable":true,"href":"https:\/\/www.ateti.pt\/loja\/wp-json\/wp\/v2\/woo-feed-brand?post=43618"}],"curies":[{"name":"wp","href":"https:\/\/api.w.org\/{rel}","templated":true}]}}