{"id":43615,"date":"2022-08-18T12:16:03","date_gmt":"2022-08-18T11:16:03","guid":{"rendered":"https:\/\/www.ateti.pt\/loja\/?post_type=product&#038;p=43615"},"modified":"2023-03-29T15:34:35","modified_gmt":"2023-03-29T14:34:35","slug":"pao-ralado-solibom-250g","status":"publish","type":"product","link":"https:\/\/www.ateti.pt\/loja\/produto\/pao-ralado-solibom-250g\/","title":{"rendered":"P\u00e3o Ralado 250g Solibom"},"content":{"rendered":"<p><strong>P\u00e3o Ralado Solibom<\/strong><\/p>\n<p><strong>Quantidade:<\/strong> 250g<\/p>\n<p><strong>Ingredientes:\u00a0<\/strong>Farinha de trigo, levedura, \u00e1gua e sal. Cont\u00e9m gl\u00faten. Pode conter soja e produtos \u00e0 base de soja.<\/p>\n<p><strong>Declara\u00e7\u00e3o Nutricional (por 100g):\u00a0<\/strong>Energia: 1548kj\/365kcal; L\u00edpidos: 1,6g; dos quais Saturados: 0,5g; Hidratos de Carbono: 75g; dos quais A\u00e7\u00facares: 2,6g; Prote\u00ednas: 11g; Sal: 0,6g.<\/p>\n","protected":false},"excerpt":{"rendered":"<p>3,16\u20ac\/kg<\/p>\n","protected":false},"featured_media":43687,"comment_status":"closed","ping_status":"closed","template":"","meta":{"_themeisle_gutenberg_block_has_review":false},"product_brand":[],"product_cat":[176,132],"product_tag":[593],"woo-feed-brand":[],"class_list":{"0":"post-43615","1":"product","2":"type-product","3":"status-publish","4":"has-post-thumbnail","6":"product_cat-diversos","7":"product_cat-mercearia","8":"product_tag-novidades","10":"first","11":"instock","12":"taxable","13":"shipping-taxable","14":"purchasable","15":"product-type-simple"},"_links":{"self":[{"href":"https:\/\/www.ateti.pt\/loja\/wp-json\/wp\/v2\/product\/43615","targetHints":{"allow":["GET"]}}],"collection":[{"href":"https:\/\/www.ateti.pt\/loja\/wp-json\/wp\/v2\/product"}],"about":[{"href":"https:\/\/www.ateti.pt\/loja\/wp-json\/wp\/v2\/types\/product"}],"replies":[{"embeddable":true,"href":"https:\/\/www.ateti.pt\/loja\/wp-json\/wp\/v2\/comments?post=43615"}],"wp:featuredmedia":[{"embeddable":true,"href":"https:\/\/www.ateti.pt\/loja\/wp-json\/wp\/v2\/media\/43687"}],"wp:attachment":[{"href":"https:\/\/www.ateti.pt\/loja\/wp-json\/wp\/v2\/media?parent=43615"}],"wp:term":[{"taxonomy":"product_brand","embeddable":true,"href":"https:\/\/www.ateti.pt\/loja\/wp-json\/wp\/v2\/product_brand?post=43615"},{"taxonomy":"product_cat","embeddable":true,"href":"https:\/\/www.ateti.pt\/loja\/wp-json\/wp\/v2\/product_cat?post=43615"},{"taxonomy":"product_tag","embeddable":true,"href":"https:\/\/www.ateti.pt\/loja\/wp-json\/wp\/v2\/product_tag?post=43615"},{"taxonomy":"woo-feed-brand","embeddable":true,"href":"https:\/\/www.ateti.pt\/loja\/wp-json\/wp\/v2\/woo-feed-brand?post=43615"}],"curies":[{"name":"wp","href":"https:\/\/api.w.org\/{rel}","templated":true}]}}