{"id":43589,"date":"2022-08-17T18:30:22","date_gmt":"2022-08-17T17:30:22","guid":{"rendered":"https:\/\/www.ateti.pt\/loja\/?post_type=product&#038;p=43589"},"modified":"2023-11-21T11:41:51","modified_gmt":"2023-11-21T10:41:51","slug":"salsichas-aves-frasco-izidoro-5un","status":"publish","type":"product","link":"https:\/\/www.ateti.pt\/loja\/produto\/salsichas-aves-frasco-izidoro-5un\/","title":{"rendered":"Salsichas Aves Frasco 5un Izidoro"},"content":{"rendered":"<p><strong>Salsichas Aves Frasco Izidoro<\/strong><\/p>\n<p><strong>Quantidade:<\/strong> 5un<\/p>\n<p><strong>Prepara\u00e7\u00e3o:\u00a0<\/strong><em>Fog\u00e3o:\u00a0<\/em>Mergulhar em \u00e1gua quente durante 5minutos sem deixar ferver e servir imediatamente.\u00a0<em>Microondas:\u00a0<\/em>Retirar as salsichas do frasco e colocar no microondas em recipiente apropriado durante 1minuto (500W).<\/p>\n<p><strong>Ingredientes:\u00a0<\/strong>Carne separada mecanicamente de aves (origem UE), \u00e1gua, carne de aves, prote\u00edna de soja, amido, sal, emulsionante (trifosfato), dextrose, especiarias, intensificador de sabor (glutamato monoss\u00f3dico), antioxidante (eritorbato de s\u00f3dio) e conservante (nitrito de s\u00f3dio).<\/p>\n<p><strong>Declara\u00e7\u00e3o Nutricional (por 100g):\u00a0<\/strong>Energia: 568kj\/139Kcal; L\u00edpidos: 9,0g; dos quais Saturados: 3,0g; Hidratos de Carbono: 2,5g; dos quais A\u00e7\u00facares: &lt;0,5g; Prote\u00ednas: 12g; Sal: 1,3g.<\/p>\n","protected":false},"excerpt":{"rendered":"<p>0,46\u20ac\/un<\/p>\n","protected":false},"featured_media":43684,"comment_status":"closed","ping_status":"closed","template":"","meta":{"_themeisle_gutenberg_block_has_review":false},"product_brand":[],"product_cat":[155,199,132],"product_tag":[],"woo-feed-brand":[],"class_list":{"0":"post-43589","1":"product","2":"type-product","3":"status-publish","4":"has-post-thumbnail","6":"product_cat-conservas","7":"product_cat-frascos-e-latas","8":"product_cat-mercearia","9":"ts_product_brand-izidoro","11":"first","12":"instock","13":"taxable","14":"shipping-taxable","15":"purchasable","16":"product-type-simple"},"_links":{"self":[{"href":"https:\/\/www.ateti.pt\/loja\/wp-json\/wp\/v2\/product\/43589","targetHints":{"allow":["GET"]}}],"collection":[{"href":"https:\/\/www.ateti.pt\/loja\/wp-json\/wp\/v2\/product"}],"about":[{"href":"https:\/\/www.ateti.pt\/loja\/wp-json\/wp\/v2\/types\/product"}],"replies":[{"embeddable":true,"href":"https:\/\/www.ateti.pt\/loja\/wp-json\/wp\/v2\/comments?post=43589"}],"wp:featuredmedia":[{"embeddable":true,"href":"https:\/\/www.ateti.pt\/loja\/wp-json\/wp\/v2\/media\/43684"}],"wp:attachment":[{"href":"https:\/\/www.ateti.pt\/loja\/wp-json\/wp\/v2\/media?parent=43589"}],"wp:term":[{"taxonomy":"product_brand","embeddable":true,"href":"https:\/\/www.ateti.pt\/loja\/wp-json\/wp\/v2\/product_brand?post=43589"},{"taxonomy":"product_cat","embeddable":true,"href":"https:\/\/www.ateti.pt\/loja\/wp-json\/wp\/v2\/product_cat?post=43589"},{"taxonomy":"product_tag","embeddable":true,"href":"https:\/\/www.ateti.pt\/loja\/wp-json\/wp\/v2\/product_tag?post=43589"},{"taxonomy":"woo-feed-brand","embeddable":true,"href":"https:\/\/www.ateti.pt\/loja\/wp-json\/wp\/v2\/woo-feed-brand?post=43589"}],"curies":[{"name":"wp","href":"https:\/\/api.w.org\/{rel}","templated":true}]}}