{"id":43580,"date":"2022-08-17T17:45:46","date_gmt":"2022-08-17T16:45:46","guid":{"rendered":"https:\/\/www.ateti.pt\/loja\/?post_type=product&#038;p=43580"},"modified":"2025-05-08T12:56:19","modified_gmt":"2025-05-08T11:56:19","slug":"luvas-universais-m-l-amanhecer-1un","status":"publish","type":"product","link":"https:\/\/www.ateti.pt\/loja\/produto\/luvas-universais-m-l-amanhecer-1un\/","title":{"rendered":"Luvas Universais M\/L 1un Amanhecer"},"content":{"rendered":"<p><strong>Luvas Universais M\/L Amanhecer<\/strong><\/p>\n<p><strong>Quantidade:<\/strong> 1un<\/p>\n<p><em>100% L\u00e1tex Natural para todas as tarefas do lar.<\/em><\/p>\n<p><em>As luvas universais amanhecer, fabricadas em l\u00e1tex natural, protegem da ac\u00e7\u00e3o dos detergentes dom\u00e9sticos e das diferen\u00e7as de temperatura da \u00e1gua, mantendo a beleza e suavidade das m\u00e3os.<\/em><\/p>\n<p><em>Interior revestido a algod\u00e3o; Exterior anti-deslizante; Imperme\u00e1veis; Confort\u00e1veis de usar e resistentes.<\/em><\/p>\n<p><strong>Conselhos de Utiliza\u00e7\u00e3o:\u00a0<\/strong>Lave as m\u00e3os antes de as retirar; Deixe-as secar, mantendo-as afastadas de qualquer fonte de calor; Evite o contacto com o petr\u00f3leo, parafina ou terebentina; Para uma conserva\u00e7\u00e3o adequada, as luvas devem manter-se esticadas, protegidas da luz solar ou artificial e ao abrigo de fontes de calor.<\/p>\n","protected":false},"excerpt":{"rendered":"<p>1,89\u20ac\/un<\/p>\n","protected":false},"featured_media":43679,"comment_status":"closed","ping_status":"closed","template":"","meta":{"_themeisle_gutenberg_block_has_review":false},"product_brand":[],"product_cat":[192,237,190,706],"product_tag":[593],"woo-feed-brand":[],"class_list":{"0":"post-43580","1":"product","2":"type-product","3":"status-publish","4":"has-post-thumbnail","6":"product_cat-acessorios-de-cozinha-casa-de-banho","7":"product_cat-casa-jardim","8":"product_cat-desinfetantes-e-limpeza","9":"product_cat-utilitarios-de-casa","10":"product_tag-novidades","11":"ts_product_brand-amanhecer","13":"first","14":"instock","15":"taxable","16":"shipping-taxable","17":"purchasable","18":"product-type-simple"},"_links":{"self":[{"href":"https:\/\/www.ateti.pt\/loja\/wp-json\/wp\/v2\/product\/43580","targetHints":{"allow":["GET"]}}],"collection":[{"href":"https:\/\/www.ateti.pt\/loja\/wp-json\/wp\/v2\/product"}],"about":[{"href":"https:\/\/www.ateti.pt\/loja\/wp-json\/wp\/v2\/types\/product"}],"replies":[{"embeddable":true,"href":"https:\/\/www.ateti.pt\/loja\/wp-json\/wp\/v2\/comments?post=43580"}],"wp:featuredmedia":[{"embeddable":true,"href":"https:\/\/www.ateti.pt\/loja\/wp-json\/wp\/v2\/media\/43679"}],"wp:attachment":[{"href":"https:\/\/www.ateti.pt\/loja\/wp-json\/wp\/v2\/media?parent=43580"}],"wp:term":[{"taxonomy":"product_brand","embeddable":true,"href":"https:\/\/www.ateti.pt\/loja\/wp-json\/wp\/v2\/product_brand?post=43580"},{"taxonomy":"product_cat","embeddable":true,"href":"https:\/\/www.ateti.pt\/loja\/wp-json\/wp\/v2\/product_cat?post=43580"},{"taxonomy":"product_tag","embeddable":true,"href":"https:\/\/www.ateti.pt\/loja\/wp-json\/wp\/v2\/product_tag?post=43580"},{"taxonomy":"woo-feed-brand","embeddable":true,"href":"https:\/\/www.ateti.pt\/loja\/wp-json\/wp\/v2\/woo-feed-brand?post=43580"}],"curies":[{"name":"wp","href":"https:\/\/api.w.org\/{rel}","templated":true}]}}