{"id":43544,"date":"2022-08-16T17:50:51","date_gmt":"2022-08-16T16:50:51","guid":{"rendered":"https:\/\/www.ateti.pt\/loja\/?post_type=product&#038;p=43544"},"modified":"2025-05-12T09:40:24","modified_gmt":"2025-05-12T08:40:24","slug":"luvas-descartaveis-s-m-amanhecer-10un","status":"publish","type":"product","link":"https:\/\/www.ateti.pt\/loja\/produto\/luvas-descartaveis-s-m-amanhecer-10un\/","title":{"rendered":"Luvas Descart\u00e1veis S\/M 10un Amanhecer"},"content":{"rendered":"<p><strong>Luvas Descart\u00e1veis S\/M Amanhecer<\/strong><\/p>\n<p><strong>Quantidade: <\/strong>10un<\/p>\n<p><em>100% L\u00e1tex Natural<\/em><\/p>\n<p><em>Luvas Finas Ambidestras; F\u00e1cil Coloca\u00e7\u00e3o; Alta Sensibilidade; Aptas para Contacto Alimentar<\/em><\/p>\n<p><strong>Modo de utiliza\u00e7\u00e3o:\u00a0<\/strong>Verificar a integridade do produto antes da sua utiliza\u00e7\u00e3o. Luvas concebidas para um s\u00f3 uso. N\u00e3o reutilizar. Ter as m\u00e3os secas e limpas ao colocar as luvas. Tirar as luvas evitando tocar na parte exterior.<\/p>\n<p><strong>Aten\u00e7\u00e3o:\u00a0<\/strong>Produto n\u00e3o est\u00e9ril. Produto n\u00e3o apto para contacto direto com qu\u00edmicos t\u00f3xicos ou corrosivos, \u00f3leos ou solventes org\u00e2nicos. Manter esta embalagem afastada das crian\u00e7as para evitar o risco de sufoca\u00e7\u00e3o. N\u00e3o aproximar do lume nem de locais sujeitos a elevadas temperaturas. N\u00e3o expor \u00e0 luz direta. Este produto cont\u00e9m l\u00e1tex natural. N\u00e3o apto para pessoas al\u00e9rgicas ao l\u00e1tex.<\/p>\n","protected":false},"excerpt":{"rendered":"<p>0,20\u20ac\/un<\/p>\n","protected":false},"featured_media":43676,"comment_status":"closed","ping_status":"closed","template":"","meta":{"_themeisle_gutenberg_block_has_review":false},"product_brand":[],"product_cat":[192,237,190,706],"product_tag":[593],"woo-feed-brand":[],"class_list":{"0":"post-43544","1":"product","2":"type-product","3":"status-publish","4":"has-post-thumbnail","6":"product_cat-acessorios-de-cozinha-casa-de-banho","7":"product_cat-casa-jardim","8":"product_cat-desinfetantes-e-limpeza","9":"product_cat-utilitarios-de-casa","10":"product_tag-novidades","11":"ts_product_brand-amanhecer","13":"first","14":"instock","15":"taxable","16":"shipping-taxable","17":"purchasable","18":"product-type-simple"},"_links":{"self":[{"href":"https:\/\/www.ateti.pt\/loja\/wp-json\/wp\/v2\/product\/43544","targetHints":{"allow":["GET"]}}],"collection":[{"href":"https:\/\/www.ateti.pt\/loja\/wp-json\/wp\/v2\/product"}],"about":[{"href":"https:\/\/www.ateti.pt\/loja\/wp-json\/wp\/v2\/types\/product"}],"replies":[{"embeddable":true,"href":"https:\/\/www.ateti.pt\/loja\/wp-json\/wp\/v2\/comments?post=43544"}],"wp:featuredmedia":[{"embeddable":true,"href":"https:\/\/www.ateti.pt\/loja\/wp-json\/wp\/v2\/media\/43676"}],"wp:attachment":[{"href":"https:\/\/www.ateti.pt\/loja\/wp-json\/wp\/v2\/media?parent=43544"}],"wp:term":[{"taxonomy":"product_brand","embeddable":true,"href":"https:\/\/www.ateti.pt\/loja\/wp-json\/wp\/v2\/product_brand?post=43544"},{"taxonomy":"product_cat","embeddable":true,"href":"https:\/\/www.ateti.pt\/loja\/wp-json\/wp\/v2\/product_cat?post=43544"},{"taxonomy":"product_tag","embeddable":true,"href":"https:\/\/www.ateti.pt\/loja\/wp-json\/wp\/v2\/product_tag?post=43544"},{"taxonomy":"woo-feed-brand","embeddable":true,"href":"https:\/\/www.ateti.pt\/loja\/wp-json\/wp\/v2\/woo-feed-brand?post=43544"}],"curies":[{"name":"wp","href":"https:\/\/api.w.org\/{rel}","templated":true}]}}