{"id":43436,"date":"2022-08-11T15:45:15","date_gmt":"2022-08-11T14:45:15","guid":{"rendered":"https:\/\/www.ateti.pt\/loja\/?post_type=product&#038;p=43436"},"modified":"2024-04-30T09:43:08","modified_gmt":"2024-04-30T09:43:08","slug":"feijao-manteiga-frasco-neutura-570g","status":"publish","type":"product","link":"https:\/\/www.ateti.pt\/loja\/produto\/feijao-manteiga-frasco-neutura-570g\/","title":{"rendered":"Feij\u00e3o Manteiga Frasco Neutura 570g"},"content":{"rendered":"<p><strong>Feij\u00e3o Manteiga Frasco Neutura 570g<\/strong><\/p>\n<p>Quantidade: 570g<\/p>\n<p><strong>Sugest\u00e3o de receita: Feijoada com Feij\u00e3o Manteiga Frasco Neutura 570g<\/strong><\/p>\n<p><strong>Ingredientes:<\/strong><\/p>\n<p>-400\u00a0g\u00a0entrecosto<br \/>\n-100\u00a0g\u00a0toucinho<br \/>\n-100\u00a0g\u00a0chispe de porco<br \/>\n-100\u00a0g\u00a0orelha de porco cozida<br \/>\n-1\u00a0chouri\u00e7o de sangue<br \/>\n-1\u00a0chouri\u00e7o carne<br \/>\n-2\u00a0c. de ch\u00e1\u00a0sal<br \/>\n-1\u00a0repolho pequeno<br \/>\n-4\u00a0cenouras<br \/>\n-1\u00a0dl\u00a0azeite<br \/>\n-4\u00a0dentes de alho<br \/>\n-1\u00a0cebola grande<br \/>\n-1\u00a0folha de louro<br \/>\n-400\u00a0g\u00a0tomate pelado aos cubos<br \/>\n-0,5\u00a0dl\u00a0polpa de tomate<br \/>\n-410\u00a0g Feij\u00e3o Manteiga Neutura<br \/>\n-1,5\u00a0c. de ch\u00e1\u00a0pimenta preta mo\u00edda<\/p>\n<p>Prepara\u00e7\u00e3o:<\/p>\n<p>1. Num tacho coza as carnes, previamente lavadas, e os chouri\u00e7os em \u00e1gua temperada com 1 c. de ch\u00e1 de sal.<br \/>\n2. \u00c0 medida que v\u00e3o ficando cozidas, retire-as do lume e v\u00e1 cortando aos peda\u00e7os. Reserve o caldo da cozedura<br \/>\n3. Separe as folhas do repolho e lave-as em \u00e1gua corrente. Descasque as cenouras e corte-as em rodelas finas. Coza o repolho e as cenouras ligeiramente em \u00e1gua temperada com 1c. de ch\u00e1 de sal. Retire-as para \u00e1gua fria e reserve.<br \/>\n4.\u00a0Num tacho, refogue em azeite os alhos e a cebola finamente picados e junte a folha de louro. Deixe alourar.<br \/>\n5.\u00a0Acrescente o tomate pelado aos cubos e a polpa de tomate. Deixe apurar.<br \/>\n6.\u00a0Junte as carnes, o feij\u00e3o escorrido e um pouco do caldo da cozedura. Deixe cozinhar durante 10 minutos.<br \/>\n7.\u00a0Acrescente os chouri\u00e7os cortados aos peda\u00e7os e o repolho.<br \/>\n8.\u00a0Tempere com pimenta e deixe apurar em lume m\u00e9dio. Sugest\u00e3o de acompanhamento: arroz branco (cozido com o restante caldo da carne).<\/p>\n<p>Bom apetite!<\/p>\n<p>Veja mais em <a href=\"https:\/\/www.ateti.pt\/loja\/categoria\/mercearia\/leguminosas\/\">Leguminosas<\/a><br \/>\nVeja mais produtos da marca <a href=\"http:\/\/www.neutura.pt\">Neutura<\/a><\/p>\n","protected":false},"excerpt":{"rendered":"<p>1,56\u20ac\/kg<\/p>\n","protected":false},"featured_media":63585,"comment_status":"closed","ping_status":"closed","template":"","meta":{"_themeisle_gutenberg_block_has_review":false},"product_brand":[],"product_cat":[199,196,132],"product_tag":[],"woo-feed-brand":[],"class_list":{"0":"post-43436","1":"product","2":"type-product","3":"status-publish","4":"has-post-thumbnail","6":"product_cat-frascos-e-latas","7":"product_cat-leguminosas","8":"product_cat-mercearia","9":"ts_product_brand-neutura","11":"first","12":"instock","13":"taxable","14":"shipping-taxable","15":"purchasable","16":"product-type-simple"},"_links":{"self":[{"href":"https:\/\/www.ateti.pt\/loja\/wp-json\/wp\/v2\/product\/43436","targetHints":{"allow":["GET"]}}],"collection":[{"href":"https:\/\/www.ateti.pt\/loja\/wp-json\/wp\/v2\/product"}],"about":[{"href":"https:\/\/www.ateti.pt\/loja\/wp-json\/wp\/v2\/types\/product"}],"replies":[{"embeddable":true,"href":"https:\/\/www.ateti.pt\/loja\/wp-json\/wp\/v2\/comments?post=43436"}],"wp:featuredmedia":[{"embeddable":true,"href":"https:\/\/www.ateti.pt\/loja\/wp-json\/wp\/v2\/media\/63585"}],"wp:attachment":[{"href":"https:\/\/www.ateti.pt\/loja\/wp-json\/wp\/v2\/media?parent=43436"}],"wp:term":[{"taxonomy":"product_brand","embeddable":true,"href":"https:\/\/www.ateti.pt\/loja\/wp-json\/wp\/v2\/product_brand?post=43436"},{"taxonomy":"product_cat","embeddable":true,"href":"https:\/\/www.ateti.pt\/loja\/wp-json\/wp\/v2\/product_cat?post=43436"},{"taxonomy":"product_tag","embeddable":true,"href":"https:\/\/www.ateti.pt\/loja\/wp-json\/wp\/v2\/product_tag?post=43436"},{"taxonomy":"woo-feed-brand","embeddable":true,"href":"https:\/\/www.ateti.pt\/loja\/wp-json\/wp\/v2\/woo-feed-brand?post=43436"}],"curies":[{"name":"wp","href":"https:\/\/api.w.org\/{rel}","templated":true}]}}