{"id":43423,"date":"2022-08-11T12:03:53","date_gmt":"2022-08-11T11:03:53","guid":{"rendered":"https:\/\/www.ateti.pt\/loja\/?post_type=product&#038;p=43423"},"modified":"2025-05-16T14:36:43","modified_gmt":"2025-05-16T13:36:43","slug":"grao-bico-frasco-neutura-570g","status":"publish","type":"product","link":"https:\/\/www.ateti.pt\/loja\/produto\/grao-bico-frasco-neutura-570g\/","title":{"rendered":"Gr\u00e3o Bico Frasco Neutura 570g"},"content":{"rendered":"<p><strong>Gr\u00e3o Bico Frasco Neutura<\/strong><\/p>\n<p><strong>Quantidade:<\/strong> 570g<\/p>\n<p>O Gr\u00e3o de Bico \u00e9 uma leguminosa produzida pela planta <em>Cicer arietinum<\/em>, cujo cultivo \u00e9 feito sobretudo na regi\u00e3o do Mediterr\u00e2neo e \u00c1sia<\/p>\n<p>O Gr\u00e3o Bico Frasco Neutura \u00e9 uma leguminosa do mesmo grupo do feij\u00e3o, da soja e da ervilha e \u00e9 uma excelente fonte de c\u00e1lcio, ferro, prote\u00edna, fibras e triptofano.<\/p>\n<p>Por ser muito nutritivo, o consumo de pequenas por\u00e7\u00f5es, em conjunto com uma dieta equilibrada poderia proporcionar diversos benef\u00edcios para a sa\u00fade, prevendo o surgimento de doen\u00e7a cr\u00f3nicas, como a diabetes e o cancro.<\/p>\n<p><strong>Benef\u00edcios:<\/strong><\/p>\n<ol>\n<li>Ajuda a reduzir a absor\u00e7\u00e3o de colesterol;<\/li>\n<li>Fortalece o sistema imunol\u00f3gico;<\/li>\n<li>Ajuda a manter a sa\u00fade dos m\u00fasculos;<\/li>\n<li>Ajuda a combater a depress\u00e3o;<\/li>\n<li>Melhora o tr\u00e2nsito intestinal;<\/li>\n<li>Ajuda a regular o a\u00e7\u00facar no sangue;<\/li>\n<li>Ajuda a prevenir anemias;<\/li>\n<li>Mant\u00e9m\u00a0a sa\u00fade dos ossos e dentes;<\/li>\n<\/ol>\n<p>Sugest\u00e3o de receita : <strong>Salada de gr\u00e3o de bico e atum<\/strong><\/p>\n<p><strong>Ingredientes:<\/strong><\/p>\n<p>4 ovos<br \/>\n1 cebola<br \/>\n1 pepino<br \/>\n1 tomate<br \/>\n2 latas de atum ao natural<br \/>\n1 frasco Gr\u00e3o de Bico Neutura<br \/>\nSalsa q.b.<br \/>\nAzeitonas pretas q.b. (descaro\u00e7adas)<\/p>\n<p><strong>Para o tempero:<\/strong><\/p>\n<p>3 colheres de sopa de azeite<br \/>\n1 c. de sopa com vinagre de vinho branco<br \/>\n1 c. de sobremesa com mostarda em p\u00f3<br \/>\nSal q.b.<br \/>\nPimenta preta q.b.<\/p>\n<p><strong>Prepara\u00e7\u00e3o:<\/strong><\/p>\n<p>Coloque a cozer em \u00e1gua os ovos por 10 minutos.<br \/>\nEntretanto, escorra o atum, o gr\u00e3o de bico e o milho. Reserve.<br \/>\nLave bem o pepino. Fa\u00e7a o mesmo com o tomate.<br \/>\nCorte o tomate em peda\u00e7os. Descasque o pepino e corte-o \u00e0s rodelas finas. Reserve.<br \/>\nCorte as azeitonas em rodelas. Reserve.<br \/>\nPique a cebola grosseiramente. Fa\u00e7a o mesmo com a salsa.<br \/>\nColoque numa saladeira: gr\u00e3o-de-bico, milho, tomate, pepino e cebola. Misture bem.<br \/>\nDepois, misture o azeite, o vinagre e a mostarda, preparando o molho.<br \/>\nMexa bem de forma a incorporar tudo.<br \/>\nTempere com sal e pimenta.<br \/>\nRegue com o molho o preparado anterior e, depois, misture bem.<br \/>\nDistribua por toda a parte o atum escorrido e desfeito. Envolva tudo.<br \/>\nJunte os ovos e as azeitonas.<br \/>\nPolvilhe com salsa e sirva.<\/p>\n<p>Veja mais em <a href=\"https:\/\/www.ateti.pt\/loja\/categoria\/mercearia\/leguminosas\/\">Leguminosas<\/a><\/p>\n","protected":false},"excerpt":{"rendered":"<p>1,56\u20ac\/kg<\/p>\n","protected":false},"featured_media":63586,"comment_status":"closed","ping_status":"closed","template":"","meta":{"_themeisle_gutenberg_block_has_review":false},"product_brand":[],"product_cat":[199,196,132],"product_tag":[],"woo-feed-brand":[],"class_list":{"0":"post-43423","1":"product","2":"type-product","3":"status-publish","4":"has-post-thumbnail","6":"product_cat-frascos-e-latas","7":"product_cat-leguminosas","8":"product_cat-mercearia","9":"ts_product_brand-neutura","11":"first","12":"instock","13":"taxable","14":"shipping-taxable","15":"purchasable","16":"product-type-simple"},"_links":{"self":[{"href":"https:\/\/www.ateti.pt\/loja\/wp-json\/wp\/v2\/product\/43423","targetHints":{"allow":["GET"]}}],"collection":[{"href":"https:\/\/www.ateti.pt\/loja\/wp-json\/wp\/v2\/product"}],"about":[{"href":"https:\/\/www.ateti.pt\/loja\/wp-json\/wp\/v2\/types\/product"}],"replies":[{"embeddable":true,"href":"https:\/\/www.ateti.pt\/loja\/wp-json\/wp\/v2\/comments?post=43423"}],"wp:featuredmedia":[{"embeddable":true,"href":"https:\/\/www.ateti.pt\/loja\/wp-json\/wp\/v2\/media\/63586"}],"wp:attachment":[{"href":"https:\/\/www.ateti.pt\/loja\/wp-json\/wp\/v2\/media?parent=43423"}],"wp:term":[{"taxonomy":"product_brand","embeddable":true,"href":"https:\/\/www.ateti.pt\/loja\/wp-json\/wp\/v2\/product_brand?post=43423"},{"taxonomy":"product_cat","embeddable":true,"href":"https:\/\/www.ateti.pt\/loja\/wp-json\/wp\/v2\/product_cat?post=43423"},{"taxonomy":"product_tag","embeddable":true,"href":"https:\/\/www.ateti.pt\/loja\/wp-json\/wp\/v2\/product_tag?post=43423"},{"taxonomy":"woo-feed-brand","embeddable":true,"href":"https:\/\/www.ateti.pt\/loja\/wp-json\/wp\/v2\/woo-feed-brand?post=43423"}],"curies":[{"name":"wp","href":"https:\/\/api.w.org\/{rel}","templated":true}]}}