{"id":43206,"date":"2023-06-22T11:14:49","date_gmt":"2023-06-22T10:14:49","guid":{"rendered":"https:\/\/www.ateti.pt\/loja\/?post_type=product&#038;p=43206"},"modified":"2026-03-26T16:18:07","modified_gmt":"2026-03-26T16:18:07","slug":"migas-bacalhau-demolhadas-congelado-neutura-1kg","status":"publish","type":"product","link":"https:\/\/www.ateti.pt\/loja\/produto\/migas-bacalhau-demolhadas-congelado-neutura-1kg\/","title":{"rendered":"Bacalhau Desfiado Demolhado Congelado 1Kg Neutura"},"content":{"rendered":"<p><strong>Migas Bacalhau Demolhadas Emb. Congelado Neutura<\/strong><\/p>\n<p><strong>Quantidade: <\/strong>1kg<\/p>\n<p>Nome Cient\u00edfico: Gadus macrocephalus.<\/p>\n<p>Capturado no Pac\u00edfico Nordeste FAO67.<\/p>\n<p>Produzido em Portugal.<\/p>\n<p>Ingredientes: Bacalhau do Pac\u00edfico, \u00e1gua e sal.<\/p>\n<p>Alerg\u00e9nios: Pode conter vest\u00edgios de outros peixes, moluscos e crust\u00e1ceos.<\/p>\n<p><strong>Sugest\u00e3o de receita\u00a0Migas de Paloco Gratinadas com Del\u00edcias do Mar<\/strong><\/p>\n<p><strong>Ingredientes:<\/strong><\/p>\n<p><span class=\"wpurp-recipe-ingredient-quantity\" data-normalized=\"500\" data-fraction=\"\" data-original=\"500\">500<\/span>\u00a0<span class=\"wpurp-recipe-ingredient-unit\" data-original=\"g\">g<\/span>\u00a0<a href=\"https:\/\/www.ateti.pt\/loja\/categoria\/congelados\/peixeemarisco\/\">Migas Bacalhau Demolhadas Emb. Congelado Neutura<\/a><\/p>\n<p><span class=\"wpurp-recipe-ingredient-quantity\" data-normalized=\"120\" data-fraction=\"\" data-original=\"120\">120<\/span>\u00a0<span class=\"wpurp-recipe-ingredient-unit\" data-original=\"g\">g<\/span>\u00a0<span class=\"wpurp-recipe-ingredient-name\">de\u00a0<a href=\"https:\/\/www.ateti.pt\/loja\/categoria\/congelados\/peixeemarisco\/\">del\u00edcias do mar<\/a><\/span><\/p>\n<p><span class=\"wpurp-recipe-ingredient-quantity\" data-normalized=\"800\" data-fraction=\"\" data-original=\"800\">800<\/span>\u00a0<span class=\"wpurp-recipe-ingredient-unit\" data-original=\"g\">g<\/span>\u00a0<span class=\"wpurp-recipe-ingredient-name\">de pur\u00e9 de batata<\/span><\/p>\n<p><span class=\"wpurp-recipe-ingredient-quantity\" data-normalized=\"1\" data-fraction=\"\" data-original=\"1\">1<\/span>\u00a0<span class=\"wpurp-recipe-ingredient-name\"><a href=\"https:\/\/www.ateti.pt\/loja\/categoria\/frutas-e-legumes\/legumes-frescos\/\">alho-franc\u00eas<\/a><\/span><\/p>\n<p><span class=\"wpurp-recipe-ingredient-quantity\" data-normalized=\"1\" data-fraction=\"\" data-original=\"1\">1<\/span>\u00a0<span class=\"wpurp-recipe-ingredient-name\"><a href=\"https:\/\/www.ateti.pt\/loja\/categoria\/frutas-e-legumes\/legumes-frescos\/\">cenoura<\/a><\/span><\/p>\n<p><span class=\"wpurp-recipe-ingredient-quantity\" data-normalized=\"2\" data-fraction=\"\" data-original=\"2\">2<\/span>\u00a0<span class=\"wpurp-recipe-ingredient-name\"><a href=\"https:\/\/www.ateti.pt\/loja\/categoria\/frutas-e-legumes\/legumes-frescos\/\">cebolas<\/a><\/span><\/p>\n<p><span class=\"wpurp-recipe-ingredient-quantity\" data-normalized=\"2\" data-fraction=\"\" data-original=\"2\">2<\/span>\u00a0<span class=\"wpurp-recipe-ingredient-name\"><a href=\"https:\/\/www.ateti.pt\/loja\/categoria\/frutas-e-legumes\/legumes-frescos\/\">dentes de alho<\/a><\/span><\/p>\n<p><span class=\"wpurp-recipe-ingredient-quantity\" data-normalized=\"50\" data-fraction=\"\" data-original=\"50\">50<\/span>\u00a0<span class=\"wpurp-recipe-ingredient-unit\" data-original=\"ml\">ml<\/span>\u00a0<span class=\"wpurp-recipe-ingredient-name\">de\u00a0<a href=\"https:\/\/www.ateti.pt\/loja\/categoria\/mercearia\/azeiteseoleos\/\">azeite<\/a><\/span><\/p>\n<p><span class=\"wpurp-recipe-ingredient-quantity\" data-normalized=\"2\" data-fraction=\"\" data-original=\"2\">2<\/span>\u00a0<span class=\"wpurp-recipe-ingredient-unit\" data-original=\"colheres (sopa)\">colheres (sopa)<\/span>\u00a0<span class=\"wpurp-recipe-ingredient-name\">de\u00a0<a href=\"https:\/\/www.ateti.pt\/loja\/categoria\/mercearia\/temperos-e-molhos\/\">salsa picada<\/a><\/span><\/p>\n<p><span class=\"wpurp-recipe-ingredient-name\"><a href=\"https:\/\/www.ateti.pt\/loja\/categoria\/mercearia\/temperos-e-molhos\/\">Sal e pimenta<\/a>\u00a0q.b<\/span><\/p>\n<p><span class=\"wpurp-recipe-ingredient-name\">Ovo batido para pincelar<\/span><\/p>\n<p><strong>Prepara\u00e7\u00e3o:<\/strong><\/p>\n<div class=\"wpurp-rows-row\">\n<div class=\"wpurp-rows\">\n<div class=\"wpurp-rows-row\">\n<div class=\"wpurp-recipe-instructions\">\n<div class=\"wpurp-recipe-instruction-group-container wpurp-recipe-instruction-group-container-\">\n<div class=\"wpurp-rows\">\n<div class=\"wpurp-rows-row\">\n<div class=\"wpurp-rows\">\n<div class=\"wpurp-rows-row\"><span class=\"wpurp-recipe-instruction-text\">1-Descasque as cebolas, corte-as em meias-luas e aloure-as num tacho com o azeite. Adicione os alhos picados, refogue-os ligeiramente, depois junte a cenoura ralada e o alho-franc\u00eas, cortado em rodelas finas, e misture.<\/span><\/div>\n<div><\/div>\n<\/div>\n<div class=\"wpurp-rows\">\n<div class=\"wpurp-rows-row\"><span class=\"wpurp-recipe-instruction-text\">2-Cozinhe mais um pouco, acrescente as migas, envolva e deixe cozinhar. Por fim, junte as del\u00edcias do mar, cortadas em peda\u00e7os, e a salsa picada. Tempere com sal e pimenta, mexa e retire do lume, quando estiver apurado.<\/span><\/div>\n<div><\/div>\n<\/div>\n<div class=\"wpurp-rows\">\n<div class=\"wpurp-rows-row\"><span class=\"wpurp-recipe-instruction-text\">3-Coloque metade do pur\u00e9 numa travessa de forno e espalhe-o at\u00e9 cobrir o fundo. Disponha o preparado de peixe por cima, espalhe novamente e cubra com o restante pur\u00e9. Pincele toda a superf\u00edcie com ovo batido e leve ao forno, pr\u00e9-aquecido a 180\u00bac, por cerca de 10 minutos. Sirva quente.<\/span><\/div>\n<div><\/div>\n<div>Bom apetite!<\/div>\n<\/div>\n<div><\/div>\n<div>Veja mais em <a href=\"https:\/\/www.ateti.pt\/loja\/categoria\/congelados\/bacalhau-congelado\/\">Bacalhau Congelado<\/a><\/div>\n<\/div>\n<\/div>\n<\/div>\n<\/div>\n<\/div>\n<\/div>\n<\/div>\n","protected":false},"excerpt":{"rendered":"<p>13.49\u20ac\/kg<\/p>\n","protected":false},"featured_media":56730,"comment_status":"closed","ping_status":"closed","template":"","meta":{"_themeisle_gutenberg_block_has_review":false},"product_brand":[],"product_cat":[589,177,891],"product_tag":[],"woo-feed-brand":[],"class_list":{"0":"post-43206","1":"product","2":"type-product","3":"status-publish","4":"has-post-thumbnail","6":"product_cat-bacalhau-congelado","7":"product_cat-congelados","8":"product_cat-iva-zero","10":"first","11":"instock","12":"taxable","13":"shipping-taxable","14":"purchasable","15":"product-type-simple"},"_links":{"self":[{"href":"https:\/\/www.ateti.pt\/loja\/wp-json\/wp\/v2\/product\/43206","targetHints":{"allow":["GET"]}}],"collection":[{"href":"https:\/\/www.ateti.pt\/loja\/wp-json\/wp\/v2\/product"}],"about":[{"href":"https:\/\/www.ateti.pt\/loja\/wp-json\/wp\/v2\/types\/product"}],"replies":[{"embeddable":true,"href":"https:\/\/www.ateti.pt\/loja\/wp-json\/wp\/v2\/comments?post=43206"}],"wp:featuredmedia":[{"embeddable":true,"href":"https:\/\/www.ateti.pt\/loja\/wp-json\/wp\/v2\/media\/56730"}],"wp:attachment":[{"href":"https:\/\/www.ateti.pt\/loja\/wp-json\/wp\/v2\/media?parent=43206"}],"wp:term":[{"taxonomy":"product_brand","embeddable":true,"href":"https:\/\/www.ateti.pt\/loja\/wp-json\/wp\/v2\/product_brand?post=43206"},{"taxonomy":"product_cat","embeddable":true,"href":"https:\/\/www.ateti.pt\/loja\/wp-json\/wp\/v2\/product_cat?post=43206"},{"taxonomy":"product_tag","embeddable":true,"href":"https:\/\/www.ateti.pt\/loja\/wp-json\/wp\/v2\/product_tag?post=43206"},{"taxonomy":"woo-feed-brand","embeddable":true,"href":"https:\/\/www.ateti.pt\/loja\/wp-json\/wp\/v2\/woo-feed-brand?post=43206"}],"curies":[{"name":"wp","href":"https:\/\/api.w.org\/{rel}","templated":true}]}}