{"id":43189,"date":"2022-08-03T17:12:27","date_gmt":"2022-08-03T16:12:27","guid":{"rendered":"https:\/\/www.ateti.pt\/loja\/?post_type=product&#038;p=43189"},"modified":"2023-10-30T12:28:12","modified_gmt":"2023-10-30T11:28:12","slug":"oleo-de-cedro-amanhecer-300ml","status":"publish","type":"product","link":"https:\/\/www.ateti.pt\/loja\/produto\/oleo-de-cedro-amanhecer-300ml\/","title":{"rendered":"\u00d3leo de Cedro 300ml Amanhecer"},"content":{"rendered":"<p><strong>\u00d3leo de Cedro Amanhecer<\/strong><\/p>\n<p><strong>Quantidade: <\/strong>300ml<\/p>\n<p><em>O \u00f3leo de cedro Amanhecer \u00e9 particularmente recomendado para a limpeza, tratamento e prote\u00e7\u00e3o dos seus m\u00f3veis, devolvendo-lhe a cor e brilho originais.<\/em><\/p>\n<p><strong>Ingredientes: 30% e superior:\u00a0<\/strong>Hidrocarbonetos alif\u00e1ticos. Perfume.<\/p>\n<p>Veja mais em <a href=\"https:\/\/www.ateti.pt\/loja\/categoria\/higiene-e-limpeza\/limpeza\/\">Limpeza<\/a><\/p>\n<p>D\u00ea mais vida e proteja a beleza natural dos seus m\u00f3veis e das suas madeiras com o \u00d3leo de Cedro Amanhecer.\u00a0Desenvolvido de forma a garantir um tratamento eficaz e duradouro em todo o tipo de madeiras.\u00a0Limpa, cuida, nutre e protege os seus m\u00f3veis prolongando a sua vida e a sua beleza natural, e mant\u00e9m o agrad\u00e1vel aroma fresco da madeira e do cedro por muito mais tempo.<\/p>\n<p>Modo de uso \u00d3leo de Cedro Amanhecer<br \/>\nUtilizar um pano macio para aplicar o \u00f3leo sobre a superf\u00edcie. Deixar secar bem. Para obter o brilho original passar com um pano macio.<\/p>\n<p>Conselhos<br \/>\nManter fora do alcance das crian\u00e7as. Conservar \u00e0 temperatura ambiente, protegido da luz e calor.<\/p>\n","protected":false},"excerpt":{"rendered":"<p>7,63\u20ac\/l<\/p>\n","protected":false},"featured_media":43415,"comment_status":"closed","ping_status":"closed","template":"","meta":{"_themeisle_gutenberg_block_has_review":false},"product_brand":[],"product_cat":[190,233,204],"product_tag":[593],"woo-feed-brand":[],"class_list":{"0":"post-43189","1":"product","2":"type-product","3":"status-publish","4":"has-post-thumbnail","6":"product_cat-desinfetantes-e-limpeza","7":"product_cat-diversos-limpeza","8":"product_cat-limpeza","9":"product_tag-novidades","10":"ts_product_brand-amanhecer","12":"first","13":"instock","14":"taxable","15":"shipping-taxable","16":"purchasable","17":"product-type-simple"},"_links":{"self":[{"href":"https:\/\/www.ateti.pt\/loja\/wp-json\/wp\/v2\/product\/43189","targetHints":{"allow":["GET"]}}],"collection":[{"href":"https:\/\/www.ateti.pt\/loja\/wp-json\/wp\/v2\/product"}],"about":[{"href":"https:\/\/www.ateti.pt\/loja\/wp-json\/wp\/v2\/types\/product"}],"replies":[{"embeddable":true,"href":"https:\/\/www.ateti.pt\/loja\/wp-json\/wp\/v2\/comments?post=43189"}],"wp:featuredmedia":[{"embeddable":true,"href":"https:\/\/www.ateti.pt\/loja\/wp-json\/wp\/v2\/media\/43415"}],"wp:attachment":[{"href":"https:\/\/www.ateti.pt\/loja\/wp-json\/wp\/v2\/media?parent=43189"}],"wp:term":[{"taxonomy":"product_brand","embeddable":true,"href":"https:\/\/www.ateti.pt\/loja\/wp-json\/wp\/v2\/product_brand?post=43189"},{"taxonomy":"product_cat","embeddable":true,"href":"https:\/\/www.ateti.pt\/loja\/wp-json\/wp\/v2\/product_cat?post=43189"},{"taxonomy":"product_tag","embeddable":true,"href":"https:\/\/www.ateti.pt\/loja\/wp-json\/wp\/v2\/product_tag?post=43189"},{"taxonomy":"woo-feed-brand","embeddable":true,"href":"https:\/\/www.ateti.pt\/loja\/wp-json\/wp\/v2\/woo-feed-brand?post=43189"}],"curies":[{"name":"wp","href":"https:\/\/api.w.org\/{rel}","templated":true}]}}