{"id":43182,"date":"2022-08-03T16:28:14","date_gmt":"2022-08-03T15:28:14","guid":{"rendered":"https:\/\/www.ateti.pt\/loja\/?post_type=product&#038;p=43182"},"modified":"2023-07-21T10:01:11","modified_gmt":"2023-07-21T09:01:11","slug":"batata-doce-frita-amanhecer-150g","status":"publish","type":"product","link":"https:\/\/www.ateti.pt\/loja\/produto\/batata-doce-frita-amanhecer-150g\/","title":{"rendered":"Batata Doce Frita 150g Amanhecer"},"content":{"rendered":"<p><strong>Batata Doce Frita Amanhecer<\/strong><\/p>\n<p><em>Batata doce frita em rodelas<\/em><\/p>\n<p><strong>Quantidade:<\/strong>\u00a0150g<\/p>\n<p><strong>Ingredientes:\u00a0<\/strong>Batata doce laranja, \u00f3leo de girassol com alto teor em \u00e1cido \u00f3leico, sal.<\/p>\n<p><strong>Declara\u00e7\u00e3o Nutricional (por 100g):\u00a0<\/strong>Energia: 2327kj\/559kcal; L\u00edpidos: 37,4g; dos quais Saturados: 4,0g; Hidratos de Carbono: 50,2g; dos quais A\u00e7\u00facares: 11,2g; Fibra: 6,1g; Prote\u00ednas: 2,4g; Sal: 0,4g.<\/p>\n<p>Veja mais em <a href=\"https:\/\/www.ateti.pt\/loja\/categoria\/mercearia\/aperitivos\/\">Aperitivos<\/a><\/p>\n","protected":false},"excerpt":{"rendered":"<p>15.27\u20ac\/kg<\/p>\n","protected":false},"featured_media":43673,"comment_status":"closed","ping_status":"closed","template":"","meta":{"_themeisle_gutenberg_block_has_review":false},"product_brand":[],"product_cat":[206,132],"product_tag":[593],"woo-feed-brand":[],"class_list":{"0":"post-43182","1":"product","2":"type-product","3":"status-publish","4":"has-post-thumbnail","6":"product_cat-aperitivos","7":"product_cat-mercearia","8":"product_tag-novidades","9":"ts_product_brand-amanhecer","11":"first","12":"instock","13":"taxable","14":"shipping-taxable","15":"purchasable","16":"product-type-simple"},"_links":{"self":[{"href":"https:\/\/www.ateti.pt\/loja\/wp-json\/wp\/v2\/product\/43182","targetHints":{"allow":["GET"]}}],"collection":[{"href":"https:\/\/www.ateti.pt\/loja\/wp-json\/wp\/v2\/product"}],"about":[{"href":"https:\/\/www.ateti.pt\/loja\/wp-json\/wp\/v2\/types\/product"}],"replies":[{"embeddable":true,"href":"https:\/\/www.ateti.pt\/loja\/wp-json\/wp\/v2\/comments?post=43182"}],"wp:featuredmedia":[{"embeddable":true,"href":"https:\/\/www.ateti.pt\/loja\/wp-json\/wp\/v2\/media\/43673"}],"wp:attachment":[{"href":"https:\/\/www.ateti.pt\/loja\/wp-json\/wp\/v2\/media?parent=43182"}],"wp:term":[{"taxonomy":"product_brand","embeddable":true,"href":"https:\/\/www.ateti.pt\/loja\/wp-json\/wp\/v2\/product_brand?post=43182"},{"taxonomy":"product_cat","embeddable":true,"href":"https:\/\/www.ateti.pt\/loja\/wp-json\/wp\/v2\/product_cat?post=43182"},{"taxonomy":"product_tag","embeddable":true,"href":"https:\/\/www.ateti.pt\/loja\/wp-json\/wp\/v2\/product_tag?post=43182"},{"taxonomy":"woo-feed-brand","embeddable":true,"href":"https:\/\/www.ateti.pt\/loja\/wp-json\/wp\/v2\/woo-feed-brand?post=43182"}],"curies":[{"name":"wp","href":"https:\/\/api.w.org\/{rel}","templated":true}]}}