{"id":43126,"date":"2022-08-02T10:42:08","date_gmt":"2022-08-02T09:42:08","guid":{"rendered":"https:\/\/www.ateti.pt\/loja\/?post_type=product&#038;p=43126"},"modified":"2025-02-12T17:12:44","modified_gmt":"2025-02-12T17:12:44","slug":"croutons-com-azeite-e-alho-amanhecer-100g","status":"publish","type":"product","link":"https:\/\/www.ateti.pt\/loja\/produto\/croutons-com-azeite-e-alho-amanhecer-100g\/","title":{"rendered":"Croutons com Azeite e Alho 100g Amanhecer"},"content":{"rendered":"<p><strong>Croutons com Azeite e Alho Amanhecer<\/strong><\/p>\n<p><em>P\u00e3o de trigo tostado com azeite (14%) e alho (1,6%)<\/em><\/p>\n<p><strong>Quantidade:<\/strong> 100g<\/p>\n<p><strong>Ingredientes:\u00a0<\/strong>Farinha de trigo tipo 55, azeite, \u00f3leo vegetal de palma, alho, fermento, sal e farinha de malte. Pode conter sementes de s\u00e9samo, soja e mostarda.<\/p>\n<p><strong>Declara\u00e7\u00e3o Nutricional (por 100g):\u00a0<\/strong>Energia: 2042kj\/487kcal; L\u00edpidos: 21,6g; dos quais Saturados: 7,1g; Hidratos de Carbono: 61,5g; dos quais A\u00e7\u00facares: 3,9g; Fibra: 1,9g; Prote\u00ednas: 10,7g; Sal: 1,2g.<\/p>\n","protected":false},"excerpt":{"rendered":"<p>11,90\u20ac\/kg<\/p>\n","protected":false},"featured_media":43671,"comment_status":"closed","ping_status":"closed","template":"","meta":{"_themeisle_gutenberg_block_has_review":false},"product_brand":[],"product_cat":[206,891,132],"product_tag":[593],"woo-feed-brand":[],"class_list":{"0":"post-43126","1":"product","2":"type-product","3":"status-publish","4":"has-post-thumbnail","6":"product_cat-aperitivos","7":"product_cat-iva-zero","8":"product_cat-mercearia","9":"product_tag-novidades","10":"ts_product_brand-amanhecer","12":"first","13":"instock","14":"taxable","15":"shipping-taxable","16":"purchasable","17":"product-type-simple"},"_links":{"self":[{"href":"https:\/\/www.ateti.pt\/loja\/wp-json\/wp\/v2\/product\/43126","targetHints":{"allow":["GET"]}}],"collection":[{"href":"https:\/\/www.ateti.pt\/loja\/wp-json\/wp\/v2\/product"}],"about":[{"href":"https:\/\/www.ateti.pt\/loja\/wp-json\/wp\/v2\/types\/product"}],"replies":[{"embeddable":true,"href":"https:\/\/www.ateti.pt\/loja\/wp-json\/wp\/v2\/comments?post=43126"}],"wp:featuredmedia":[{"embeddable":true,"href":"https:\/\/www.ateti.pt\/loja\/wp-json\/wp\/v2\/media\/43671"}],"wp:attachment":[{"href":"https:\/\/www.ateti.pt\/loja\/wp-json\/wp\/v2\/media?parent=43126"}],"wp:term":[{"taxonomy":"product_brand","embeddable":true,"href":"https:\/\/www.ateti.pt\/loja\/wp-json\/wp\/v2\/product_brand?post=43126"},{"taxonomy":"product_cat","embeddable":true,"href":"https:\/\/www.ateti.pt\/loja\/wp-json\/wp\/v2\/product_cat?post=43126"},{"taxonomy":"product_tag","embeddable":true,"href":"https:\/\/www.ateti.pt\/loja\/wp-json\/wp\/v2\/product_tag?post=43126"},{"taxonomy":"woo-feed-brand","embeddable":true,"href":"https:\/\/www.ateti.pt\/loja\/wp-json\/wp\/v2\/woo-feed-brand?post=43126"}],"curies":[{"name":"wp","href":"https:\/\/api.w.org\/{rel}","templated":true}]}}