{"id":43116,"date":"2022-08-02T09:47:55","date_gmt":"2022-08-02T08:47:55","guid":{"rendered":"https:\/\/www.ateti.pt\/loja\/?post_type=product&#038;p=43116"},"modified":"2025-03-27T15:51:16","modified_gmt":"2025-03-27T15:51:16","slug":"topping-de-morango-branca-de-neve-365g","status":"publish","type":"product","link":"https:\/\/www.ateti.pt\/loja\/produto\/topping-de-morango-branca-de-neve-365g\/","title":{"rendered":"Topping de Morango 365g Branca de Neve"},"content":{"rendered":"<p><strong>Topping de Morango Branca de Neve<\/strong><\/p>\n<p><strong>Quantidade: <\/strong>365g<\/p>\n<p><strong>Ingredientes:\u00a0<\/strong>Xarope de glicose-frutose, polpa de morango (17%), a\u00e7\u00facar, \u00e1gua, espessantes (amido modificado, pectina), regulador de acidez (\u00e1cido c\u00edtrico), aroma, corantes (carminas, betacaroteno), conservante (sorbato de pot\u00e1ssio).<\/p>\n<p><strong>Declara\u00e7\u00e3o Nutricional (por 100g):\u00a0<\/strong>Energia: 1056kj\/249kcal; L\u00edpidos: &lt;0,5g; dos quais Saturados: &lt;0,1g; Hidratos de Carbono: 61g; dos quais A\u00e7\u00facares: 53g; Fibra: &lt;0,5g; Prote\u00ednas: &lt;0,5g; Sal: 0,03g.<\/p>\n<p><em>Delicioso em: gelados, crepes, panquecas e sobremesas em geral.<\/em><\/p>\n","protected":false},"excerpt":{"rendered":"<p>10.93\u20ac\/kg<\/p>\n","protected":false},"featured_media":43668,"comment_status":"closed","ping_status":"closed","template":"","meta":{"_themeisle_gutenberg_block_has_review":false},"product_brand":[],"product_cat":[25,144,132],"product_tag":[593],"woo-feed-brand":[],"class_list":{"0":"post-43116","1":"product","2":"type-product","3":"status-publish","4":"has-post-thumbnail","6":"product_cat-chocolates","7":"product_cat-chocolates-biscoitos-e-cereais","8":"product_cat-mercearia","9":"product_tag-novidades","10":"ts_product_brand-branca-de-neve","12":"first","13":"instock","14":"taxable","15":"shipping-taxable","16":"purchasable","17":"product-type-simple"},"_links":{"self":[{"href":"https:\/\/www.ateti.pt\/loja\/wp-json\/wp\/v2\/product\/43116","targetHints":{"allow":["GET"]}}],"collection":[{"href":"https:\/\/www.ateti.pt\/loja\/wp-json\/wp\/v2\/product"}],"about":[{"href":"https:\/\/www.ateti.pt\/loja\/wp-json\/wp\/v2\/types\/product"}],"replies":[{"embeddable":true,"href":"https:\/\/www.ateti.pt\/loja\/wp-json\/wp\/v2\/comments?post=43116"}],"wp:featuredmedia":[{"embeddable":true,"href":"https:\/\/www.ateti.pt\/loja\/wp-json\/wp\/v2\/media\/43668"}],"wp:attachment":[{"href":"https:\/\/www.ateti.pt\/loja\/wp-json\/wp\/v2\/media?parent=43116"}],"wp:term":[{"taxonomy":"product_brand","embeddable":true,"href":"https:\/\/www.ateti.pt\/loja\/wp-json\/wp\/v2\/product_brand?post=43116"},{"taxonomy":"product_cat","embeddable":true,"href":"https:\/\/www.ateti.pt\/loja\/wp-json\/wp\/v2\/product_cat?post=43116"},{"taxonomy":"product_tag","embeddable":true,"href":"https:\/\/www.ateti.pt\/loja\/wp-json\/wp\/v2\/product_tag?post=43116"},{"taxonomy":"woo-feed-brand","embeddable":true,"href":"https:\/\/www.ateti.pt\/loja\/wp-json\/wp\/v2\/woo-feed-brand?post=43116"}],"curies":[{"name":"wp","href":"https:\/\/api.w.org\/{rel}","templated":true}]}}