{"id":42713,"date":"2022-07-18T17:08:43","date_gmt":"2022-07-18T17:08:43","guid":{"rendered":"https:\/\/www.ateti.pt\/loja\/?post_type=product&#038;p=42713"},"modified":"2024-03-21T09:52:23","modified_gmt":"2024-03-21T09:52:23","slug":"inseticida-spray-375ml-bio-kill","status":"publish","type":"product","link":"https:\/\/www.ateti.pt\/loja\/produto\/inseticida-spray-375ml-bio-kill\/","title":{"rendered":"Inseticida Spray 375ml Bio Kill"},"content":{"rendered":"<p><strong>Inseticida Spray Bio Kill<\/strong><\/p>\n<p><em>O Inseticida Biodegrad\u00e1vel contra todos os insetos dom\u00e9sticos.<\/em><\/p>\n<p><strong>Quantidade:\u00a0<\/strong>375ml<\/p>\n<p><em>Bio Kill mata eficazmente todo e tipo de insetos dom\u00e9sticos, tanto voadores como rastejantes, tais como mosquitos, moscas, vespas, ta\u00e7as, baratas, \u00e1caros, formigas, pulgas, aranhas, etc.<\/em><\/p>\n<p>Bio Kill atua, provocando a morte dos insetos 3 a 4 horas ap\u00f3s a aplica\u00e7\u00e3o, mantendo a sua efici\u00eancia e prote\u00e7\u00e3o do local da aplica\u00e7\u00e3o durante 3 a 4 semanas.<\/p>\n<p>Bio Kill \u00e9 inodoro e degrada-se biologicamente.<\/p>\n<p>Bio Kill \u00e9 facilmente lav\u00e1vel e n\u00e3o utiliza g\u00e1s como propulsor.<\/p>\n<p>Bio Kill \u00e9 econ\u00f3mico devido \u00e0 sua efic\u00e1cia de longa dura\u00e7\u00e3o.<\/p>\n<p>Bio Kill existe em recarga.<\/p>\n","protected":false},"excerpt":{"rendered":"<p>14,91\u20ac\/L<\/p>\n","protected":false},"featured_media":42714,"comment_status":"closed","ping_status":"closed","template":"","meta":{"_themeisle_gutenberg_block_has_review":false},"product_brand":[],"product_cat":[237,706],"product_tag":[593],"woo-feed-brand":[],"class_list":{"0":"post-42713","1":"product","2":"type-product","3":"status-publish","4":"has-post-thumbnail","6":"product_cat-casa-jardim","7":"product_cat-utilitarios-de-casa","8":"product_tag-novidades","9":"ts_product_brand-bio-kill","11":"first","12":"instock","13":"sale","14":"taxable","15":"shipping-taxable","16":"purchasable","17":"product-type-simple"},"_links":{"self":[{"href":"https:\/\/www.ateti.pt\/loja\/wp-json\/wp\/v2\/product\/42713","targetHints":{"allow":["GET"]}}],"collection":[{"href":"https:\/\/www.ateti.pt\/loja\/wp-json\/wp\/v2\/product"}],"about":[{"href":"https:\/\/www.ateti.pt\/loja\/wp-json\/wp\/v2\/types\/product"}],"replies":[{"embeddable":true,"href":"https:\/\/www.ateti.pt\/loja\/wp-json\/wp\/v2\/comments?post=42713"}],"wp:featuredmedia":[{"embeddable":true,"href":"https:\/\/www.ateti.pt\/loja\/wp-json\/wp\/v2\/media\/42714"}],"wp:attachment":[{"href":"https:\/\/www.ateti.pt\/loja\/wp-json\/wp\/v2\/media?parent=42713"}],"wp:term":[{"taxonomy":"product_brand","embeddable":true,"href":"https:\/\/www.ateti.pt\/loja\/wp-json\/wp\/v2\/product_brand?post=42713"},{"taxonomy":"product_cat","embeddable":true,"href":"https:\/\/www.ateti.pt\/loja\/wp-json\/wp\/v2\/product_cat?post=42713"},{"taxonomy":"product_tag","embeddable":true,"href":"https:\/\/www.ateti.pt\/loja\/wp-json\/wp\/v2\/product_tag?post=42713"},{"taxonomy":"woo-feed-brand","embeddable":true,"href":"https:\/\/www.ateti.pt\/loja\/wp-json\/wp\/v2\/woo-feed-brand?post=42713"}],"curies":[{"name":"wp","href":"https:\/\/api.w.org\/{rel}","templated":true}]}}