{"id":42618,"date":"2022-07-14T17:05:52","date_gmt":"2022-07-14T16:05:52","guid":{"rendered":"https:\/\/www.ateti.pt\/loja\/?post_type=product&#038;p=42618"},"modified":"2025-11-12T14:53:42","modified_gmt":"2025-11-12T14:53:42","slug":"azeite-subtil-750ml-gallo","status":"publish","type":"product","link":"https:\/\/www.ateti.pt\/loja\/produto\/azeite-subtil-750ml-gallo\/","title":{"rendered":"Azeite Subtil 750ml Gallo"},"content":{"rendered":"<p><strong>Azeite Subtil Gallo<\/strong><\/p>\n<p><strong>Quantidade:\u00a0<\/strong>750ml<\/p>\n<p>Gallo Azeite garante um sabor extra suave adequado para preparar todos os seus pratos<\/p>\n<p><em>Azeite &#8211; Cont\u00e9m Azeite refinado e Azeite virgem<\/em><\/p>\n<p>&#8220;Azeite constitu\u00eddo exclusivamente por azeites submetidos a um tratamento de refina\u00e7\u00e3o e por azeites obtidos directamente de azeitonas.&#8221;<\/p>\n<p><strong>Declara\u00e7\u00e3o Nutricional (por 100ml):\u00a0<\/strong>Energia: 3367kj\/819kcal; L\u00edpidos: 91g; dos quais Saturados: 14g; Hidratos de Carbono: 0g; dos quais A\u00e7\u00facares: 0g; Prote\u00ednas: 0g; Sal: 0g.<\/p>\n<p><em>Acidez M\u00e1xima: 1%<\/em><\/p>\n","protected":false},"excerpt":{"rendered":"<p>7.72\u20ac\/L<\/p>\n","protected":false},"featured_media":61536,"comment_status":"closed","ping_status":"closed","template":"","meta":{"_themeisle_gutenberg_block_has_review":false},"product_brand":[],"product_cat":[156,891,132],"product_tag":[],"woo-feed-brand":[],"class_list":{"0":"post-42618","1":"product","2":"type-product","3":"status-publish","4":"has-post-thumbnail","6":"product_cat-azeiteseoleos","7":"product_cat-iva-zero","8":"product_cat-mercearia","9":"ts_product_brand-gallo","11":"first","12":"instock","13":"taxable","14":"shipping-taxable","15":"purchasable","16":"product-type-simple"},"_links":{"self":[{"href":"https:\/\/www.ateti.pt\/loja\/wp-json\/wp\/v2\/product\/42618","targetHints":{"allow":["GET"]}}],"collection":[{"href":"https:\/\/www.ateti.pt\/loja\/wp-json\/wp\/v2\/product"}],"about":[{"href":"https:\/\/www.ateti.pt\/loja\/wp-json\/wp\/v2\/types\/product"}],"replies":[{"embeddable":true,"href":"https:\/\/www.ateti.pt\/loja\/wp-json\/wp\/v2\/comments?post=42618"}],"wp:featuredmedia":[{"embeddable":true,"href":"https:\/\/www.ateti.pt\/loja\/wp-json\/wp\/v2\/media\/61536"}],"wp:attachment":[{"href":"https:\/\/www.ateti.pt\/loja\/wp-json\/wp\/v2\/media?parent=42618"}],"wp:term":[{"taxonomy":"product_brand","embeddable":true,"href":"https:\/\/www.ateti.pt\/loja\/wp-json\/wp\/v2\/product_brand?post=42618"},{"taxonomy":"product_cat","embeddable":true,"href":"https:\/\/www.ateti.pt\/loja\/wp-json\/wp\/v2\/product_cat?post=42618"},{"taxonomy":"product_tag","embeddable":true,"href":"https:\/\/www.ateti.pt\/loja\/wp-json\/wp\/v2\/product_tag?post=42618"},{"taxonomy":"woo-feed-brand","embeddable":true,"href":"https:\/\/www.ateti.pt\/loja\/wp-json\/wp\/v2\/woo-feed-brand?post=42618"}],"curies":[{"name":"wp","href":"https:\/\/api.w.org\/{rel}","templated":true}]}}