{"id":42324,"date":"2022-07-07T11:37:21","date_gmt":"2022-07-07T10:37:21","guid":{"rendered":"https:\/\/www.ateti.pt\/loja\/?post_type=product&#038;p=42324"},"modified":"2023-09-21T09:12:42","modified_gmt":"2023-09-21T08:12:42","slug":"racao-para-gato-adulto-esterilizado-peru-e-frango-friskies-15kg-purina","status":"publish","type":"product","link":"https:\/\/www.ateti.pt\/loja\/produto\/racao-para-gato-adulto-esterilizado-peru-e-frango-friskies-15kg-purina\/","title":{"rendered":"Ra\u00e7\u00e3o para Gato Adulto Esterilizado Peru e Frango Friskies 1,5kg Purina"},"content":{"rendered":"<p><strong>Ra\u00e7\u00e3o para Gato Adulto Esterilizado Peru e Frango Friskies Purina<\/strong><\/p>\n<p><em>Friskies Esterilizado com uma saborosa combina\u00e7\u00e3o de peru e frango e com legumes<\/em><\/p>\n<p><strong>Quantidade:\u00a0<\/strong>1,5kg<\/p>\n<p><strong>Composi\u00e7\u00e3o:<\/strong> Cereais, carnes e subprodutos animais (20%, dos quais 2% peru e 2% frango nos croquetes com forma de cubo), extratos de prote\u00edna vegetal, subprodutos de origem vegetal, \u00f3leos e gorduras, subst\u00e2ncias minerais, leveduras, legumes (0,6% legumes desidratados, equivalente a 4% legumes reidratados nos croquetes em forma de disco).<\/p>\n","protected":false},"excerpt":{"rendered":"<p>5,33\u20ac\/kg<\/p>\n","protected":false},"featured_media":42338,"comment_status":"closed","ping_status":"closed","template":"","meta":{"_themeisle_gutenberg_block_has_review":false},"product_brand":[],"product_cat":[234,236],"product_tag":[593],"woo-feed-brand":[],"class_list":{"0":"post-42324","1":"product","2":"type-product","3":"status-publish","4":"has-post-thumbnail","6":"product_cat-animais","7":"product_cat-gatos","8":"product_tag-novidades","9":"ts_product_brand-purina","11":"first","12":"instock","13":"sale","14":"taxable","15":"shipping-taxable","16":"purchasable","17":"product-type-simple"},"_links":{"self":[{"href":"https:\/\/www.ateti.pt\/loja\/wp-json\/wp\/v2\/product\/42324","targetHints":{"allow":["GET"]}}],"collection":[{"href":"https:\/\/www.ateti.pt\/loja\/wp-json\/wp\/v2\/product"}],"about":[{"href":"https:\/\/www.ateti.pt\/loja\/wp-json\/wp\/v2\/types\/product"}],"replies":[{"embeddable":true,"href":"https:\/\/www.ateti.pt\/loja\/wp-json\/wp\/v2\/comments?post=42324"}],"wp:featuredmedia":[{"embeddable":true,"href":"https:\/\/www.ateti.pt\/loja\/wp-json\/wp\/v2\/media\/42338"}],"wp:attachment":[{"href":"https:\/\/www.ateti.pt\/loja\/wp-json\/wp\/v2\/media?parent=42324"}],"wp:term":[{"taxonomy":"product_brand","embeddable":true,"href":"https:\/\/www.ateti.pt\/loja\/wp-json\/wp\/v2\/product_brand?post=42324"},{"taxonomy":"product_cat","embeddable":true,"href":"https:\/\/www.ateti.pt\/loja\/wp-json\/wp\/v2\/product_cat?post=42324"},{"taxonomy":"product_tag","embeddable":true,"href":"https:\/\/www.ateti.pt\/loja\/wp-json\/wp\/v2\/product_tag?post=42324"},{"taxonomy":"woo-feed-brand","embeddable":true,"href":"https:\/\/www.ateti.pt\/loja\/wp-json\/wp\/v2\/woo-feed-brand?post=42324"}],"curies":[{"name":"wp","href":"https:\/\/api.w.org\/{rel}","templated":true}]}}