{"id":42306,"date":"2022-07-07T10:49:04","date_gmt":"2022-07-07T09:49:04","guid":{"rendered":"https:\/\/www.ateti.pt\/loja\/?post_type=product&#038;p=42306"},"modified":"2024-08-19T11:28:54","modified_gmt":"2024-08-19T10:28:54","slug":"racao-para-gato-adulto-salmao-friskies-2kg-purina","status":"publish","type":"product","link":"https:\/\/www.ateti.pt\/loja\/produto\/racao-para-gato-adulto-salmao-friskies-2kg-purina\/","title":{"rendered":"Ra\u00e7\u00e3o para Gato Adulto Salm\u00e3o Friskies 2kg Purina"},"content":{"rendered":"<p><strong>Ra\u00e7\u00e3o para Gato Adulto Salm\u00e3o Friskies Purina<\/strong><\/p>\n<p><em>Friskies com salm\u00e3o e com legumes<\/em><\/p>\n<p><strong>Quantidade:\u00a0<\/strong>2kg<\/p>\n<p><em>Alimento seco completo para gatos adultos<\/em><\/p>\n<p><strong>Composi\u00e7\u00e3o:\u00a0<\/strong>Cereais, carnes e subprodutos animais, extratos de prote\u00edna vegetal, \u00f3leos e gorduras, peixes e subprodutos de peixes (4% salm\u00e3o nos croquetes em forma de peixe), subprodutos de origem vegetal, subt\u00e2ncias minerais, leveduras, legumes (0,6% legumes desidratados, equivalente a 4% legumes reidratados nos croquetes em forma de Y).<\/p>\n<p>&nbsp;<\/p>\n","protected":false},"excerpt":{"rendered":"<p>4,00\u20ac\/kg<\/p>\n","protected":false},"featured_media":42342,"comment_status":"closed","ping_status":"closed","template":"","meta":{"_themeisle_gutenberg_block_has_review":false},"product_brand":[],"product_cat":[234,236],"product_tag":[593],"woo-feed-brand":[],"class_list":{"0":"post-42306","1":"product","2":"type-product","3":"status-publish","4":"has-post-thumbnail","6":"product_cat-animais","7":"product_cat-gatos","8":"product_tag-novidades","9":"ts_product_brand-purina","11":"first","12":"instock","13":"sale","14":"taxable","15":"shipping-taxable","16":"purchasable","17":"product-type-simple"},"_links":{"self":[{"href":"https:\/\/www.ateti.pt\/loja\/wp-json\/wp\/v2\/product\/42306","targetHints":{"allow":["GET"]}}],"collection":[{"href":"https:\/\/www.ateti.pt\/loja\/wp-json\/wp\/v2\/product"}],"about":[{"href":"https:\/\/www.ateti.pt\/loja\/wp-json\/wp\/v2\/types\/product"}],"replies":[{"embeddable":true,"href":"https:\/\/www.ateti.pt\/loja\/wp-json\/wp\/v2\/comments?post=42306"}],"wp:featuredmedia":[{"embeddable":true,"href":"https:\/\/www.ateti.pt\/loja\/wp-json\/wp\/v2\/media\/42342"}],"wp:attachment":[{"href":"https:\/\/www.ateti.pt\/loja\/wp-json\/wp\/v2\/media?parent=42306"}],"wp:term":[{"taxonomy":"product_brand","embeddable":true,"href":"https:\/\/www.ateti.pt\/loja\/wp-json\/wp\/v2\/product_brand?post=42306"},{"taxonomy":"product_cat","embeddable":true,"href":"https:\/\/www.ateti.pt\/loja\/wp-json\/wp\/v2\/product_cat?post=42306"},{"taxonomy":"product_tag","embeddable":true,"href":"https:\/\/www.ateti.pt\/loja\/wp-json\/wp\/v2\/product_tag?post=42306"},{"taxonomy":"woo-feed-brand","embeddable":true,"href":"https:\/\/www.ateti.pt\/loja\/wp-json\/wp\/v2\/woo-feed-brand?post=42306"}],"curies":[{"name":"wp","href":"https:\/\/api.w.org\/{rel}","templated":true}]}}