{"id":42283,"date":"2022-07-07T10:14:30","date_gmt":"2022-07-07T10:14:30","guid":{"rendered":"https:\/\/www.ateti.pt\/loja\/?post_type=product&#038;p=42283"},"modified":"2023-12-14T12:17:06","modified_gmt":"2023-12-14T11:17:06","slug":"racao-para-gato-atum-e-legumes-friskies-400g-purina","status":"publish","type":"product","link":"https:\/\/www.ateti.pt\/loja\/produto\/racao-para-gato-atum-e-legumes-friskies-400g-purina\/","title":{"rendered":"Ra\u00e7\u00e3o para Gato Atum e Legumes Friskies 400g Purina"},"content":{"rendered":"<p><strong>Ra\u00e7\u00e3o para Gato Atum e Legumes Friskies Purina<\/strong><\/p>\n<p><strong>Quantidade: <\/strong>400g<\/p>\n<p><em>Alimento seco completo para gatos adultos<\/em><\/p>\n<p><strong>Composi\u00e7\u00e3o:\u00a0<\/strong>Cereais, carnes e subprodutos animais, extratos de prote\u00edna vegetal, \u00f3leos e gorduras, peixes e subprodutos de peixes (4% atum nos croquetes em forma de peixe), subrpodutos de origem vegetal, subst\u00e2ncias minerais, leveduras, legumes (0,6% legumes desidratados, equivalente a 4% legumes reidratados nos croquetes em forma de Y).<\/p>\n","protected":false},"excerpt":{"rendered":"<p>7.72\u20ac\/kg<\/p>\n","protected":false},"featured_media":42344,"comment_status":"closed","ping_status":"closed","template":"","meta":{"_themeisle_gutenberg_block_has_review":false},"product_brand":[],"product_cat":[234,236],"product_tag":[593],"woo-feed-brand":[],"class_list":{"0":"post-42283","1":"product","2":"type-product","3":"status-publish","4":"has-post-thumbnail","6":"product_cat-animais","7":"product_cat-gatos","8":"product_tag-novidades","9":"ts_product_brand-purina","11":"first","12":"instock","13":"taxable","14":"shipping-taxable","15":"purchasable","16":"product-type-simple"},"_links":{"self":[{"href":"https:\/\/www.ateti.pt\/loja\/wp-json\/wp\/v2\/product\/42283","targetHints":{"allow":["GET"]}}],"collection":[{"href":"https:\/\/www.ateti.pt\/loja\/wp-json\/wp\/v2\/product"}],"about":[{"href":"https:\/\/www.ateti.pt\/loja\/wp-json\/wp\/v2\/types\/product"}],"replies":[{"embeddable":true,"href":"https:\/\/www.ateti.pt\/loja\/wp-json\/wp\/v2\/comments?post=42283"}],"wp:featuredmedia":[{"embeddable":true,"href":"https:\/\/www.ateti.pt\/loja\/wp-json\/wp\/v2\/media\/42344"}],"wp:attachment":[{"href":"https:\/\/www.ateti.pt\/loja\/wp-json\/wp\/v2\/media?parent=42283"}],"wp:term":[{"taxonomy":"product_brand","embeddable":true,"href":"https:\/\/www.ateti.pt\/loja\/wp-json\/wp\/v2\/product_brand?post=42283"},{"taxonomy":"product_cat","embeddable":true,"href":"https:\/\/www.ateti.pt\/loja\/wp-json\/wp\/v2\/product_cat?post=42283"},{"taxonomy":"product_tag","embeddable":true,"href":"https:\/\/www.ateti.pt\/loja\/wp-json\/wp\/v2\/product_tag?post=42283"},{"taxonomy":"woo-feed-brand","embeddable":true,"href":"https:\/\/www.ateti.pt\/loja\/wp-json\/wp\/v2\/woo-feed-brand?post=42283"}],"curies":[{"name":"wp","href":"https:\/\/api.w.org\/{rel}","templated":true}]}}