{"id":42262,"date":"2022-07-06T17:24:56","date_gmt":"2022-07-06T17:24:56","guid":{"rendered":"https:\/\/www.ateti.pt\/loja\/?post_type=product&#038;p=42262"},"modified":"2024-02-09T17:28:40","modified_gmt":"2024-02-09T17:28:40","slug":"racao-para-gato-junior-friskies-400g-purina","status":"publish","type":"product","link":"https:\/\/www.ateti.pt\/loja\/produto\/racao-para-gato-junior-friskies-400g-purina\/","title":{"rendered":"Ra\u00e7\u00e3o para Gato J\u00fanior Friskies 400g Purina"},"content":{"rendered":"<p><strong>Ra\u00e7\u00e3o Gato J\u00fanior Friskies\u00a0 Purina<\/strong><\/p>\n<p><strong>Quantidade: <\/strong>400g<\/p>\n<p><em><strong>Ra\u00e7\u00e3o Gato J\u00fanior Friskies\u00a0 Purina <\/strong>com uma deliciosa combina\u00e7\u00e3o de frango e peru com leite e com legumes. <\/em><\/p>\n<p><em>Alimento seco completo para gatinhos e gatas gestantes\/lactantes.<\/em><\/p>\n<p><strong>Composi\u00e7\u00e3o:\u00a0<\/strong>Cereais, carnes e subprodutos animais (20%, dos quais 2% frango e 2% peru nos croquetes em forma de Y), extrato de prote\u00edna vegetal, \u00f3leos e gorduras, peixes e subprodutos de peixes, legumes (0,9% legumes desidratados, equivalente a 4% legumes reidratados nos croquetes em forma de Y), subst\u00e2ncias minerais, leveduras, leite e produtos l\u00e1cteos (0,7% leite desnatado em p\u00f3, equivalente a 4% leite desnatado reidratado nos croquetes redondos).<\/p>\n","protected":false},"excerpt":{"rendered":"<p>7.22\u20ac\/kg<\/p>\n","protected":false},"featured_media":42346,"comment_status":"closed","ping_status":"closed","template":"","meta":{"_themeisle_gutenberg_block_has_review":false},"product_brand":[],"product_cat":[234,236],"product_tag":[],"woo-feed-brand":[],"class_list":{"0":"post-42262","1":"product","2":"type-product","3":"status-publish","4":"has-post-thumbnail","6":"product_cat-animais","7":"product_cat-gatos","8":"ts_product_brand-purina","10":"first","11":"instock","12":"taxable","13":"shipping-taxable","14":"purchasable","15":"product-type-simple"},"_links":{"self":[{"href":"https:\/\/www.ateti.pt\/loja\/wp-json\/wp\/v2\/product\/42262","targetHints":{"allow":["GET"]}}],"collection":[{"href":"https:\/\/www.ateti.pt\/loja\/wp-json\/wp\/v2\/product"}],"about":[{"href":"https:\/\/www.ateti.pt\/loja\/wp-json\/wp\/v2\/types\/product"}],"replies":[{"embeddable":true,"href":"https:\/\/www.ateti.pt\/loja\/wp-json\/wp\/v2\/comments?post=42262"}],"wp:featuredmedia":[{"embeddable":true,"href":"https:\/\/www.ateti.pt\/loja\/wp-json\/wp\/v2\/media\/42346"}],"wp:attachment":[{"href":"https:\/\/www.ateti.pt\/loja\/wp-json\/wp\/v2\/media?parent=42262"}],"wp:term":[{"taxonomy":"product_brand","embeddable":true,"href":"https:\/\/www.ateti.pt\/loja\/wp-json\/wp\/v2\/product_brand?post=42262"},{"taxonomy":"product_cat","embeddable":true,"href":"https:\/\/www.ateti.pt\/loja\/wp-json\/wp\/v2\/product_cat?post=42262"},{"taxonomy":"product_tag","embeddable":true,"href":"https:\/\/www.ateti.pt\/loja\/wp-json\/wp\/v2\/product_tag?post=42262"},{"taxonomy":"woo-feed-brand","embeddable":true,"href":"https:\/\/www.ateti.pt\/loja\/wp-json\/wp\/v2\/woo-feed-brand?post=42262"}],"curies":[{"name":"wp","href":"https:\/\/api.w.org\/{rel}","templated":true}]}}