{"id":41931,"date":"2022-06-28T17:28:04","date_gmt":"2022-06-28T16:28:04","guid":{"rendered":"https:\/\/www.ateti.pt\/loja\/?post_type=product&#038;p=41931"},"modified":"2026-02-18T16:42:49","modified_gmt":"2026-02-18T16:42:49","slug":"kit-espanador-swiffer-duster","status":"publish","type":"product","link":"https:\/\/www.ateti.pt\/loja\/produto\/kit-espanador-swiffer-duster\/","title":{"rendered":"Kit Espanador Duster Swiffer"},"content":{"rendered":"<p><strong>Kit Espanador Swiffer Duster<\/strong><\/p>\n<p><strong>Cont\u00e9m:\u00a0<\/strong>1 cabo e 4 panos<\/p>\n<p><em>Panos agarra p\u00f3 perfumados<\/em><\/p>\n<p><em>Captura 3 tipos de res\u00edduos: p\u00f3, p\u00ealos e al\u00e9rgenos (de \u00e1caros, mas tamb\u00e9m de c\u00e3es e gatos)<\/em><\/p>\n","protected":false},"excerpt":{"rendered":"<p>4.99\u20ac\/un<\/p>\n","protected":false},"featured_media":42065,"comment_status":"closed","ping_status":"closed","template":"","meta":{"_themeisle_gutenberg_block_has_review":false},"product_brand":[],"product_cat":[190,233,204],"product_tag":[],"woo-feed-brand":[],"class_list":{"0":"post-41931","1":"product","2":"type-product","3":"status-publish","4":"has-post-thumbnail","6":"product_cat-desinfetantes-e-limpeza","7":"product_cat-diversos-limpeza","8":"product_cat-limpeza","9":"ts_product_brand-swiffer","11":"first","12":"instock","13":"taxable","14":"shipping-taxable","15":"purchasable","16":"product-type-simple"},"_links":{"self":[{"href":"https:\/\/www.ateti.pt\/loja\/wp-json\/wp\/v2\/product\/41931","targetHints":{"allow":["GET"]}}],"collection":[{"href":"https:\/\/www.ateti.pt\/loja\/wp-json\/wp\/v2\/product"}],"about":[{"href":"https:\/\/www.ateti.pt\/loja\/wp-json\/wp\/v2\/types\/product"}],"replies":[{"embeddable":true,"href":"https:\/\/www.ateti.pt\/loja\/wp-json\/wp\/v2\/comments?post=41931"}],"wp:featuredmedia":[{"embeddable":true,"href":"https:\/\/www.ateti.pt\/loja\/wp-json\/wp\/v2\/media\/42065"}],"wp:attachment":[{"href":"https:\/\/www.ateti.pt\/loja\/wp-json\/wp\/v2\/media?parent=41931"}],"wp:term":[{"taxonomy":"product_brand","embeddable":true,"href":"https:\/\/www.ateti.pt\/loja\/wp-json\/wp\/v2\/product_brand?post=41931"},{"taxonomy":"product_cat","embeddable":true,"href":"https:\/\/www.ateti.pt\/loja\/wp-json\/wp\/v2\/product_cat?post=41931"},{"taxonomy":"product_tag","embeddable":true,"href":"https:\/\/www.ateti.pt\/loja\/wp-json\/wp\/v2\/product_tag?post=41931"},{"taxonomy":"woo-feed-brand","embeddable":true,"href":"https:\/\/www.ateti.pt\/loja\/wp-json\/wp\/v2\/woo-feed-brand?post=41931"}],"curies":[{"name":"wp","href":"https:\/\/api.w.org\/{rel}","templated":true}]}}