{"id":41797,"date":"2022-06-23T16:35:25","date_gmt":"2022-06-23T16:35:25","guid":{"rendered":"https:\/\/www.ateti.pt\/loja\/?post_type=product&#038;p=41797"},"modified":"2023-10-13T09:55:01","modified_gmt":"2023-10-13T08:55:01","slug":"dum-dum-eletrico-melgas-e-mosquitos-recarga","status":"publish","type":"product","link":"https:\/\/www.ateti.pt\/loja\/produto\/dum-dum-eletrico-melgas-e-mosquitos-recarga\/","title":{"rendered":"Dum Dum El\u00e9trico Melgas e Mosquitos Recarga"},"content":{"rendered":"<p><strong>Dum Dum El\u00e9trico Melgas e Mosquitos Recarga<\/strong><\/p>\n<p><strong>Quantidade:\u00a0<\/strong>18ml<\/p>\n<p><strong>Dura\u00e7\u00e3o:\u00a0<\/strong>Cada recarga dura at\u00e9 45noites (8h por noite). Pode ser utilizado 24h em modo normal. n\u00e3o possui o modo max.<\/p>\n<p><strong>Outros Conselhos:\u00a0<\/strong>A efic\u00e1cia do difusor \u00e9 suficiente para uma divis\u00e3o de 16m2; A efic\u00e1cia ideal \u00e9 obtida 20minutos ap\u00f3s o difusor estar ligado; Se n\u00e3o utilizar o difusor por um longo per\u00edodo de tempo, desenrosque a recarga e coloque a tampa original.<\/p>\n<p>&nbsp;<\/p>\n<p>Consulta mais produtos <a href=\"https:\/\/www.ateti.pt\/loja\/categoria\/casa-jardim\/utilitarios-de-casa\/\">Casa &amp; Jardim<\/a><\/p>\n","protected":false},"excerpt":{"rendered":"<p>6.79\u20ac\/un<\/p>\n","protected":false},"featured_media":42073,"comment_status":"closed","ping_status":"closed","template":"","meta":{"_themeisle_gutenberg_block_has_review":false},"product_brand":[],"product_cat":[237,706],"product_tag":[593],"woo-feed-brand":[],"class_list":{"0":"post-41797","1":"product","2":"type-product","3":"status-publish","4":"has-post-thumbnail","6":"product_cat-casa-jardim","7":"product_cat-utilitarios-de-casa","8":"product_tag-novidades","10":"first","11":"instock","12":"taxable","13":"shipping-taxable","14":"purchasable","15":"product-type-simple"},"_links":{"self":[{"href":"https:\/\/www.ateti.pt\/loja\/wp-json\/wp\/v2\/product\/41797","targetHints":{"allow":["GET"]}}],"collection":[{"href":"https:\/\/www.ateti.pt\/loja\/wp-json\/wp\/v2\/product"}],"about":[{"href":"https:\/\/www.ateti.pt\/loja\/wp-json\/wp\/v2\/types\/product"}],"replies":[{"embeddable":true,"href":"https:\/\/www.ateti.pt\/loja\/wp-json\/wp\/v2\/comments?post=41797"}],"wp:featuredmedia":[{"embeddable":true,"href":"https:\/\/www.ateti.pt\/loja\/wp-json\/wp\/v2\/media\/42073"}],"wp:attachment":[{"href":"https:\/\/www.ateti.pt\/loja\/wp-json\/wp\/v2\/media?parent=41797"}],"wp:term":[{"taxonomy":"product_brand","embeddable":true,"href":"https:\/\/www.ateti.pt\/loja\/wp-json\/wp\/v2\/product_brand?post=41797"},{"taxonomy":"product_cat","embeddable":true,"href":"https:\/\/www.ateti.pt\/loja\/wp-json\/wp\/v2\/product_cat?post=41797"},{"taxonomy":"product_tag","embeddable":true,"href":"https:\/\/www.ateti.pt\/loja\/wp-json\/wp\/v2\/product_tag?post=41797"},{"taxonomy":"woo-feed-brand","embeddable":true,"href":"https:\/\/www.ateti.pt\/loja\/wp-json\/wp\/v2\/woo-feed-brand?post=41797"}],"curies":[{"name":"wp","href":"https:\/\/api.w.org\/{rel}","templated":true}]}}