{"id":41698,"date":"2024-02-27T09:58:40","date_gmt":"2024-02-27T09:58:40","guid":{"rendered":"https:\/\/www.ateti.pt\/loja\/?post_type=product&#038;p=41698"},"modified":"2025-06-09T12:08:29","modified_gmt":"2025-06-09T11:08:29","slug":"refrigerante-ginger-ale-pack-6x25cl-schweppes","status":"publish","type":"product","link":"https:\/\/www.ateti.pt\/loja\/produto\/refrigerante-ginger-ale-pack-6x25cl-schweppes\/","title":{"rendered":"Refrigerante Ginger Ale Pack 6 x 25cl Schweppes"},"content":{"rendered":"<p><strong>Refrigerante Ginger Ale Pack 6 x 25cl Schweppes<\/strong><\/p>\n<p><strong>Quantidade:\u00a0<\/strong>6 x 25cl<\/p>\n<p><em>Bebida refrigerante de extratos vegetais. Com a\u00e7\u00facar e edulcorantes.<\/em><\/p>\n<p><strong>Ingredientes:\u00a0<\/strong>\u00c1gua, a\u00e7\u00facar, di\u00f3xido de carbono, acidificante: \u00e1cido c\u00edtrico, aroma natural de gengibre com outros aromas naturais (0,16%), extrato de malte de cevada, edulcorantes: acesulfame K e sucralose. Sem gl\u00faten.<\/p>\n<p><strong>Declara\u00e7\u00e3o Nutricional (por 100ml):\u00a0<\/strong>Energia: 83kj\/19kcal; L\u00edpidos: 0g; dos quais Saturados: 0g; Hidratos de Carbono: 4,6g; dos quais A\u00e7\u00facares: 4,6g; Prote\u00ednas: 0g; Sal:0g.<\/p>\n<p><strong>Sugest\u00e3o Ginger Ale Schweppes com Hotel\u00e3<\/strong><\/p>\n<p>Cubos de Gelo<br \/>\n2 Partes de Ginger Ale (Refrigerante De Gengibre)<br \/>\n1 Peda\u00e7o de Lim\u00e3o<br \/>\n1 Folha de Folha De Hortel\u00e3<\/p>\n<p><strong>Como misturar<\/strong><br \/>\nEncher um copo com cubos de gelo. Adicionar Refrigerante Ginger Ale Pack 6 x 25 cl. Decorar com lim\u00e3o e folha de hortel\u00e3.<\/p>\n<p>V\u00ea mais em <a href=\"https:\/\/www.ateti.pt\/loja\/categoria\/bebidas\/sumos\/\">Bebidas<\/a><\/p>\n","protected":false},"excerpt":{"rendered":"<p>4.06\u20ac\/l<\/p>\n","protected":false},"featured_media":41699,"comment_status":"closed","ping_status":"closed","template":"","meta":{"_themeisle_gutenberg_block_has_review":false},"product_brand":[],"product_cat":[162,158],"product_tag":[],"woo-feed-brand":[],"class_list":{"0":"post-41698","1":"product","2":"type-product","3":"status-publish","4":"has-post-thumbnail","6":"product_cat-aguas","7":"product_cat-bebidas","8":"ts_product_brand-schweppes","10":"first","11":"instock","12":"taxable","13":"shipping-taxable","14":"purchasable","15":"product-type-simple"},"_links":{"self":[{"href":"https:\/\/www.ateti.pt\/loja\/wp-json\/wp\/v2\/product\/41698","targetHints":{"allow":["GET"]}}],"collection":[{"href":"https:\/\/www.ateti.pt\/loja\/wp-json\/wp\/v2\/product"}],"about":[{"href":"https:\/\/www.ateti.pt\/loja\/wp-json\/wp\/v2\/types\/product"}],"replies":[{"embeddable":true,"href":"https:\/\/www.ateti.pt\/loja\/wp-json\/wp\/v2\/comments?post=41698"}],"wp:featuredmedia":[{"embeddable":true,"href":"https:\/\/www.ateti.pt\/loja\/wp-json\/wp\/v2\/media\/41699"}],"wp:attachment":[{"href":"https:\/\/www.ateti.pt\/loja\/wp-json\/wp\/v2\/media?parent=41698"}],"wp:term":[{"taxonomy":"product_brand","embeddable":true,"href":"https:\/\/www.ateti.pt\/loja\/wp-json\/wp\/v2\/product_brand?post=41698"},{"taxonomy":"product_cat","embeddable":true,"href":"https:\/\/www.ateti.pt\/loja\/wp-json\/wp\/v2\/product_cat?post=41698"},{"taxonomy":"product_tag","embeddable":true,"href":"https:\/\/www.ateti.pt\/loja\/wp-json\/wp\/v2\/product_tag?post=41698"},{"taxonomy":"woo-feed-brand","embeddable":true,"href":"https:\/\/www.ateti.pt\/loja\/wp-json\/wp\/v2\/woo-feed-brand?post=41698"}],"curies":[{"name":"wp","href":"https:\/\/api.w.org\/{rel}","templated":true}]}}