{"id":41482,"date":"2025-01-17T10:00:34","date_gmt":"2025-01-17T10:00:34","guid":{"rendered":"https:\/\/www.ateti.pt\/loja\/?post_type=product&#038;p=41482"},"modified":"2025-04-14T12:59:34","modified_gmt":"2025-04-14T11:59:34","slug":"cereais-linha-flocos-de-arroz-e-trigo-integral-300g-nacional","status":"publish","type":"product","link":"https:\/\/www.ateti.pt\/loja\/produto\/cereais-linha-flocos-de-arroz-e-trigo-integral-300g-nacional\/","title":{"rendered":"Cereais + Linha Flocos de Arroz e Trigo Integral 300g Nacional"},"content":{"rendered":"<p><strong>Cereais + Linha Flocos de Arroz e Trigo Integral Nacional<\/strong><\/p>\n<p><strong>Fonte de fibra e de prazer<\/strong><\/p>\n<blockquote><p>Os saborosos e estaladi\u00e7os, Cereais + Linha Flocos de Arroz e Trigo Integral Nacional s\u00e3o compostos por flocos tostados de arroz e trigo integral. Ajudam a manter a forma, promovendo um controlo natural do peso. Descubra diversas formas de saborear os seus cereais preferidos, combinando com os ingredientes que mais gosta. in <a href=\"https:\/\/nacional.pt\/linha\/?doing_wp_cron=1655154217.5302040576934814453125\">Nacional<\/a><\/p><\/blockquote>\n<p><strong>Quantidade:\u00a0<\/strong>300g<\/p>\n<p><strong>Ingredientes Cereais + Linha Flocos de Arroz e Trigo Integral Nacional: <\/strong>Cereais (arroz e trigo integral (gl\u00faten) 11%) (72%), a\u00e7\u00facar, leite em p\u00f3 magro, gl\u00faten de trigo, extrato de malte (gl\u00faten), g\u00e9rmen de trigo (gl\u00faten), emulsionante (mono e diglicer\u00eddeos de \u00e1cidos gordos), sal, vitaminas (tiamina (B1), riboflavina (B2), niacina (B3), \u00e1cido pantot\u00e9nico (B5), B6, biotina (B8), \u00e1cido f\u00f3lico (B9), B12), e ferro. Pode conter vest\u00edgios de frutos de casca rija e amendoim.<\/p>\n<p><strong>Declara\u00e7\u00e3o Nutricional (por 100g):\u00a0<\/strong>Energia: 1608kj\/379kcal; L\u00edpidos: 2,0g: dos quais Saturados: 1,1g: Hidratos de Carbono: 79g; dos quais A\u00e7\u00facares: 19g; Fibra: 3,2g; Prote\u00ednas: 9,7g; Sal: 0,9g.<\/p>\n<p>Ver mais em <a href=\"https:\/\/www.ateti.pt\/loja\/categoria\/mercearia\/chocolates-biscoitos-e-cereais\/pequeno-almoco-e-cereais\/\">Pequeno Almo\u00e7o e Cereais<\/a><\/p>\n","protected":false},"excerpt":{"rendered":"<p>8.30\u20ac\/kg<\/p>\n","protected":false},"featured_media":41483,"comment_status":"closed","ping_status":"closed","template":"","meta":{"_themeisle_gutenberg_block_has_review":false},"product_brand":[],"product_cat":[144,132,145],"product_tag":[],"woo-feed-brand":[],"class_list":{"0":"post-41482","1":"product","2":"type-product","3":"status-publish","4":"has-post-thumbnail","6":"product_cat-chocolates-biscoitos-e-cereais","7":"product_cat-mercearia","8":"product_cat-pequeno-almoco-e-cereais","9":"ts_product_brand-nacional","11":"first","12":"instock","13":"taxable","14":"shipping-taxable","15":"purchasable","16":"product-type-simple"},"_links":{"self":[{"href":"https:\/\/www.ateti.pt\/loja\/wp-json\/wp\/v2\/product\/41482","targetHints":{"allow":["GET"]}}],"collection":[{"href":"https:\/\/www.ateti.pt\/loja\/wp-json\/wp\/v2\/product"}],"about":[{"href":"https:\/\/www.ateti.pt\/loja\/wp-json\/wp\/v2\/types\/product"}],"replies":[{"embeddable":true,"href":"https:\/\/www.ateti.pt\/loja\/wp-json\/wp\/v2\/comments?post=41482"}],"wp:featuredmedia":[{"embeddable":true,"href":"https:\/\/www.ateti.pt\/loja\/wp-json\/wp\/v2\/media\/41483"}],"wp:attachment":[{"href":"https:\/\/www.ateti.pt\/loja\/wp-json\/wp\/v2\/media?parent=41482"}],"wp:term":[{"taxonomy":"product_brand","embeddable":true,"href":"https:\/\/www.ateti.pt\/loja\/wp-json\/wp\/v2\/product_brand?post=41482"},{"taxonomy":"product_cat","embeddable":true,"href":"https:\/\/www.ateti.pt\/loja\/wp-json\/wp\/v2\/product_cat?post=41482"},{"taxonomy":"product_tag","embeddable":true,"href":"https:\/\/www.ateti.pt\/loja\/wp-json\/wp\/v2\/product_tag?post=41482"},{"taxonomy":"woo-feed-brand","embeddable":true,"href":"https:\/\/www.ateti.pt\/loja\/wp-json\/wp\/v2\/woo-feed-brand?post=41482"}],"curies":[{"name":"wp","href":"https:\/\/api.w.org\/{rel}","templated":true}]}}